{"id":2058,"date":"2025-07-30T17:16:59","date_gmt":"2025-07-30T15:16:59","guid":{"rendered":"https:\/\/www.tpo-eu.com\/vase-produkty\/"},"modified":"2025-08-06T11:41:18","modified_gmt":"2025-08-06T09:41:18","slug":"vase-produkty","status":"publish","type":"page","link":"https:\/\/www.tpo-eu.com\/cs\/vase-produkty\/","title":{"rendered":"Va\u0161e produkty"},"content":{"rendered":"<p>[et_pb_section fb_built=&#8220;1&#8243; next_background_color=&#8220;#ffffff&#8220; _builder_version=&#8220;4.27.4&#8243; background_color=&#8220;#000000&#8243; background_image=&#8220;https:\/\/www.tpo-eu.com\/wp-content\/uploads\/2025\/07\/background-chem.jpg&#8220; parallax=&#8220;on&#8220; custom_padding=&#8220;4vw||2vw||false|false&#8220; bottom_divider_style=&#8220;ramp2&#8243; bottom_divider_height=&#8220;10vw&#8220; bottom_divider_flip=&#8220;horizontal&#8220; locked=&#8220;off&#8220; global_colors_info=&#8220;{}&#8220;][et_pb_row _builder_version=&#8220;4.16&#8243; global_colors_info=&#8220;{}&#8220;][et_pb_column type=&#8220;4_4&#8243; _builder_version=&#8220;4.16&#8243; global_colors_info=&#8220;{}&#8220;][et_pb_heading title=&#8220;@ET-DC@eyJkeW5hbWljIjp0cnVlLCJjb250ZW50IjoicG9zdF90aXRsZSIsInNldHRpbmdzIjp7ImJlZm9yZSI6IiIsImFmdGVyIjoiIiwiZW5hYmxlX2h0bWwiOiJvZmYifX0=@&#8220; _builder_version=&#8220;4.27.4&#8243; _dynamic_attributes=&#8220;title&#8220; _module_preset=&#8220;ddeb8c09-9078-4424-bc15-2efb6572e28e&#8220; title_font=&#8220;Space Grotesk|700|||||||&#8220; title_font_size=&#8220;70px&#8220; locked=&#8220;off&#8220; global_colors_info=&#8220;{}&#8220;][\/et_pb_heading][\/et_pb_column][\/et_pb_row][\/et_pb_section][et_pb_section fb_built=&#8220;1&#8243; _builder_version=&#8220;4.27.4&#8243; _module_preset=&#8220;default&#8220; global_colors_info=&#8220;{}&#8220;][et_pb_row _builder_version=&#8220;4.27.4&#8243; _module_preset=&#8220;default&#8220; global_colors_info=&#8220;{}&#8220;][et_pb_column type=&#8220;4_4&#8243; _builder_version=&#8220;4.27.4&#8243; _module_preset=&#8220;default&#8220; global_colors_info=&#8220;{}&#8220;][et_pb_text _builder_version=&#8220;4.27.4&#8243; _module_preset=&#8220;default&#8220; hover_enabled=&#8220;0&#8243; global_colors_info=&#8220;{}&#8220; sticky_enabled=&#8220;0&#8243;]<\/p>\n<h1><strong>Jak zjist\u00edte, zda va\u0161e produkty obsahuj\u00ed TPO?<\/strong><\/h1>\n<p>Nejprve je d\u016fle\u017eit\u00e9 v\u011bd\u011bt, \u017ee kontrolovat mus\u00edte pouze produkty, kter\u00e9 se vytvrzuj\u00ed pod lampou \u2013 jako jsou gely, BIAB, vrchn\u00ed laky a gelov\u00e9 laky. Produkty, kter\u00e9 se nevytvrzuj\u00ed, jako jsou laky na nehty, p\u011bst\u00edc\u00ed p\u0159\u00edpravky nebo tekutiny, obvykle TPO neobsahuj\u00ed. <\/p>\n<p>Zda produkt obsahuje TPO, z\u00e1vis\u00ed na r\u016fzn\u00fdch faktorech, jako je datum n\u00e1kupu, \u010d\u00edslo \u0161ar\u017ee a konkr\u00e9tn\u00ed d\u00e1vka.<br \/>Nelze to tedy zjistit pomoc\u00ed obecn\u00e9ho seznamu \u2013 mus\u00edte zkontrolovat ka\u017ed\u00fd produkt individu\u00e1ln\u011b.<\/p>\n<p><b>Jak na to?<\/b><br \/>Vezm\u011bte lahvi\u010dku nebo kel\u00edmek a pod\u00edvejte se na seznam slo\u017eek (INCI) na etiket\u011b.<br \/>Zkontrolujte, zda je p\u0159\u00edtomen n\u011bkter\u00fd z n\u00e1sleduj\u00edc\u00edch \u00fadaj\u016f:<\/p>\n<ul>\n<li aria-level=\"1\">Trimethylbenzoyl Diphenylphosphine Oxide<\/li>\n<li aria-level=\"1\">Diphenyl(2,4,6-trimethylbenzoyl) phosphine Oxide<\/li>\n<li aria-level=\"1\">(2,4,6-trimethylbenzoyl) diphenylphosphine Oxide<\/li>\n<\/ul>\n<p>Vyskytuje se tato slo\u017eka na etiket\u011b? Pak produkt obsahuje TPO a <b>od 1. z\u00e1\u0159\u00ed 2025 jej ji\u017e nebude mo\u017en\u00e9 pou\u017e\u00edvat ani prod\u00e1vat<\/b> v Evropsk\u00e9 unii. <\/p>\n<p><b>Pozor:<\/b> N\u011bkdy jsou slo\u017eky uvedeny pod odli\u0161n\u00fdmi nebo komer\u010dn\u00edmi n\u00e1zvy, kter\u00e9 nelze nal\u00e9zt v ofici\u00e1ln\u00edch seznamech.<br \/>Pokud takov\u00fd n\u00e1zev nem\u00e1 uznan\u00e9 \u010d\u00edslo CAS, slo\u017eka ofici\u00e1ln\u011b nespad\u00e1 pod regulaci.<br \/>Bez spr\u00e1vn\u00e9ho \u010d\u00edsla CAS nem\u016f\u017eete s jistotou ur\u010dit, zda je produkt leg\u00e1ln\u011b povolen\u00fd \u010di nikoli.<br \/>V takov\u00e9m p\u0159\u00edpad\u011b je vhodn\u00e9 b\u00fdt obzvl\u00e1\u0161t\u011b opatrn\u00ed a vy\u017e\u00e1dat si dal\u0161\u00ed informace od dodavatele.<\/p>\n<p>[\/et_pb_text][et_pb_image src=&#8220;https:\/\/www.tpo-eu.com\/wp-content\/uploads\/2025\/07\/tpo-table.png&#8220; _builder_version=&#8220;4.27.4&#8243; _module_preset=&#8220;default&#8220; global_colors_info=&#8220;{}&#8220;][\/et_pb_image][et_pb_image _builder_version=&#8220;4.27.4&#8243; _module_preset=&#8220;default&#8220; global_colors_info=&#8220;{}&#8220;][\/et_pb_image][\/et_pb_column][\/et_pb_row][\/et_pb_section]<\/p>\n","protected":false},"excerpt":{"rendered":"<p>Jak zjist\u00edte, zda va\u0161e produkty obsahuj\u00ed TPO? Nejprve je d\u016fle\u017eit\u00e9 v\u011bd\u011bt, \u017ee kontrolovat mus\u00edte pouze produkty, kter\u00e9 se vytvrzuj\u00ed pod lampou \u2013 jako jsou gely, BIAB, vrchn\u00ed laky a gelov\u00e9 laky. Produkty, kter\u00e9 se nevytvrzuj\u00ed, jako jsou laky na nehty, p\u011bst\u00edc\u00ed p\u0159\u00edpravky nebo tekutiny, obvykle TPO neobsahuj\u00ed. Zda produkt obsahuje TPO, z\u00e1vis\u00ed na r\u016fzn\u00fdch faktorech, [&hellip;]<\/p>\n","protected":false},"author":1,"featured_media":0,"parent":0,"menu_order":0,"comment_status":"closed","ping_status":"closed","template":"","meta":{"_et_pb_use_builder":"on","_et_pb_old_content":"","_et_gb_content_width":"","footnotes":""},"class_list":["post-2058","page","type-page","status-publish","hentry"],"_links":{"self":[{"href":"https:\/\/www.tpo-eu.com\/cs\/wp-json\/wp\/v2\/pages\/2058","targetHints":{"allow":["GET"]}}],"collection":[{"href":"https:\/\/www.tpo-eu.com\/cs\/wp-json\/wp\/v2\/pages"}],"about":[{"href":"https:\/\/www.tpo-eu.com\/cs\/wp-json\/wp\/v2\/types\/page"}],"author":[{"embeddable":true,"href":"https:\/\/www.tpo-eu.com\/cs\/wp-json\/wp\/v2\/users\/1"}],"replies":[{"embeddable":true,"href":"https:\/\/www.tpo-eu.com\/cs\/wp-json\/wp\/v2\/comments?post=2058"}],"version-history":[{"count":2,"href":"https:\/\/www.tpo-eu.com\/cs\/wp-json\/wp\/v2\/pages\/2058\/revisions"}],"predecessor-version":[{"id":2063,"href":"https:\/\/www.tpo-eu.com\/cs\/wp-json\/wp\/v2\/pages\/2058\/revisions\/2063"}],"wp:attachment":[{"href":"https:\/\/www.tpo-eu.com\/cs\/wp-json\/wp\/v2\/media?parent=2058"}],"curies":[{"name":"wp","href":"https:\/\/api.w.org\/{rel}","templated":true}]}}