{"id":3080,"date":"2025-08-19T15:00:23","date_gmt":"2025-08-19T13:00:23","guid":{"rendered":"https:\/\/www.tpo-eu.com\/dopad-zakazu-tpo-vas-hlas-se-pocita\/"},"modified":"2025-08-20T16:46:10","modified_gmt":"2025-08-20T14:46:10","slug":"dopad-zakazu-tpo-vas-hlas-se-pocita","status":"publish","type":"page","link":"https:\/\/www.tpo-eu.com\/cs\/dopad-zakazu-tpo-vas-hlas-se-pocita\/","title":{"rendered":"Pr\u016fzkum"},"content":{"rendered":"<p>[et_pb_section fb_built=&#8220;1&#8243; next_background_color=&#8220;#dbe0dd&#8220; _builder_version=&#8220;4.27.4&#8243; background_color=&#8220;#000000&#8243; background_image=&#8220;https:\/\/www.tpo-eu.com\/wp-content\/uploads\/2025\/07\/background-chem.jpg&#8220; parallax=&#8220;on&#8220; custom_padding=&#8220;4vw||2vw||false|false&#8220; bottom_divider_style=&#8220;ramp2&#8243; bottom_divider_height=&#8220;10vw&#8220; bottom_divider_flip=&#8220;horizontal&#8220; locked=&#8220;off&#8220; global_colors_info=&#8220;{}&#8220;][et_pb_row _builder_version=&#8220;4.16&#8243; global_colors_info=&#8220;{}&#8220;][et_pb_column type=&#8220;4_4&#8243; _builder_version=&#8220;4.16&#8243; global_colors_info=&#8220;{}&#8220;][et_pb_heading title=&#8220;Dopad z\u00e1kazu TPO &#8211; V\u00e1\u0161 hlas se po\u010d\u00edt\u00e1!&#8220; _builder_version=&#8220;4.27.4&#8243; _module_preset=&#8220;ddeb8c09-9078-4424-bc15-2efb6572e28e&#8220; title_font=&#8220;Space Grotesk|700|||||||&#8220; title_font_size=&#8220;70px&#8220; hover_enabled=&#8220;0&#8243; locked=&#8220;off&#8220; global_colors_info=&#8220;{}&#8220; sticky_enabled=&#8220;0&#8243;][\/et_pb_heading][\/et_pb_column][\/et_pb_row][\/et_pb_section][et_pb_section fb_built=&#8220;1&#8243; admin_label=&#8220;Lead Generation&#8220; _builder_version=&#8220;4.27.4&#8243; _module_preset=&#8220;default&#8220; background_color=&#8220;#dbe0dd&#8220; custom_padding=&#8220;45px|||||&#8220; locked=&#8220;off&#8220; collapsed=&#8220;off&#8220; global_colors_info=&#8220;{%22#264653%22:%91%22background_color%22%93}&#8220;][et_pb_row custom_padding_last_edited=&#8220;on|desktop&#8220; _builder_version=&#8220;4.24.3&#8243; _module_preset=&#8220;c9cfaba2-2263-4f35-8227-8d16ca8bd1cc&#8220; background_color=&#8220;#FFFFFF&#8220; custom_padding=&#8220;60px|60px|60px|60px|true|true&#8220; custom_padding_tablet=&#8220;30px|30px|30px|30px|true|true&#8220; custom_padding_phone=&#8220;20px|20px|20px|20px|true|true&#8220; border_radii=&#8220;on|6px|6px|6px|6px&#8220; border_radii_tablet=&#8220;on|30px|30px|30px|30px&#8220; border_radii_phone=&#8220;on|20px|20px|20px|20px&#8220; border_radii_last_edited=&#8220;off|desktop&#8220; box_shadow_style=&#8220;preset3&#8243; box_shadow_vertical=&#8220;24px&#8220; box_shadow_blur=&#8220;72px&#8220; box_shadow_spread=&#8220;-12px&#8220; box_shadow_color=&#8220;rgba(0,0,0,0.12)&#8220; global_colors_info=&#8220;{}&#8220;][et_pb_column type=&#8220;4_4&#8243; _builder_version=&#8220;4.16&#8243; _module_preset=&#8220;73121f80-a3ef-4484-8763-c3f18e3c56d2&#8243; global_colors_info=&#8220;{}&#8220;][et_pb_heading _builder_version=&#8220;4.24.3&#8243; _module_preset=&#8220;c33f07d9-41e0-421a-8799-5799df695cce&#8220; title_level=&#8220;h2&#8243; title_font=&#8220;Space Grotesk|Space Grotesk_weight|||||||&#8220; title_text_align=&#8220;center&#8220; title_text_color=&#8220;#0e0c19&#8243; title_font_size=&#8220;50px&#8220; title_line_height=&#8220;1.2em&#8220; custom_margin=&#8220;||10px||false|false&#8220; title_font_size_tablet=&#8220;28px&#8220; title_font_size_phone=&#8220;20px&#8220; locked=&#8220;off&#8220; global_colors_info=&#8220;{}&#8220;][\/et_pb_heading][et_pb_text quote_border_color=&#8220;#2a9d8f&#8220; _builder_version=&#8220;4.27.4&#8243; _module_preset=&#8220;2c55a9c4-feed-423b-9edb-ae0b5b365cac&#8220; text_font=&#8220;Roboto|Roboto_weight|||||||&#8220; text_text_color=&#8220;#3c3a47&#8243; text_font_size=&#8220;16px&#8220; text_line_height=&#8220;1.75em&#8220; link_font=&#8220;|Roboto_weight|||||||&#8220; link_text_color=&#8220;#264653&#8243; quote_font=&#8220;Space Grotesk|Space Grotesk_weight|||||||&#8220; quote_text_color=&#8220;#0e0c19&#8243; header_font=&#8220;Space Grotesk|Space Grotesk_weight|||||||&#8220; header_text_color=&#8220;#0e0c19&#8243; header_font_size=&#8220;72px&#8220; header_line_height=&#8220;1.15em&#8220; header_2_font=&#8220;Space Grotesk|Space Grotesk_weight|||||||&#8220; header_2_text_color=&#8220;#0e0c19&#8243; header_2_font_size=&#8220;50px&#8220; header_2_line_height=&#8220;1.2em&#8220; header_3_font=&#8220;Space Grotesk|Space Grotesk_weight|||||||&#8220; header_3_text_color=&#8220;#0e0c19&#8243; header_3_font_size=&#8220;32px&#8220; header_3_line_height=&#8220;1.3em&#8220; header_4_font=&#8220;Space Grotesk|Space Grotesk_weight|||||||&#8220; header_4_text_color=&#8220;#0e0c19&#8243; header_4_font_size=&#8220;24px&#8220; header_4_line_height=&#8220;1.4em&#8220; header_5_font=&#8220;Space Grotesk|Space Grotesk_weight|||||||&#8220; header_5_text_color=&#8220;#0e0c19&#8243; header_5_font_size=&#8220;18px&#8220; header_5_line_height=&#8220;1.4em&#8220; header_6_font=&#8220;Space Grotesk|Space Grotesk_weight|||||||&#8220; header_6_text_color=&#8220;#0e0c19&#8243; header_6_line_height=&#8220;1.5em&#8220; text_orientation=&#8220;center&#8220; module_alignment=&#8220;center&#8220; custom_margin=&#8220;||||false|false&#8220; text_font_size_tablet=&#8220;15px&#8220; text_font_size_phone=&#8220;14px&#8220; text_font_size_last_edited=&#8220;on|phone&#8220; header_font_size_tablet=&#8220;40px&#8220; header_font_size_phone=&#8220;24px&#8220; header_font_size_last_edited=&#8220;on|desktop&#8220; header_2_font_size_tablet=&#8220;28px&#8220; header_2_font_size_phone=&#8220;20px&#8220; header_2_font_size_last_edited=&#8220;on|phone&#8220; header_3_font_size_tablet=&#8220;22px&#8220; header_3_font_size_phone=&#8220;17px&#8220; header_3_font_size_last_edited=&#8220;on|phone&#8220; header_4_font_size_tablet=&#8220;18px&#8220; header_4_font_size_phone=&#8220;15px&#8220; header_4_font_size_last_edited=&#8220;on|tablet&#8220; header_5_font_size_tablet=&#8220;15px&#8220; header_5_font_size_phone=&#8220;14px&#8220; header_5_font_size_last_edited=&#8220;on|desktop&#8220; header_6_font_size_tablet=&#8220;13px&#8220; header_6_font_size_phone=&#8220;13px&#8220; header_6_font_size_last_edited=&#8220;on|desktop&#8220; locked=&#8220;off&#8220; global_colors_info=&#8220;{}&#8220;]<\/p>\n<div class=\"ff-el-group ff-custom_html\" data-name=\"custom_html-9_1\" tabindex=\"-1\">\n<p style=\"text-align: left;\">D\u00edky va\u0161\u00ed podpo\u0159e jsme s v\u00edce ne\u017e 10000 podpisy uk\u00e1zali, \u017ee odv\u011btv\u00ed se siln\u011b stav\u00ed proti nespravedliv\u00e9mu z\u00e1kazu TPO v kosmetice. Nyn\u00ed chceme tak\u00e9 prok\u00e1zat, kolik n\u00e1s tento z\u00e1kaz ekonomicky stoj\u00ed. <\/p>\n<p style=\"text-align: left;\">S va\u0161\u00ed pomoc\u00ed shrom\u00e1\u017ed\u00edme pot\u0159ebn\u00e1 \u010d\u00edsla k pos\u00edlen\u00ed na\u0161eho p\u0159\u00edpadu u vl\u00e1dy, Evropsk\u00e9 komise a ombudsmana.<\/p>\n<p style=\"text-align: left;\">Va\u0161e odpov\u011bdi budou zpracov\u00e1ny d\u016fv\u011brn\u011b a pou\u017eity v\u00fdhradn\u011b pro tento p\u0159\u00edpad. Vypln\u011bn\u00ed trv\u00e1 pouze 2 minuty. <\/p>\n<p style=\"text-align: left;\">P\u0159edem d\u011bkujeme za va\u0161i podporu!<\/p>\n<\/div>\n<p>[\/et_pb_text][et_pb_text admin_label=&#8220;contactformulier&#8220; _builder_version=&#8220;4.27.4&#8243; _module_preset=&#8220;default&#8220; text_font_size=&#8220;16px&#8220; text_line_height=&#8220;2em&#8220; global_colors_info=&#8220;{}&#8220;]<\/p>\n<div class='fluentform ff-default fluentform_wrapper_9 ffs_default_wrap'><form data-form_id=\"9\" id=\"fluentform_9\" class=\"frm-fluent-form fluent_form_9 ff-el-form-top ff_form_instance_9_1 ff-form-loading ffs_default\" data-form_instance=\"ff_form_instance_9_1\" method=\"POST\" ><fieldset  style=\"border: none!important;margin: 0!important;padding: 0!important;background-color: transparent!important;box-shadow: none!important;outline: none!important; min-inline-size: 100%;\">\n                    <legend class=\"ff_screen_reader_title\" style=\"display: block; margin: 0!important;padding: 0!important;height: 0!important;text-indent: -999999px;width: 0!important;overflow:hidden;\">Impact van het TPO-verbod \u2013 uw stem telt mee<\/legend><input type='hidden' name='__fluent_form_embded_post_id' value='3080' \/><input type=\"hidden\" id=\"_fluentform_9_fluentformnonce\" name=\"_fluentform_9_fluentformnonce\" value=\"7ccba53e0a\" \/><input type=\"hidden\" name=\"_wp_http_referer\" value=\"\/cs\/wp-json\/wp\/v2\/pages\/3080\" \/><div class='ff-el-group'><div class=\"ff-el-input--label ff-el-is-required asterisk-right\"><label   aria-label=\"Zp\u016fsobil v\u00e1m z\u00e1kaz TPO \u0161kodu?\">Zp\u016fsobil v\u00e1m z\u00e1kaz TPO \u0161kodu?<\/label><\/div><div class='ff-el-input--content'><div class='ff-el-form-check ff-el-form-check-'><label class='ff-el-form-check-label' for='tpo_schade_f9a302578af93509f917d869c9d93180'><input  type=\"radio\" name=\"tpo_schade\" data-name=\"tpo_schade\" class=\"ff-el-form-check-input ff-el-form-check-radio\" value=\"ja\"  id='tpo_schade_f9a302578af93509f917d869c9d93180' aria-label='Ano' aria-invalid='false' aria-required=true> <span>Ano<\/span><\/label><\/div><div class='ff-el-form-check ff-el-form-check-'><label class='ff-el-form-check-label' for='tpo_schade_786c639559cfc9507c438093174f6549'><input  type=\"radio\" name=\"tpo_schade\" data-name=\"tpo_schade\" class=\"ff-el-form-check-input ff-el-form-check-radio\" value=\"nee\"  id='tpo_schade_786c639559cfc9507c438093174f6549' aria-label='Ne' aria-invalid='false' aria-required=true> <span>Ne<\/span><\/label><\/div><\/div><\/div><div class='ff-el-group'><div class=\"ff-el-input--label asterisk-right\"><label for='ff_9_geschatte_kost' id='label_ff_9_geschatte_kost' aria-label=\"Pokud ano: jak\u00e9 jsou odhadovan\u00e9 n\u00e1klady pro va\u0161i firmu\/salon?\">Pokud ano: jak\u00e9 jsou odhadovan\u00e9 n\u00e1klady pro va\u0161i firmu\/salon?<\/label><\/div><div class='ff-el-input--content'><select name=\"geschatte_kost\" id=\"ff_9_geschatte_kost\" class=\"ff-el-form-control\" data-name=\"geschatte_kost\" data-calc_value=\"0\"  aria-invalid=\"false\" aria-required=\"false\" aria-labelledby=\"label_ff_9_geschatte_kost\"><option value=\"\">- Vyberte -<\/option><option value=\"minder_dan_1000\"  >M\u00e9n\u011b ne\u017e 1000\u20ac<\/option><option value=\"tussen_1000_5000\"  >Mezi 1000\u20ac a 5000\u20ac<\/option><option value=\"tussen_5000_20000\"  >Mezi 5000\u20ac a 20000\u20ac<\/option><option value=\"meer_dan_20000\"  >V\u00edce ne\u017e 20000\u20ac<\/option><\/select><\/div><\/div><div class='ff-el-group'><div class=\"ff-el-input--label asterisk-right\"><label for='ff_9_toelichting' id='label_ff_9_toelichting' aria-label=\"M\u016f\u017eete poskytnout kr\u00e1tk\u00e9 vysv\u011btlen\u00ed?\">M\u016f\u017eete poskytnout kr\u00e1tk\u00e9 vysv\u011btlen\u00ed?<\/label><\/div><div class='ff-el-input--content'><textarea aria-required=\"false\" aria-labelledby=\"label_ff_9_toelichting\" name=\"toelichting\" id=\"ff_9_toelichting\" class=\"ff-el-form-control\" placeholder=\"nap\u0159. vyhozen\u00e9 produkty, nov\u00e9 etikety, ztr\u00e1ta z\u00e1kazn\u00edk\u016f, \u2026\" rows=\"3\" cols=\"2\" data-name=\"toelichting\" ><\/textarea><\/div><\/div><div class='ff-el-group'><div class=\"ff-el-input--label asterisk-right\"><label   aria-label=\"P\u0159ejete si, aby va\u0161e sv\u011bdectv\u00ed (anonymn\u00ed nebo se jm\u00e9nem) bylo pou\u017eito jako p\u0159\u00edklad v na\u0161em spisu?\">P\u0159ejete si, aby va\u0161e sv\u011bdectv\u00ed (anonymn\u00ed nebo se jm\u00e9nem) bylo pou\u017eito jako p\u0159\u00edklad v na\u0161em spisu?<\/label><\/div><div class='ff-el-input--content'><div class='ff-el-form-check ff-el-form-check-'><label class='ff-el-form-check-label' for='getuigenis_gebruik_19bb8ef5ea3cd87cdab4a0c31e892c16'><input  type=\"radio\" name=\"getuigenis_gebruik\" data-name=\"getuigenis_gebruik\" class=\"ff-el-form-check-input ff-el-form-check-radio\" value=\"ja_met_naam\"  id='getuigenis_gebruik_19bb8ef5ea3cd87cdab4a0c31e892c16' aria-label='Ano, s m\u00fdm jm\u00e9nem' aria-invalid='false' aria-required=false> <span>Ano, s m\u00fdm jm\u00e9nem<\/span><\/label><\/div><div class='ff-el-form-check ff-el-form-check-'><label class='ff-el-form-check-label' for='getuigenis_gebruik_472302aff49b9e7cd1b92c659674097b'><input  type=\"radio\" name=\"getuigenis_gebruik\" data-name=\"getuigenis_gebruik\" class=\"ff-el-form-check-input ff-el-form-check-radio\" value=\"ja_anoniem\"  id='getuigenis_gebruik_472302aff49b9e7cd1b92c659674097b' aria-label='Ano, ale anonymn\u011b' aria-invalid='false' aria-required=false> <span>Ano, ale anonymn\u011b<\/span><\/label><\/div><div class='ff-el-form-check ff-el-form-check-'><label class='ff-el-form-check-label' for='getuigenis_gebruik_1421deb8095d88981132301dedb78778'><input  type=\"radio\" name=\"getuigenis_gebruik\" data-name=\"getuigenis_gebruik\" class=\"ff-el-form-check-input ff-el-form-check-radio\" value=\"nee\"  id='getuigenis_gebruik_1421deb8095d88981132301dedb78778' aria-label='Ne' aria-invalid='false' aria-required=false> <span>Ne<\/span><\/label><\/div><\/div><\/div><div class='ff-el-group'><div class=\"ff-el-input--label asterisk-right\"><label for='ff_9_naam_bedrijfsnaam' id='label_ff_9_naam_bedrijfsnaam' aria-label=\"Jm\u00e9no nebo n\u00e1zev firmy (voliteln\u00e9)\">Jm\u00e9no nebo n\u00e1zev firmy (voliteln\u00e9)<\/label><\/div><div class='ff-el-input--content'><input type=\"text\" name=\"naam_bedrijfsnaam\" class=\"ff-el-form-control\" data-name=\"naam_bedrijfsnaam\" id=\"ff_9_naam_bedrijfsnaam\"  aria-invalid=\"false\" aria-required=false><\/div><\/div><div class='ff-el-group'><div class=\"ff-el-input--label asterisk-right\"><label for='ff_9_emailadres' id='label_ff_9_emailadres' aria-label=\"E-mailov\u00e1 adresa (pro aktualizace o spisu \u2013 nikdy pro komer\u010dn\u00ed \u00fa\u010dely)\">E-mailov\u00e1 adresa (pro aktualizace o spisu \u2013 nikdy pro komer\u010dn\u00ed \u00fa\u010dely)<\/label><\/div><div class='ff-el-input--content'><input type=\"email\" name=\"emailadres\" id=\"ff_9_emailadres\" class=\"ff-el-form-control\" data-name=\"emailadres\"  aria-invalid=\"false\" aria-required=false><\/div><\/div><div class='ff-el-group  ff-custom_html' tabindex='-1' data-name=\"custom_html-9_1\" >D\u011bkujeme v\u00e1m za va\u0161i \u00fa\u010dast. S va\u0161\u00edm p\u0159\u00edsp\u011bvkem pos\u00edl\u00edme n\u00e1\u0161 boj za spravedlivou, p\u0159im\u011b\u0159enou a v\u011bdecky podlo\u017eenou regulaci v kosmetick\u00e9m pr\u016fmyslu. <\/div><div class='ff-el-group ff-text-left ff_submit_btn_wrapper'><button type=\"submit\" class=\"ff-btn ff-btn-submit ff-btn-md ff_btn_style\"  aria-label=\"Verstuur formulier\">Verstuur formulier<\/button><\/div><\/fieldset><\/form><div id='fluentform_9_errors' class='ff-errors-in-stack ff_form_instance_9_1 ff-form-loading_errors ff_form_instance_9_1_errors'><\/div><\/div>            <script type=\"text\/javascript\">\n                window.fluent_form_ff_form_instance_9_1 = {\"id\":\"9\",\"ajaxUrl\":\"https:\\\/\\\/www.tpo-eu.com\\\/wp-admin\\\/admin-ajax.php\",\"settings\":{\"layout\":{\"labelPlacement\":\"top\",\"asteriskPlacement\":\"asterisk-right\",\"helpMessagePlacement\":\"with_label\",\"errorMessagePlacement\":\"inline\",\"cssClassName\":\"\"},\"restrictions\":{\"denyEmptySubmission\":{\"enabled\":false}}},\"form_instance\":\"ff_form_instance_9_1\",\"form_id_selector\":\"fluentform_9\",\"rules\":{\"tpo_schade\":{\"required\":{\"value\":true,\"message\":\"This field is required\",\"global_message\":\"This field is required\",\"global\":true}},\"geschatte_kost\":{\"required\":{\"value\":false,\"message\":\"This field is required\",\"global_message\":\"This field is required\",\"global\":true}},\"toelichting\":{\"required\":{\"value\":false,\"message\":\"This field is required\",\"global_message\":\"This field is required\",\"global\":true}},\"getuigenis_gebruik\":{\"required\":{\"value\":false,\"message\":\"This field is required\",\"global_message\":\"This field is required\",\"global\":true}},\"naam_bedrijfsnaam\":{\"required\":{\"value\":false,\"message\":\"This field is required\",\"global_message\":\"This field is required\",\"global\":true}},\"emailadres\":{\"required\":{\"value\":false,\"message\":\"This field is required\",\"global_message\":\"This field is required\",\"global\":true},\"email\":{\"value\":true,\"message\":\"This field must contain a valid email\",\"global_message\":\"This field must contain a valid email\",\"global\":true}}},\"debounce_time\":300};\n                            <\/script>\n            \n<p>[\/et_pb_text][\/et_pb_column][\/et_pb_row][\/et_pb_section]<\/p>\n","protected":false},"excerpt":{"rendered":"<p>D\u00edky va\u0161\u00ed podpo\u0159e jsme s v\u00edce ne\u017e 10000 podpisy uk\u00e1zali, \u017ee odv\u011btv\u00ed se siln\u011b stav\u00ed proti nespravedliv\u00e9mu z\u00e1kazu TPO v kosmetice. Nyn\u00ed chceme tak\u00e9 prok\u00e1zat, kolik n\u00e1s tento z\u00e1kaz ekonomicky stoj\u00ed. S va\u0161\u00ed pomoc\u00ed shrom\u00e1\u017ed\u00edme pot\u0159ebn\u00e1 \u010d\u00edsla k pos\u00edlen\u00ed na\u0161eho p\u0159\u00edpadu u vl\u00e1dy, Evropsk\u00e9 komise a ombudsmana. Va\u0161e odpov\u011bdi budou zpracov\u00e1ny d\u016fv\u011brn\u011b a pou\u017eity v\u00fdhradn\u011b [&hellip;]<\/p>\n","protected":false},"author":1,"featured_media":0,"parent":0,"menu_order":0,"comment_status":"closed","ping_status":"closed","template":"","meta":{"_et_pb_use_builder":"on","_et_pb_old_content":"","_et_gb_content_width":"","footnotes":""},"class_list":["post-3080","page","type-page","status-publish","hentry"],"_links":{"self":[{"href":"https:\/\/www.tpo-eu.com\/cs\/wp-json\/wp\/v2\/pages\/3080","targetHints":{"allow":["GET"]}}],"collection":[{"href":"https:\/\/www.tpo-eu.com\/cs\/wp-json\/wp\/v2\/pages"}],"about":[{"href":"https:\/\/www.tpo-eu.com\/cs\/wp-json\/wp\/v2\/types\/page"}],"author":[{"embeddable":true,"href":"https:\/\/www.tpo-eu.com\/cs\/wp-json\/wp\/v2\/users\/1"}],"replies":[{"embeddable":true,"href":"https:\/\/www.tpo-eu.com\/cs\/wp-json\/wp\/v2\/comments?post=3080"}],"version-history":[{"count":9,"href":"https:\/\/www.tpo-eu.com\/cs\/wp-json\/wp\/v2\/pages\/3080\/revisions"}],"predecessor-version":[{"id":3385,"href":"https:\/\/www.tpo-eu.com\/cs\/wp-json\/wp\/v2\/pages\/3080\/revisions\/3385"}],"wp:attachment":[{"href":"https:\/\/www.tpo-eu.com\/cs\/wp-json\/wp\/v2\/media?parent=3080"}],"curies":[{"name":"wp","href":"https:\/\/api.w.org\/{rel}","templated":true}]}}