{"id":1473,"date":"2025-07-30T17:16:59","date_gmt":"2025-07-30T15:16:59","guid":{"rendered":"https:\/\/www.tpo-eu.com\/dine-produkter\/"},"modified":"2025-08-04T17:14:59","modified_gmt":"2025-08-04T15:14:59","slug":"dine-produkter","status":"publish","type":"page","link":"https:\/\/www.tpo-eu.com\/da\/dine-produkter\/","title":{"rendered":"Dine produkter"},"content":{"rendered":"<p>[et_pb_section fb_built=&#8221;1&#8243; next_background_color=&#8221;#ffffff&#8221; _builder_version=&#8221;4.27.4&#8243; background_color=&#8221;#000000&#8243; background_image=&#8221;https:\/\/www.tpo-eu.com\/wp-content\/uploads\/2025\/07\/background-chem.jpg&#8221; parallax=&#8221;on&#8221; custom_padding=&#8221;4vw||2vw||false|false&#8221; bottom_divider_style=&#8221;ramp2&#8243; bottom_divider_height=&#8221;10vw&#8221; bottom_divider_flip=&#8221;horizontal&#8221; locked=&#8221;off&#8221; global_colors_info=&#8221;{}&#8221;][et_pb_row _builder_version=&#8221;4.16&#8243; global_colors_info=&#8221;{}&#8221;][et_pb_column type=&#8221;4_4&#8243; _builder_version=&#8221;4.16&#8243; global_colors_info=&#8221;{}&#8221;][et_pb_heading title=&#8221;@ET-DC@eyJkeW5hbWljIjp0cnVlLCJjb250ZW50IjoicG9zdF90aXRsZSIsInNldHRpbmdzIjp7ImJlZm9yZSI6IiIsImFmdGVyIjoiIn19@&#8221; _builder_version=&#8221;4.27.4&#8243; _dynamic_attributes=&#8221;title&#8221; _module_preset=&#8221;ddeb8c09-9078-4424-bc15-2efb6572e28e&#8221; title_font=&#8221;Space Grotesk|700|||||||&#8221; title_font_size=&#8221;70px&#8221; locked=&#8221;off&#8221; global_colors_info=&#8221;{}&#8221;][\/et_pb_heading][\/et_pb_column][\/et_pb_row][\/et_pb_section][et_pb_section fb_built=&#8221;1&#8243; _builder_version=&#8221;4.27.4&#8243; _module_preset=&#8221;default&#8221; global_colors_info=&#8221;{}&#8221;][et_pb_row _builder_version=&#8221;4.27.4&#8243; _module_preset=&#8221;default&#8221; global_colors_info=&#8221;{}&#8221;][et_pb_column type=&#8221;4_4&#8243; _builder_version=&#8221;4.27.4&#8243; _module_preset=&#8221;default&#8221; global_colors_info=&#8221;{}&#8221;][et_pb_text _builder_version=&#8221;4.27.4&#8243; _module_preset=&#8221;default&#8221; hover_enabled=&#8221;0&#8243; global_colors_info=&#8221;{}&#8221; sticky_enabled=&#8221;0&#8243;]<\/p>\n<h1><strong>Hvordan ved du, om dine produkter indeholder TPO?<\/strong><\/h1>\n<p>F\u00f8rst og fremmest er det vigtigt at vide, at du kun beh\u00f8ver at kontrollere produkter, der h\u00e6rder under en lampe &#8211; s\u00e5som geler, BIAB, topcoats og gellak. Produkter, der ikke h\u00e6rder, s\u00e5som neglelak, plejeprodukter eller v\u00e6sker, indeholder normalt ikke TPO. <\/p>\n<p>Om et produkt indeholder TPO afh\u00e6nger af forskellige faktorer s\u00e5som k\u00f8bsdato, lotnummer og specifik batch.<br \/>Du kan derfor ikke tjekke dette via en generel liste &#8211; du skal kontrollere hvert produkt individuelt.<\/p>\n<p><b>Hvordan g\u00f8r du det?<\/b><br \/>Tag flasken eller krukken frem og kig p\u00e5 ingredienslisten (INCI) p\u00e5 etiketten.<br \/>Tjek om en af f\u00f8lgende betegnelser er til stede:<\/p>\n<ul>\n<li aria-level=\"1\">Trimethylbenzoyl Diphenylphosphine Oxide<\/li>\n<li aria-level=\"1\">Diphenyl(2,4,6-trimethylbenzoyl) phosphine Oxide<\/li>\n<li aria-level=\"1\">(2,4,6-trimethylbenzoyl) diphenylphosphine Oxide<\/li>\n<\/ul>\n<p>Forekommer denne ingrediens p\u00e5 etiketten? S\u00e5 indeholder produktet TPO og m\u00e5 <b>fra den 1. september 2025 ikke l\u00e6ngere bruges eller s\u00e6lges<\/b> inden for Den Europ\u00e6iske Union. <\/p>\n<p><b>Bem\u00e6rk:<\/b> Nogle gange angives ingredienser under afvigende eller kommercielle navne, som ikke kan findes i de officielle lister.<br \/>Hvis et s\u00e5dant navn ikke har et anerkendt CAS-nummer, falder ingrediensen ikke officielt under lovgivningen.<br \/>Uden et korrekt CAS-nummer kan du ikke med sikkerhed fastsl\u00e5, om produktet er lovligt tilladt eller ej.<br \/>I s\u00e5 fald er det tilr\u00e5deligt at v\u00e6re ekstra forsigtig og anmode om yderligere information fra leverand\u00f8ren.<\/p>\n<p>[\/et_pb_text][et_pb_image src=&#8221;https:\/\/www.tpo-eu.com\/wp-content\/uploads\/2025\/07\/tpo-table.png&#8221; _builder_version=&#8221;4.27.4&#8243; _module_preset=&#8221;default&#8221; global_colors_info=&#8221;{}&#8221;][\/et_pb_image][et_pb_image _builder_version=&#8221;4.27.4&#8243; _module_preset=&#8221;default&#8221; global_colors_info=&#8221;{}&#8221;][\/et_pb_image][\/et_pb_column][\/et_pb_row][\/et_pb_section]<\/p>\n","protected":false},"excerpt":{"rendered":"<p>Hvordan ved du, om dine produkter indeholder TPO? F\u00f8rst og fremmest er det vigtigt at vide, at du kun beh\u00f8ver at kontrollere produkter, der h\u00e6rder under en lampe &#8211; s\u00e5som geler, BIAB, topcoats og gellak. Produkter, der ikke h\u00e6rder, s\u00e5som neglelak, plejeprodukter eller v\u00e6sker, indeholder normalt ikke TPO. Om et produkt indeholder TPO afh\u00e6nger af [&hellip;]<\/p>\n","protected":false},"author":1,"featured_media":0,"parent":0,"menu_order":0,"comment_status":"closed","ping_status":"closed","template":"","meta":{"_et_pb_use_builder":"on","_et_pb_old_content":"","_et_gb_content_width":"","footnotes":""},"class_list":["post-1473","page","type-page","status-publish","hentry"],"_links":{"self":[{"href":"https:\/\/www.tpo-eu.com\/da\/wp-json\/wp\/v2\/pages\/1473","targetHints":{"allow":["GET"]}}],"collection":[{"href":"https:\/\/www.tpo-eu.com\/da\/wp-json\/wp\/v2\/pages"}],"about":[{"href":"https:\/\/www.tpo-eu.com\/da\/wp-json\/wp\/v2\/types\/page"}],"author":[{"embeddable":true,"href":"https:\/\/www.tpo-eu.com\/da\/wp-json\/wp\/v2\/users\/1"}],"replies":[{"embeddable":true,"href":"https:\/\/www.tpo-eu.com\/da\/wp-json\/wp\/v2\/comments?post=1473"}],"version-history":[{"count":2,"href":"https:\/\/www.tpo-eu.com\/da\/wp-json\/wp\/v2\/pages\/1473\/revisions"}],"predecessor-version":[{"id":1478,"href":"https:\/\/www.tpo-eu.com\/da\/wp-json\/wp\/v2\/pages\/1473\/revisions\/1478"}],"wp:attachment":[{"href":"https:\/\/www.tpo-eu.com\/da\/wp-json\/wp\/v2\/media?parent=1473"}],"curies":[{"name":"wp","href":"https:\/\/api.w.org\/{rel}","templated":true}]}}