{"id":1411,"date":"2025-08-01T15:09:06","date_gmt":"2025-08-01T13:09:06","guid":{"rendered":"https:\/\/www.tpo-eu.com\/fehlerhafte-uebersetzung-melden\/"},"modified":"2025-08-04T16:56:59","modified_gmt":"2025-08-04T14:56:59","slug":"fehlerhafte-uebersetzung-melden","status":"publish","type":"page","link":"https:\/\/www.tpo-eu.com\/de\/fehlerhafte-uebersetzung-melden\/","title":{"rendered":"Fehlerhafte \u00dcbersetzung melden"},"content":{"rendered":"<p>[et_pb_section fb_built=&#8220;1&#8243; next_background_color=&#8220;#dbe0dd&#8220; _builder_version=&#8220;4.27.4&#8243; background_color=&#8220;#000000&#8243; background_image=&#8220;https:\/\/www.tpo-eu.com\/wp-content\/uploads\/2025\/07\/background-chem.jpg&#8220; parallax=&#8220;on&#8220; custom_padding=&#8220;4vw||2vw||false|false&#8220; bottom_divider_style=&#8220;ramp2&#8243; bottom_divider_height=&#8220;10vw&#8220; bottom_divider_flip=&#8220;horizontal&#8220; locked=&#8220;off&#8220; global_colors_info=&#8220;{}&#8220;][et_pb_row _builder_version=&#8220;4.16&#8243; global_colors_info=&#8220;{}&#8220;][et_pb_column type=&#8220;4_4&#8243; _builder_version=&#8220;4.16&#8243; global_colors_info=&#8220;{}&#8220;][et_pb_heading title=&#8220;@ET-DC@eyJkeW5hbWljIjp0cnVlLCJjb250ZW50IjoicG9zdF90aXRsZSIsInNldHRpbmdzIjp7ImJlZm9yZSI6IiIsImFmdGVyIjoiIn19@&#8220; _builder_version=&#8220;4.27.4&#8243; _dynamic_attributes=&#8220;title&#8220; _module_preset=&#8220;ddeb8c09-9078-4424-bc15-2efb6572e28e&#8220; title_font=&#8220;Space Grotesk|700|||||||&#8220; title_font_size=&#8220;70px&#8220; hover_enabled=&#8220;0&#8243; locked=&#8220;off&#8220; global_colors_info=&#8220;{}&#8220; sticky_enabled=&#8220;0&#8243;][\/et_pb_heading][\/et_pb_column][\/et_pb_row][\/et_pb_section][et_pb_section fb_built=&#8220;1&#8243; admin_label=&#8220;Lead Generation&#8220; _builder_version=&#8220;4.27.4&#8243; _module_preset=&#8220;default&#8220; background_color=&#8220;#dbe0dd&#8220; custom_padding=&#8220;45px|||||&#8220; locked=&#8220;off&#8220; collapsed=&#8220;off&#8220; global_colors_info=&#8220;{%22#264653%22:%91%22background_color%22%93}&#8220;][et_pb_row custom_padding_last_edited=&#8220;on|desktop&#8220; _builder_version=&#8220;4.24.3&#8243; _module_preset=&#8220;c9cfaba2-2263-4f35-8227-8d16ca8bd1cc&#8220; background_color=&#8220;#FFFFFF&#8220; custom_padding=&#8220;60px|60px|60px|60px|true|true&#8220; custom_padding_tablet=&#8220;30px|30px|30px|30px|true|true&#8220; custom_padding_phone=&#8220;20px|20px|20px|20px|true|true&#8220; border_radii=&#8220;on|6px|6px|6px|6px&#8220; border_radii_tablet=&#8220;on|30px|30px|30px|30px&#8220; border_radii_phone=&#8220;on|20px|20px|20px|20px&#8220; border_radii_last_edited=&#8220;off|desktop&#8220; box_shadow_style=&#8220;preset3&#8243; box_shadow_vertical=&#8220;24px&#8220; box_shadow_blur=&#8220;72px&#8220; box_shadow_spread=&#8220;-12px&#8220; box_shadow_color=&#8220;rgba(0,0,0,0.12)&#8220; global_colors_info=&#8220;{}&#8220;][et_pb_column type=&#8220;4_4&#8243; _builder_version=&#8220;4.16&#8243; _module_preset=&#8220;73121f80-a3ef-4484-8763-c3f18e3c56d2&#8243; global_colors_info=&#8220;{}&#8220;][et_pb_heading _builder_version=&#8220;4.24.3&#8243; _module_preset=&#8220;c33f07d9-41e0-421a-8799-5799df695cce&#8220; title_level=&#8220;h2&#8243; title_font=&#8220;Space Grotesk|Space Grotesk_weight|||||||&#8220; title_text_align=&#8220;center&#8220; title_text_color=&#8220;#0e0c19&#8243; title_font_size=&#8220;50px&#8220; title_line_height=&#8220;1.2em&#8220; custom_margin=&#8220;||10px||false|false&#8220; title_font_size_tablet=&#8220;28px&#8220; title_font_size_phone=&#8220;20px&#8220; locked=&#8220;off&#8220; global_colors_info=&#8220;{}&#8220;][\/et_pb_heading][et_pb_text quote_border_color=&#8220;#2a9d8f&#8220; _builder_version=&#8220;4.27.4&#8243; _module_preset=&#8220;2c55a9c4-feed-423b-9edb-ae0b5b365cac&#8220; text_font=&#8220;Roboto|Roboto_weight|||||||&#8220; text_text_color=&#8220;#3c3a47&#8243; text_font_size=&#8220;16px&#8220; text_line_height=&#8220;1.75em&#8220; link_font=&#8220;|Roboto_weight|||||||&#8220; link_text_color=&#8220;#264653&#8243; quote_font=&#8220;Space Grotesk|Space Grotesk_weight|||||||&#8220; quote_text_color=&#8220;#0e0c19&#8243; header_font=&#8220;Space Grotesk|Space Grotesk_weight|||||||&#8220; header_text_color=&#8220;#0e0c19&#8243; header_font_size=&#8220;72px&#8220; header_line_height=&#8220;1.15em&#8220; header_2_font=&#8220;Space Grotesk|Space Grotesk_weight|||||||&#8220; header_2_text_color=&#8220;#0e0c19&#8243; header_2_font_size=&#8220;50px&#8220; header_2_line_height=&#8220;1.2em&#8220; header_3_font=&#8220;Space Grotesk|Space Grotesk_weight|||||||&#8220; header_3_text_color=&#8220;#0e0c19&#8243; header_3_font_size=&#8220;32px&#8220; header_3_line_height=&#8220;1.3em&#8220; header_4_font=&#8220;Space Grotesk|Space Grotesk_weight|||||||&#8220; header_4_text_color=&#8220;#0e0c19&#8243; header_4_font_size=&#8220;24px&#8220; header_4_line_height=&#8220;1.4em&#8220; header_5_font=&#8220;Space Grotesk|Space Grotesk_weight|||||||&#8220; header_5_text_color=&#8220;#0e0c19&#8243; header_5_font_size=&#8220;18px&#8220; header_5_line_height=&#8220;1.4em&#8220; header_6_font=&#8220;Space Grotesk|Space Grotesk_weight|||||||&#8220; header_6_text_color=&#8220;#0e0c19&#8243; header_6_line_height=&#8220;1.5em&#8220; text_orientation=&#8220;center&#8220; module_alignment=&#8220;center&#8220; custom_margin=&#8220;||||false|false&#8220; text_font_size_tablet=&#8220;15px&#8220; text_font_size_phone=&#8220;14px&#8220; text_font_size_last_edited=&#8220;on|phone&#8220; header_font_size_tablet=&#8220;40px&#8220; header_font_size_phone=&#8220;24px&#8220; header_font_size_last_edited=&#8220;on|desktop&#8220; header_2_font_size_tablet=&#8220;28px&#8220; header_2_font_size_phone=&#8220;20px&#8220; header_2_font_size_last_edited=&#8220;on|phone&#8220; header_3_font_size_tablet=&#8220;22px&#8220; header_3_font_size_phone=&#8220;17px&#8220; header_3_font_size_last_edited=&#8220;on|phone&#8220; header_4_font_size_tablet=&#8220;18px&#8220; header_4_font_size_phone=&#8220;15px&#8220; header_4_font_size_last_edited=&#8220;on|tablet&#8220; header_5_font_size_tablet=&#8220;15px&#8220; header_5_font_size_phone=&#8220;14px&#8220; header_5_font_size_last_edited=&#8220;on|desktop&#8220; header_6_font_size_tablet=&#8220;13px&#8220; header_6_font_size_phone=&#8220;13px&#8220; header_6_font_size_last_edited=&#8220;on|desktop&#8220; locked=&#8220;off&#8220; global_colors_info=&#8220;{}&#8220;]<\/p>\n<p>Die Texte auf dieser Website wurden mithilfe von KI aus dem Niederl\u00e4ndischen \u00fcbersetzt. Wir geben unser Bestes, um Fehler zu minimieren. Wenn Sie einen \u00dcbersetzungsfehler entdecken, melden Sie ihn bitte \u00fcber das untenstehende Formular. Vielen Dank, dass Sie uns helfen, uns zu verbessern!   <\/p>\n<p>[\/et_pb_text][et_pb_text admin_label=&#8220;contactformulier&#8220; _builder_version=&#8220;4.27.4&#8243; _module_preset=&#8220;default&#8220; global_colors_info=&#8220;{}&#8220;]<\/p>\n<div class='fluentform ff-default fluentform_wrapper_8 ffs_default_wrap'><form data-form_id=\"8\" id=\"fluentform_8\" class=\"frm-fluent-form fluent_form_8 ff-el-form-top ff_form_instance_8_1 ff-form-loading ffs_default\" data-form_instance=\"ff_form_instance_8_1\" method=\"POST\" ><fieldset  style=\"border: none!important;margin: 0!important;padding: 0!important;background-color: transparent!important;box-shadow: none!important;outline: none!important; min-inline-size: 100%;\">\n                    <legend class=\"ff_screen_reader_title\" style=\"display: block; margin: 0!important;padding: 0!important;height: 0!important;text-indent: -999999px;width: 0!important;overflow:hidden;\">Foutieve vertaling rapporteren<\/legend><input type='hidden' name='__fluent_form_embded_post_id' value='1411' \/><input type=\"hidden\" id=\"_fluentform_8_fluentformnonce\" name=\"_fluentform_8_fluentformnonce\" value=\"4d864a760f\" \/><input type=\"hidden\" name=\"_wp_http_referer\" value=\"\/de\/wp-json\/wp\/v2\/pages\/1411\" \/><div class='ff-el-group'><div class=\"ff-el-input--label ff-el-is-required asterisk-right\"><label for='ff_8_page_url' id='label_ff_8_page_url' aria-label=\"Seiten-URL\">Seiten-URL<\/label><\/div><div class='ff-el-input--content'><input type=\"text\" name=\"page_url\" class=\"ff-el-form-control\" placeholder=\"F\u00fcgen Sie hier die Adresse der Seite mit dem \u00dcbersetzungsfehler ein.\" data-name=\"page_url\" id=\"ff_8_page_url\"  aria-invalid=\"false\" aria-required=true><\/div><\/div><div class='ff-el-group'><div class=\"ff-el-input--label asterisk-right\"><label for='ff_8_original_text' id='label_ff_8_original_text' aria-label=\"Originaltext auf Niederl\u00e4ndisch (optional)\">Originaltext auf Niederl\u00e4ndisch (optional)<\/label><\/div><div class='ff-el-input--content'><textarea aria-required=\"false\" aria-labelledby=\"label_ff_8_original_text\" name=\"original_text\" id=\"ff_8_original_text\" class=\"ff-el-form-control\" placeholder=\"F\u00fcgen Sie hier optional den fehlerhaften Textabschnitt ein.\" rows=\"3\" cols=\"2\" data-name=\"original_text\" ><\/textarea><\/div><\/div><div class='ff-el-group'><div class=\"ff-el-input--label ff-el-is-required asterisk-right\"><label for='ff_8_translated_text' id='label_ff_8_translated_text' aria-label=\"Fehlerhafte \u00dcbersetzung\">Fehlerhafte \u00dcbersetzung<\/label><\/div><div class='ff-el-input--content'><textarea aria-required=\"true\" aria-labelledby=\"label_ff_8_translated_text\" name=\"translated_text\" id=\"ff_8_translated_text\" class=\"ff-el-form-control\" placeholder=\"F\u00fcgen Sie hier den fehlerhaft \u00fcbersetzten Text ein.\" rows=\"3\" cols=\"2\" data-name=\"translated_text\" ><\/textarea><\/div><\/div><div class='ff-el-group'><div class=\"ff-el-input--label ff-el-is-required asterisk-right\"><label for='ff_8_suggested_correction' id='label_ff_8_suggested_correction' aria-label=\"Korrektur\">Korrektur<\/label><\/div><div class='ff-el-input--content'><textarea aria-required=\"true\" aria-labelledby=\"label_ff_8_suggested_correction\" name=\"suggested_correction\" id=\"ff_8_suggested_correction\" class=\"ff-el-form-control\" placeholder=\"F\u00fcgen Sie hier den vorgeschlagenen Korrekturtext ein.\" rows=\"3\" cols=\"2\" data-name=\"suggested_correction\" ><\/textarea><\/div><\/div><div class='ff-el-group'><div class=\"ff-el-input--label asterisk-right\"><label for='ff_8_email' id='label_ff_8_email' aria-label=\"E-Mail-Adresse\">E-Mail-Adresse<\/label><\/div><div class='ff-el-input--content'><input type=\"email\" name=\"email\" id=\"ff_8_email\" class=\"ff-el-form-control\" placeholder=\"Geben Sie hier Ihre E-Mail-Adresse ein (optional).\" data-name=\"email\"  aria-invalid=\"false\" aria-required=false><\/div><\/div><div class='ff-el-group ff-text-left ff_submit_btn_wrapper'><button type=\"submit\" class=\"ff-btn ff-btn-submit ff-btn-md ff_btn_style\"  aria-label=\"Sende\">Sende<\/button><\/div><\/fieldset><\/form><div id='fluentform_8_errors' class='ff-errors-in-stack ff_form_instance_8_1 ff-form-loading_errors ff_form_instance_8_1_errors'><\/div><\/div>            <script type=\"text\/javascript\">\n                window.fluent_form_ff_form_instance_8_1 = {\"id\":\"8\",\"ajaxUrl\":\"https:\\\/\\\/www.tpo-eu.com\\\/wp-admin\\\/admin-ajax.php\",\"settings\":{\"layout\":{\"labelPlacement\":\"top\",\"asteriskPlacement\":\"asterisk-right\",\"helpMessagePlacement\":\"with_label\",\"errorMessagePlacement\":\"inline\",\"cssClassName\":\"\"},\"restrictions\":{\"denyEmptySubmission\":{\"enabled\":false}}},\"form_instance\":\"ff_form_instance_8_1\",\"form_id_selector\":\"fluentform_8\",\"rules\":{\"page_url\":{\"required\":{\"value\":true,\"message\":\"Geben Sie die Adresse der Seite mit dem \\u00dcbersetzungsfehler ein.\",\"global\":false,\"global_message\":\"This field is required\"}},\"original_text\":{\"required\":{\"value\":false,\"message\":\"Geben Sie den urspr\\u00fcnglichen niederl\\u00e4ndischen Text ein.\",\"global\":false,\"global_message\":\"This field is required\"}},\"translated_text\":{\"required\":{\"value\":true,\"message\":\"Geben Sie den fehlerhaft \\u00fcbersetzten Text ein.\",\"global\":false,\"global_message\":\"This field is required\"}},\"suggested_correction\":{\"required\":{\"value\":true,\"message\":\"Bitte geben Sie den korrigierten Text ein.\",\"global\":false,\"global_message\":\"This field is required\"}},\"email\":{\"email\":{\"value\":true,\"message\":\"Die eingegebene E-Mail-Adresse ist ung\\u00fcltig.\",\"global\":false,\"global_message\":\"This field must contain a valid email\"}}},\"debounce_time\":300};\n                            <\/script>\n            \n<p>[\/et_pb_text][\/et_pb_column][\/et_pb_row][\/et_pb_section]<\/p>\n","protected":false},"excerpt":{"rendered":"<p>Die Texte auf dieser Website wurden mithilfe von KI aus dem Niederl\u00e4ndischen \u00fcbersetzt. Wir geben unser Bestes, um Fehler zu minimieren. Wenn Sie einen \u00dcbersetzungsfehler entdecken, melden Sie ihn bitte \u00fcber das untenstehende Formular. Vielen Dank, dass Sie uns helfen, uns zu verbessern! <div class='fluentform ff-default fluentform_wrapper_8 ffs_default_wrap'><form data-form_id=\"8\" id=\"fluentform_8\" class=\"frm-fluent-form fluent_form_8 ff-el-form-top ff_form_instance_8_2 ff-form-loading ffs_default\" data-form_instance=\"ff_form_instance_8_2\" method=\"POST\" ><fieldset  style=\"border: none!important;margin: 0!important;padding: 0!important;background-color: transparent!important;box-shadow: none!important;outline: none!important; min-inline-size: 100%;\">\n                    <legend class=\"ff_screen_reader_title\" style=\"display: block; margin: 0!important;padding: 0!important;height: 0!important;text-indent: -999999px;width: 0!important;overflow:hidden;\">Foutieve vertaling rapporteren<\/legend><input type='hidden' name='__fluent_form_embded_post_id' value='1411' \/><input type=\"hidden\" id=\"_fluentform_8_fluentformnonce\" name=\"_fluentform_8_fluentformnonce\" value=\"4d864a760f\" \/><input type=\"hidden\" name=\"_wp_http_referer\" value=\"\/de\/wp-json\/wp\/v2\/pages\/1411\" \/><div class='ff-el-group'><div class=\"ff-el-input--label ff-el-is-required asterisk-right\"><label for='ff_8_2_page_url' id='label_ff_8_2_page_url' aria-label=\"Seiten-URL\">Seiten-URL<\/label><\/div><div class='ff-el-input--content'><input type=\"text\" name=\"page_url\" class=\"ff-el-form-control\" placeholder=\"F\u00fcgen Sie hier die Adresse der Seite mit dem \u00dcbersetzungsfehler ein.\" data-name=\"page_url\" id=\"ff_8_2_page_url\"  aria-invalid=\"false\" aria-required=true><\/div><\/div><div class='ff-el-group'><div class=\"ff-el-input--label asterisk-right\"><label for='ff_8_2_original_text' id='label_ff_8_2_original_text' aria-label=\"Originaltext auf Niederl\u00e4ndisch (optional)\">Originaltext auf Niederl\u00e4ndisch (optional)<\/label><\/div><div class='ff-el-input--content'><textarea aria-required=\"false\" aria-labelledby=\"label_ff_8_2_original_text\" name=\"original_text\" id=\"ff_8_2_original_text\" class=\"ff-el-form-control\" placeholder=\"F\u00fcgen Sie hier optional den fehlerhaften Textabschnitt ein.\" rows=\"3\" cols=\"2\" data-name=\"original_text\" ><\/textarea><\/div><\/div><div class='ff-el-group'><div class=\"ff-el-input--label ff-el-is-required asterisk-right\"><label for='ff_8_2_translated_text' id='label_ff_8_2_translated_text' aria-label=\"Fehlerhafte \u00dcbersetzung\">Fehlerhafte \u00dcbersetzung<\/label><\/div><div class='ff-el-input--content'><textarea aria-required=\"true\" aria-labelledby=\"label_ff_8_2_translated_text\" name=\"translated_text\" id=\"ff_8_2_translated_text\" class=\"ff-el-form-control\" placeholder=\"F\u00fcgen Sie hier den fehlerhaft \u00fcbersetzten Text ein.\" rows=\"3\" cols=\"2\" data-name=\"translated_text\" ><\/textarea><\/div><\/div><div class='ff-el-group'><div class=\"ff-el-input--label ff-el-is-required asterisk-right\"><label for='ff_8_2_suggested_correction' id='label_ff_8_2_suggested_correction' aria-label=\"Korrektur\">Korrektur<\/label><\/div><div class='ff-el-input--content'><textarea aria-required=\"true\" aria-labelledby=\"label_ff_8_2_suggested_correction\" name=\"suggested_correction\" id=\"ff_8_2_suggested_correction\" class=\"ff-el-form-control\" placeholder=\"F\u00fcgen Sie hier den vorgeschlagenen Korrekturtext ein.\" rows=\"3\" cols=\"2\" data-name=\"suggested_correction\" ><\/textarea><\/div><\/div><div class='ff-el-group'><div class=\"ff-el-input--label asterisk-right\"><label for='ff_8_2_email' id='label_ff_8_2_email' aria-label=\"E-Mail-Adresse\">E-Mail-Adresse<\/label><\/div><div class='ff-el-input--content'><input type=\"email\" name=\"email\" id=\"ff_8_2_email\" class=\"ff-el-form-control\" placeholder=\"Geben Sie hier Ihre E-Mail-Adresse ein (optional).\" data-name=\"email\"  aria-invalid=\"false\" aria-required=false><\/div><\/div><div class='ff-el-group ff-text-left ff_submit_btn_wrapper'><button type=\"submit\" class=\"ff-btn ff-btn-submit ff-btn-md ff_btn_style\"  aria-label=\"Sende\">Sende<\/button><\/div><\/fieldset><\/form><div id='fluentform_8_errors' class='ff-errors-in-stack ff_form_instance_8_2 ff-form-loading_errors ff_form_instance_8_2_errors'><\/div><\/div>            <script type=\"text\/javascript\">\n                window.fluent_form_ff_form_instance_8_2 = {\"id\":\"8\",\"ajaxUrl\":\"https:\\\/\\\/www.tpo-eu.com\\\/wp-admin\\\/admin-ajax.php\",\"settings\":{\"layout\":{\"labelPlacement\":\"top\",\"asteriskPlacement\":\"asterisk-right\",\"helpMessagePlacement\":\"with_label\",\"errorMessagePlacement\":\"inline\",\"cssClassName\":\"\"},\"restrictions\":{\"denyEmptySubmission\":{\"enabled\":false}}},\"form_instance\":\"ff_form_instance_8_2\",\"form_id_selector\":\"fluentform_8\",\"rules\":{\"page_url\":{\"required\":{\"value\":true,\"message\":\"Geben Sie die Adresse der Seite mit dem \\u00dcbersetzungsfehler ein.\",\"global\":false,\"global_message\":\"This field is required\"}},\"original_text\":{\"required\":{\"value\":false,\"message\":\"Geben Sie den urspr\\u00fcnglichen niederl\\u00e4ndischen Text ein.\",\"global\":false,\"global_message\":\"This field is required\"}},\"translated_text\":{\"required\":{\"value\":true,\"message\":\"Geben Sie den fehlerhaft \\u00fcbersetzten Text ein.\",\"global\":false,\"global_message\":\"This field is required\"}},\"suggested_correction\":{\"required\":{\"value\":true,\"message\":\"Bitte geben Sie den korrigierten Text ein.\",\"global\":false,\"global_message\":\"This field is required\"}},\"email\":{\"email\":{\"value\":true,\"message\":\"Die eingegebene E-Mail-Adresse ist ung\\u00fcltig.\",\"global\":false,\"global_message\":\"This field must contain a valid email\"}}},\"debounce_time\":300};\n                            <\/script>\n            <\/p>\n","protected":false},"author":1,"featured_media":0,"parent":0,"menu_order":0,"comment_status":"closed","ping_status":"closed","template":"","meta":{"_et_pb_use_builder":"on","_et_pb_old_content":"","_et_gb_content_width":"","footnotes":""},"class_list":["post-1411","page","type-page","status-publish","hentry"],"_links":{"self":[{"href":"https:\/\/www.tpo-eu.com\/de\/wp-json\/wp\/v2\/pages\/1411","targetHints":{"allow":["GET"]}}],"collection":[{"href":"https:\/\/www.tpo-eu.com\/de\/wp-json\/wp\/v2\/pages"}],"about":[{"href":"https:\/\/www.tpo-eu.com\/de\/wp-json\/wp\/v2\/types\/page"}],"author":[{"embeddable":true,"href":"https:\/\/www.tpo-eu.com\/de\/wp-json\/wp\/v2\/users\/1"}],"replies":[{"embeddable":true,"href":"https:\/\/www.tpo-eu.com\/de\/wp-json\/wp\/v2\/comments?post=1411"}],"version-history":[{"count":2,"href":"https:\/\/www.tpo-eu.com\/de\/wp-json\/wp\/v2\/pages\/1411\/revisions"}],"predecessor-version":[{"id":1413,"href":"https:\/\/www.tpo-eu.com\/de\/wp-json\/wp\/v2\/pages\/1411\/revisions\/1413"}],"wp:attachment":[{"href":"https:\/\/www.tpo-eu.com\/de\/wp-json\/wp\/v2\/media?parent=1411"}],"curies":[{"name":"wp","href":"https:\/\/api.w.org\/{rel}","templated":true}]}}