{"id":1441,"date":"2025-07-30T17:16:59","date_gmt":"2025-07-30T15:16:59","guid":{"rendered":"https:\/\/www.tpo-eu.com\/ihre-produkte\/"},"modified":"2025-08-04T17:05:26","modified_gmt":"2025-08-04T15:05:26","slug":"ihre-produkte","status":"publish","type":"page","link":"https:\/\/www.tpo-eu.com\/de\/ihre-produkte\/","title":{"rendered":"Ihre Produkte"},"content":{"rendered":"<p>[et_pb_section fb_built=&#8220;1&#8243; next_background_color=&#8220;#ffffff&#8220; _builder_version=&#8220;4.27.4&#8243; background_color=&#8220;#000000&#8243; background_image=&#8220;https:\/\/www.tpo-eu.com\/wp-content\/uploads\/2025\/07\/background-chem.jpg&#8220; parallax=&#8220;on&#8220; custom_padding=&#8220;4vw||2vw||false|false&#8220; bottom_divider_style=&#8220;ramp2&#8243; bottom_divider_height=&#8220;10vw&#8220; bottom_divider_flip=&#8220;horizontal&#8220; locked=&#8220;off&#8220; global_colors_info=&#8220;{}&#8220;][et_pb_row _builder_version=&#8220;4.16&#8243; global_colors_info=&#8220;{}&#8220;][et_pb_column type=&#8220;4_4&#8243; _builder_version=&#8220;4.16&#8243; global_colors_info=&#8220;{}&#8220;][et_pb_heading title=&#8220;@ET-DC@eyJkeW5hbWljIjp0cnVlLCJjb250ZW50IjoicG9zdF90aXRsZSIsInNldHRpbmdzIjp7ImJlZm9yZSI6IiIsImFmdGVyIjoiIn19@&#8220; _builder_version=&#8220;4.27.4&#8243; _dynamic_attributes=&#8220;title&#8220; _module_preset=&#8220;ddeb8c09-9078-4424-bc15-2efb6572e28e&#8220; title_font=&#8220;Space Grotesk|700|||||||&#8220; title_font_size=&#8220;70px&#8220; locked=&#8220;off&#8220; global_colors_info=&#8220;{}&#8220;][\/et_pb_heading][\/et_pb_column][\/et_pb_row][\/et_pb_section][et_pb_section fb_built=&#8220;1&#8243; _builder_version=&#8220;4.27.4&#8243; _module_preset=&#8220;default&#8220; global_colors_info=&#8220;{}&#8220;][et_pb_row _builder_version=&#8220;4.27.4&#8243; _module_preset=&#8220;default&#8220; global_colors_info=&#8220;{}&#8220;][et_pb_column type=&#8220;4_4&#8243; _builder_version=&#8220;4.27.4&#8243; _module_preset=&#8220;default&#8220; global_colors_info=&#8220;{}&#8220;][et_pb_text _builder_version=&#8220;4.27.4&#8243; _module_preset=&#8220;default&#8220; hover_enabled=&#8220;0&#8243; global_colors_info=&#8220;{}&#8220; sticky_enabled=&#8220;0&#8243;]<\/p>\n<h1><strong>Woher wissen Sie, ob Ihre Produkte TPO enthalten?<\/strong><\/h1>\n<p>Zun\u00e4chst ist es wichtig zu wissen, dass Sie nur Produkte \u00fcberpr\u00fcfen m\u00fcssen, die unter einer Lampe aush\u00e4rten \u2013 wie Gele, BIAB, Topcoats und Gelpolish. Produkte, die nicht aush\u00e4rten, wie Nagellack, Pflegeprodukte oder Fl\u00fcssigkeiten, enthalten in der Regel kein TPO. <\/p>\n<p>Ob ein Produkt TPO enth\u00e4lt, h\u00e4ngt von verschiedenen Faktoren wie dem Kaufdatum, der Chargennummer und der spezifischen Charge ab.<br \/>Sie k\u00f6nnen dies also nicht \u00fcber eine allgemeine Liste \u00fcberpr\u00fcfen \u2013 Sie m\u00fcssen jedes Produkt einzeln kontrollieren.<\/p>\n<p><b>Wie machen Sie das?<\/b><br \/>Nehmen Sie die Flasche oder das Gef\u00e4\u00df zur Hand und sehen Sie sich die Inhaltsstoffliste (INCI) auf dem Etikett an.<br \/>Pr\u00fcfen Sie, ob eine der folgenden Angaben vorhanden ist:<\/p>\n<ul>\n<li aria-level=\"1\">Trimethylbenzoyl Diphenylphosphine Oxide<\/li>\n<li aria-level=\"1\">Diphenyl(2,4,6-trimethylbenzoyl) phosphine Oxide<\/li>\n<li aria-level=\"1\">(2,4,6-trimethylbenzoyl) diphenylphosphine Oxide<\/li>\n<\/ul>\n<p>Ist dieser Inhaltsstoff auf dem Etikett aufgef\u00fchrt? Dann enth\u00e4lt das Produkt TPO und darf ab dem <b>1. September 2025 nicht mehr verwendet oder verkauft werden<\/b> innerhalb der Europ\u00e4ischen Union. <\/p>\n<p><b>Hinweis:<\/b> Manchmal werden Inhaltsstoffe unter abweichenden oder kommerziellen Namen aufgef\u00fchrt, die nicht in den offiziellen Listen zu finden sind.<br \/>Wenn ein solcher Name keine anerkannte CAS-Nummer hat, f\u00e4llt der Inhaltsstoff nicht offiziell unter die Vorschriften.<br \/>Ohne korrekte CAS-Nummer k\u00f6nnen Sie nicht mit Sicherheit feststellen, ob das Produkt gesetzlich zugelassen ist oder nicht.<br \/>In diesem Fall ist es ratsam, besonders vorsichtig zu sein und weitere Informationen beim Lieferanten anzufordern.<\/p>\n<p>[\/et_pb_text][et_pb_image src=&#8220;https:\/\/www.tpo-eu.com\/wp-content\/uploads\/2025\/07\/tpo-table.png&#8220; _builder_version=&#8220;4.27.4&#8243; _module_preset=&#8220;default&#8220; global_colors_info=&#8220;{}&#8220;][\/et_pb_image][et_pb_image _builder_version=&#8220;4.27.4&#8243; _module_preset=&#8220;default&#8220; global_colors_info=&#8220;{}&#8220;][\/et_pb_image][\/et_pb_column][\/et_pb_row][\/et_pb_section]<\/p>\n","protected":false},"excerpt":{"rendered":"<p>Woher wissen Sie, ob Ihre Produkte TPO enthalten? Zun\u00e4chst ist es wichtig zu wissen, dass Sie nur Produkte \u00fcberpr\u00fcfen m\u00fcssen, die unter einer Lampe aush\u00e4rten \u2013 wie Gele, BIAB, Topcoats und Gelpolish. Produkte, die nicht aush\u00e4rten, wie Nagellack, Pflegeprodukte oder Fl\u00fcssigkeiten, enthalten in der Regel kein TPO. Ob ein Produkt TPO enth\u00e4lt, h\u00e4ngt von verschiedenen [&hellip;]<\/p>\n","protected":false},"author":1,"featured_media":0,"parent":0,"menu_order":0,"comment_status":"closed","ping_status":"closed","template":"","meta":{"_et_pb_use_builder":"on","_et_pb_old_content":"","_et_gb_content_width":"","footnotes":""},"class_list":["post-1441","page","type-page","status-publish","hentry"],"_links":{"self":[{"href":"https:\/\/www.tpo-eu.com\/de\/wp-json\/wp\/v2\/pages\/1441","targetHints":{"allow":["GET"]}}],"collection":[{"href":"https:\/\/www.tpo-eu.com\/de\/wp-json\/wp\/v2\/pages"}],"about":[{"href":"https:\/\/www.tpo-eu.com\/de\/wp-json\/wp\/v2\/types\/page"}],"author":[{"embeddable":true,"href":"https:\/\/www.tpo-eu.com\/de\/wp-json\/wp\/v2\/users\/1"}],"replies":[{"embeddable":true,"href":"https:\/\/www.tpo-eu.com\/de\/wp-json\/wp\/v2\/comments?post=1441"}],"version-history":[{"count":1,"href":"https:\/\/www.tpo-eu.com\/de\/wp-json\/wp\/v2\/pages\/1441\/revisions"}],"predecessor-version":[{"id":1444,"href":"https:\/\/www.tpo-eu.com\/de\/wp-json\/wp\/v2\/pages\/1441\/revisions\/1444"}],"wp:attachment":[{"href":"https:\/\/www.tpo-eu.com\/de\/wp-json\/wp\/v2\/media?parent=1441"}],"curies":[{"name":"wp","href":"https:\/\/api.w.org\/{rel}","templated":true}]}}