{"id":3097,"date":"2025-08-19T15:00:23","date_gmt":"2025-08-19T13:00:23","guid":{"rendered":"https:\/\/www.tpo-eu.com\/auswirkungen-des-tpo-verbots-ihre-stimme-zaehlt\/"},"modified":"2025-08-20T16:46:09","modified_gmt":"2025-08-20T14:46:09","slug":"auswirkungen-des-tpo-verbots-ihre-stimme-zaehlt","status":"publish","type":"page","link":"https:\/\/www.tpo-eu.com\/de\/auswirkungen-des-tpo-verbots-ihre-stimme-zaehlt\/","title":{"rendered":"Umfrage"},"content":{"rendered":"<p>[et_pb_section fb_built=&#8220;1&#8243; next_background_color=&#8220;#dbe0dd&#8220; _builder_version=&#8220;4.27.4&#8243; background_color=&#8220;#000000&#8243; background_image=&#8220;https:\/\/www.tpo-eu.com\/wp-content\/uploads\/2025\/07\/background-chem.jpg&#8220; parallax=&#8220;on&#8220; custom_padding=&#8220;4vw||2vw||false|false&#8220; bottom_divider_style=&#8220;ramp2&#8243; bottom_divider_height=&#8220;10vw&#8220; bottom_divider_flip=&#8220;horizontal&#8220; locked=&#8220;off&#8220; global_colors_info=&#8220;{}&#8220;][et_pb_row _builder_version=&#8220;4.16&#8243; global_colors_info=&#8220;{}&#8220;][et_pb_column type=&#8220;4_4&#8243; _builder_version=&#8220;4.16&#8243; global_colors_info=&#8220;{}&#8220;][et_pb_heading title=&#8220;Auswirkungen des TPO-Verbots \u2013 Ihre Stimme z\u00e4hlt!&#8220; _builder_version=&#8220;4.27.4&#8243; _module_preset=&#8220;ddeb8c09-9078-4424-bc15-2efb6572e28e&#8220; title_font=&#8220;Space Grotesk|700|||||||&#8220; title_font_size=&#8220;70px&#8220; hover_enabled=&#8220;0&#8243; locked=&#8220;off&#8220; global_colors_info=&#8220;{}&#8220; sticky_enabled=&#8220;0&#8243;][\/et_pb_heading][\/et_pb_column][\/et_pb_row][\/et_pb_section][et_pb_section fb_built=&#8220;1&#8243; admin_label=&#8220;Lead Generation&#8220; _builder_version=&#8220;4.27.4&#8243; _module_preset=&#8220;default&#8220; background_color=&#8220;#dbe0dd&#8220; custom_padding=&#8220;45px|||||&#8220; locked=&#8220;off&#8220; collapsed=&#8220;off&#8220; global_colors_info=&#8220;{%22#264653%22:%91%22background_color%22%93}&#8220;][et_pb_row custom_padding_last_edited=&#8220;on|desktop&#8220; _builder_version=&#8220;4.24.3&#8243; _module_preset=&#8220;c9cfaba2-2263-4f35-8227-8d16ca8bd1cc&#8220; background_color=&#8220;#FFFFFF&#8220; custom_padding=&#8220;60px|60px|60px|60px|true|true&#8220; custom_padding_tablet=&#8220;30px|30px|30px|30px|true|true&#8220; custom_padding_phone=&#8220;20px|20px|20px|20px|true|true&#8220; border_radii=&#8220;on|6px|6px|6px|6px&#8220; border_radii_tablet=&#8220;on|30px|30px|30px|30px&#8220; border_radii_phone=&#8220;on|20px|20px|20px|20px&#8220; border_radii_last_edited=&#8220;off|desktop&#8220; box_shadow_style=&#8220;preset3&#8243; box_shadow_vertical=&#8220;24px&#8220; box_shadow_blur=&#8220;72px&#8220; box_shadow_spread=&#8220;-12px&#8220; box_shadow_color=&#8220;rgba(0,0,0,0.12)&#8220; global_colors_info=&#8220;{}&#8220;][et_pb_column type=&#8220;4_4&#8243; _builder_version=&#8220;4.16&#8243; _module_preset=&#8220;73121f80-a3ef-4484-8763-c3f18e3c56d2&#8243; global_colors_info=&#8220;{}&#8220;][et_pb_heading _builder_version=&#8220;4.24.3&#8243; _module_preset=&#8220;c33f07d9-41e0-421a-8799-5799df695cce&#8220; title_level=&#8220;h2&#8243; title_font=&#8220;Space Grotesk|Space Grotesk_weight|||||||&#8220; title_text_align=&#8220;center&#8220; title_text_color=&#8220;#0e0c19&#8243; title_font_size=&#8220;50px&#8220; title_line_height=&#8220;1.2em&#8220; custom_margin=&#8220;||10px||false|false&#8220; title_font_size_tablet=&#8220;28px&#8220; title_font_size_phone=&#8220;20px&#8220; locked=&#8220;off&#8220; global_colors_info=&#8220;{}&#8220;][\/et_pb_heading][et_pb_text quote_border_color=&#8220;#2a9d8f&#8220; _builder_version=&#8220;4.27.4&#8243; _module_preset=&#8220;2c55a9c4-feed-423b-9edb-ae0b5b365cac&#8220; text_font=&#8220;Roboto|Roboto_weight|||||||&#8220; text_text_color=&#8220;#3c3a47&#8243; text_font_size=&#8220;16px&#8220; text_line_height=&#8220;1.75em&#8220; link_font=&#8220;|Roboto_weight|||||||&#8220; link_text_color=&#8220;#264653&#8243; quote_font=&#8220;Space Grotesk|Space Grotesk_weight|||||||&#8220; quote_text_color=&#8220;#0e0c19&#8243; header_font=&#8220;Space Grotesk|Space Grotesk_weight|||||||&#8220; header_text_color=&#8220;#0e0c19&#8243; header_font_size=&#8220;72px&#8220; header_line_height=&#8220;1.15em&#8220; header_2_font=&#8220;Space Grotesk|Space Grotesk_weight|||||||&#8220; header_2_text_color=&#8220;#0e0c19&#8243; header_2_font_size=&#8220;50px&#8220; header_2_line_height=&#8220;1.2em&#8220; header_3_font=&#8220;Space Grotesk|Space Grotesk_weight|||||||&#8220; header_3_text_color=&#8220;#0e0c19&#8243; header_3_font_size=&#8220;32px&#8220; header_3_line_height=&#8220;1.3em&#8220; header_4_font=&#8220;Space Grotesk|Space Grotesk_weight|||||||&#8220; header_4_text_color=&#8220;#0e0c19&#8243; header_4_font_size=&#8220;24px&#8220; header_4_line_height=&#8220;1.4em&#8220; header_5_font=&#8220;Space Grotesk|Space Grotesk_weight|||||||&#8220; header_5_text_color=&#8220;#0e0c19&#8243; header_5_font_size=&#8220;18px&#8220; header_5_line_height=&#8220;1.4em&#8220; header_6_font=&#8220;Space Grotesk|Space Grotesk_weight|||||||&#8220; header_6_text_color=&#8220;#0e0c19&#8243; header_6_line_height=&#8220;1.5em&#8220; text_orientation=&#8220;center&#8220; module_alignment=&#8220;center&#8220; custom_margin=&#8220;||||false|false&#8220; text_font_size_tablet=&#8220;15px&#8220; text_font_size_phone=&#8220;14px&#8220; text_font_size_last_edited=&#8220;on|phone&#8220; header_font_size_tablet=&#8220;40px&#8220; header_font_size_phone=&#8220;24px&#8220; header_font_size_last_edited=&#8220;on|desktop&#8220; header_2_font_size_tablet=&#8220;28px&#8220; header_2_font_size_phone=&#8220;20px&#8220; header_2_font_size_last_edited=&#8220;on|phone&#8220; header_3_font_size_tablet=&#8220;22px&#8220; header_3_font_size_phone=&#8220;17px&#8220; header_3_font_size_last_edited=&#8220;on|phone&#8220; header_4_font_size_tablet=&#8220;18px&#8220; header_4_font_size_phone=&#8220;15px&#8220; header_4_font_size_last_edited=&#8220;on|tablet&#8220; header_5_font_size_tablet=&#8220;15px&#8220; header_5_font_size_phone=&#8220;14px&#8220; header_5_font_size_last_edited=&#8220;on|desktop&#8220; header_6_font_size_tablet=&#8220;13px&#8220; header_6_font_size_phone=&#8220;13px&#8220; header_6_font_size_last_edited=&#8220;on|desktop&#8220; locked=&#8220;off&#8220; global_colors_info=&#8220;{}&#8220;]<\/p>\n<div class=\"ff-el-group ff-custom_html\" data-name=\"custom_html-9_1\" tabindex=\"-1\">\n<p style=\"text-align: left;\">Dank Ihrer Unterst\u00fctzung haben wir mit \u00fcber 10.000 Unterschriften gezeigt, dass sich die Branche vehement gegen das ungerechte TPO-Verbot in Kosmetika wehrt. Wir m\u00f6chten nun auch aufzeigen, was uns dieses Verbot wirtschaftlich kostet. <\/p>\n<p style=\"text-align: left;\">Mit Ihrer Hilfe sammeln wir die notwendigen Zahlen, um unser Dossier bei der Regierung, der Europ\u00e4ischen Kommission und dem B\u00fcrgerbeauftragten zu st\u00e4rken.<\/p>\n<p style=\"text-align: left;\">Ihre Antworten werden vertraulich behandelt und ausschlie\u00dflich in diesem Dossier verwendet. Das Ausf\u00fcllen dauert nur 2 Minuten. <\/p>\n<p style=\"text-align: left;\">Vielen Dank im Voraus f\u00fcr Ihre Unterst\u00fctzung!<\/p>\n<\/div>\n<p>[\/et_pb_text][et_pb_text admin_label=&#8220;contactformulier&#8220; _builder_version=&#8220;4.27.4&#8243; _module_preset=&#8220;default&#8220; text_font_size=&#8220;16px&#8220; text_line_height=&#8220;2em&#8220; global_colors_info=&#8220;{}&#8220;]<\/p>\n<div class='fluentform ff-default fluentform_wrapper_9 ffs_default_wrap'><form data-form_id=\"9\" id=\"fluentform_9\" class=\"frm-fluent-form fluent_form_9 ff-el-form-top ff_form_instance_9_1 ff-form-loading ffs_default\" data-form_instance=\"ff_form_instance_9_1\" method=\"POST\" ><fieldset  style=\"border: none!important;margin: 0!important;padding: 0!important;background-color: transparent!important;box-shadow: none!important;outline: none!important; min-inline-size: 100%;\">\n                    <legend class=\"ff_screen_reader_title\" style=\"display: block; margin: 0!important;padding: 0!important;height: 0!important;text-indent: -999999px;width: 0!important;overflow:hidden;\">Impact van het TPO-verbod \u2013 uw stem telt mee<\/legend><input type='hidden' name='__fluent_form_embded_post_id' value='3097' \/><input type=\"hidden\" id=\"_fluentform_9_fluentformnonce\" name=\"_fluentform_9_fluentformnonce\" value=\"7ccba53e0a\" \/><input type=\"hidden\" name=\"_wp_http_referer\" value=\"\/de\/wp-json\/wp\/v2\/pages\/3097\" \/><div class='ff-el-group'><div class=\"ff-el-input--label ff-el-is-required asterisk-right\"><label   aria-label=\"Hat Ihnen das TPO-Verbot Schaden zugef\u00fcgt?\">Hat Ihnen das TPO-Verbot Schaden zugef\u00fcgt?<\/label><\/div><div class='ff-el-input--content'><div class='ff-el-form-check ff-el-form-check-'><label class='ff-el-form-check-label' for='tpo_schade_82b522d6e73a7e37d075341b6fb1c0e0'><input  type=\"radio\" name=\"tpo_schade\" data-name=\"tpo_schade\" class=\"ff-el-form-check-input ff-el-form-check-radio\" value=\"ja\"  id='tpo_schade_82b522d6e73a7e37d075341b6fb1c0e0' aria-label='Ja' aria-invalid='false' aria-required=true> <span>Ja<\/span><\/label><\/div><div class='ff-el-form-check ff-el-form-check-'><label class='ff-el-form-check-label' for='tpo_schade_059eb89d7d515b1cf69b992c35edbd5a'><input  type=\"radio\" name=\"tpo_schade\" data-name=\"tpo_schade\" class=\"ff-el-form-check-input ff-el-form-check-radio\" value=\"nee\"  id='tpo_schade_059eb89d7d515b1cf69b992c35edbd5a' aria-label='Nein' aria-invalid='false' aria-required=true> <span>Nein<\/span><\/label><\/div><\/div><\/div><div class='ff-el-group'><div class=\"ff-el-input--label asterisk-right\"><label for='ff_9_geschatte_kost' id='label_ff_9_geschatte_kost' aria-label=\"Falls ja: Was sind die gesch\u00e4tzten Kosten f\u00fcr Ihr Unternehmen\/Ihren Salon?\">Falls ja: Was sind die gesch\u00e4tzten Kosten f\u00fcr Ihr Unternehmen\/Ihren Salon?<\/label><\/div><div class='ff-el-input--content'><select name=\"geschatte_kost\" id=\"ff_9_geschatte_kost\" class=\"ff-el-form-control\" data-name=\"geschatte_kost\" data-calc_value=\"0\"  aria-invalid=\"false\" aria-required=\"false\" aria-labelledby=\"label_ff_9_geschatte_kost\"><option value=\"\">- Ausw\u00e4hlen -<\/option><option value=\"minder_dan_1000\"  >Weniger als 1.000 \u20ac<\/option><option value=\"tussen_1000_5000\"  >Zwischen 1.000 \u20ac und 5.000 \u20ac<\/option><option value=\"tussen_5000_20000\"  >Zwischen 5.000 \u20ac und 20.000 \u20ac<\/option><option value=\"meer_dan_20000\"  >Mehr als 20.000 \u20ac<\/option><\/select><\/div><\/div><div class='ff-el-group'><div class=\"ff-el-input--label asterisk-right\"><label for='ff_9_toelichting' id='label_ff_9_toelichting' aria-label=\"K\u00f6nnen Sie eine kurze Erl\u00e4uterung geben?\">K\u00f6nnen Sie eine kurze Erl\u00e4uterung geben?<\/label><\/div><div class='ff-el-input--content'><textarea aria-required=\"false\" aria-labelledby=\"label_ff_9_toelichting\" name=\"toelichting\" id=\"ff_9_toelichting\" class=\"ff-el-form-control\" placeholder=\"z. B. weggeworfene Produkte, neue Etiketten, Kundenverlust, ...\" rows=\"3\" cols=\"2\" data-name=\"toelichting\" ><\/textarea><\/div><\/div><div class='ff-el-group'><div class=\"ff-el-input--label asterisk-right\"><label   aria-label=\"M\u00f6chten Sie, dass Ihre Aussage (anonym oder mit Namen) als Beispiel in unserem Dossier verwendet wird?\">M\u00f6chten Sie, dass Ihre Aussage (anonym oder mit Namen) als Beispiel in unserem Dossier verwendet wird?<\/label><\/div><div class='ff-el-input--content'><div class='ff-el-form-check ff-el-form-check-'><label class='ff-el-form-check-label' for='getuigenis_gebruik_cb80e0b15cf72d539a69ed95d162f0e3'><input  type=\"radio\" name=\"getuigenis_gebruik\" data-name=\"getuigenis_gebruik\" class=\"ff-el-form-check-input ff-el-form-check-radio\" value=\"ja_met_naam\"  id='getuigenis_gebruik_cb80e0b15cf72d539a69ed95d162f0e3' aria-label='Ja, mit meinem Namen' aria-invalid='false' aria-required=false> <span>Ja, mit meinem Namen<\/span><\/label><\/div><div class='ff-el-form-check ff-el-form-check-'><label class='ff-el-form-check-label' for='getuigenis_gebruik_88db9458db65ea624a64d697317f0f3e'><input  type=\"radio\" name=\"getuigenis_gebruik\" data-name=\"getuigenis_gebruik\" class=\"ff-el-form-check-input ff-el-form-check-radio\" value=\"ja_anoniem\"  id='getuigenis_gebruik_88db9458db65ea624a64d697317f0f3e' aria-label='Ja, aber anonym' aria-invalid='false' aria-required=false> <span>Ja, aber anonym<\/span><\/label><\/div><div class='ff-el-form-check ff-el-form-check-'><label class='ff-el-form-check-label' for='getuigenis_gebruik_bc00414c0205e7f5a6b21300898f77f6'><input  type=\"radio\" name=\"getuigenis_gebruik\" data-name=\"getuigenis_gebruik\" class=\"ff-el-form-check-input ff-el-form-check-radio\" value=\"nee\"  id='getuigenis_gebruik_bc00414c0205e7f5a6b21300898f77f6' aria-label='Nein' aria-invalid='false' aria-required=false> <span>Nein<\/span><\/label><\/div><\/div><\/div><div class='ff-el-group'><div class=\"ff-el-input--label asterisk-right\"><label for='ff_9_naam_bedrijfsnaam' id='label_ff_9_naam_bedrijfsnaam' aria-label=\"Name oder Firmenname (optional)\">Name oder Firmenname (optional)<\/label><\/div><div class='ff-el-input--content'><input type=\"text\" name=\"naam_bedrijfsnaam\" class=\"ff-el-form-control\" data-name=\"naam_bedrijfsnaam\" id=\"ff_9_naam_bedrijfsnaam\"  aria-invalid=\"false\" aria-required=false><\/div><\/div><div class='ff-el-group'><div class=\"ff-el-input--label asterisk-right\"><label for='ff_9_emailadres' id='label_ff_9_emailadres' aria-label=\"E-Mail-Adresse (f\u00fcr Updates zum Dossier \u2013 niemals f\u00fcr kommerzielle Zwecke)\">E-Mail-Adresse (f\u00fcr Updates zum Dossier \u2013 niemals f\u00fcr kommerzielle Zwecke)<\/label><\/div><div class='ff-el-input--content'><input type=\"email\" name=\"emailadres\" id=\"ff_9_emailadres\" class=\"ff-el-form-control\" data-name=\"emailadres\"  aria-invalid=\"false\" aria-required=false><\/div><\/div><div class='ff-el-group  ff-custom_html' tabindex='-1' data-name=\"custom_html-9_1\" >Vielen Dank f\u00fcr Ihre Teilnahme. Mit Ihrem Beitrag st\u00e4rken wir unseren Kampf f\u00fcr eine faire, proportionale und wissenschaftlich fundierte Regulierung im Kosmetiksektor. <\/div><div class='ff-el-group ff-text-left ff_submit_btn_wrapper'><button type=\"submit\" class=\"ff-btn ff-btn-submit ff-btn-md ff_btn_style\"  aria-label=\"Verstuur formulier\">Verstuur formulier<\/button><\/div><\/fieldset><\/form><div id='fluentform_9_errors' class='ff-errors-in-stack ff_form_instance_9_1 ff-form-loading_errors ff_form_instance_9_1_errors'><\/div><\/div>            <script type=\"text\/javascript\">\n                window.fluent_form_ff_form_instance_9_1 = {\"id\":\"9\",\"ajaxUrl\":\"https:\\\/\\\/www.tpo-eu.com\\\/wp-admin\\\/admin-ajax.php\",\"settings\":{\"layout\":{\"labelPlacement\":\"top\",\"asteriskPlacement\":\"asterisk-right\",\"helpMessagePlacement\":\"with_label\",\"errorMessagePlacement\":\"inline\",\"cssClassName\":\"\"},\"restrictions\":{\"denyEmptySubmission\":{\"enabled\":false}}},\"form_instance\":\"ff_form_instance_9_1\",\"form_id_selector\":\"fluentform_9\",\"rules\":{\"tpo_schade\":{\"required\":{\"value\":true,\"message\":\"Dieses Feld ist erforderlich\",\"global_message\":\"This field is required\",\"global\":true}},\"geschatte_kost\":{\"required\":{\"value\":false,\"message\":\"Dieses Feld ist erforderlich\",\"global_message\":\"This field is required\",\"global\":true}},\"toelichting\":{\"required\":{\"value\":false,\"message\":\"Dieses Feld ist erforderlich\",\"global_message\":\"This field is required\",\"global\":true}},\"getuigenis_gebruik\":{\"required\":{\"value\":false,\"message\":\"Dieses Feld ist erforderlich\",\"global_message\":\"This field is required\",\"global\":true}},\"naam_bedrijfsnaam\":{\"required\":{\"value\":false,\"message\":\"Dieses Feld ist erforderlich\",\"global_message\":\"This field is required\",\"global\":true}},\"emailadres\":{\"required\":{\"value\":false,\"message\":\"Dieses Feld ist erforderlich\",\"global_message\":\"This field is required\",\"global\":true},\"email\":{\"value\":true,\"message\":\"Dieses Feld muss eine g\\u00fcltige E-Mail-Adresse enthalten\",\"global_message\":\"This field must contain a valid email\",\"global\":true}}},\"debounce_time\":300};\n                            <\/script>\n            \n<p>[\/et_pb_text][\/et_pb_column][\/et_pb_row][\/et_pb_section]<\/p>\n","protected":false},"excerpt":{"rendered":"<p>Dank Ihrer Unterst\u00fctzung haben wir mit \u00fcber 10.000 Unterschriften gezeigt, dass sich die Branche vehement gegen das ungerechte TPO-Verbot in Kosmetika wehrt. Wir m\u00f6chten nun auch aufzeigen, was uns dieses Verbot wirtschaftlich kostet. Mit Ihrer Hilfe sammeln wir die notwendigen Zahlen, um unser Dossier bei der Regierung, der Europ\u00e4ischen Kommission und dem B\u00fcrgerbeauftragten zu st\u00e4rken. [&hellip;]<\/p>\n","protected":false},"author":1,"featured_media":0,"parent":0,"menu_order":0,"comment_status":"closed","ping_status":"closed","template":"","meta":{"_et_pb_use_builder":"on","_et_pb_old_content":"","_et_gb_content_width":"","footnotes":""},"class_list":["post-3097","page","type-page","status-publish","hentry"],"_links":{"self":[{"href":"https:\/\/www.tpo-eu.com\/de\/wp-json\/wp\/v2\/pages\/3097","targetHints":{"allow":["GET"]}}],"collection":[{"href":"https:\/\/www.tpo-eu.com\/de\/wp-json\/wp\/v2\/pages"}],"about":[{"href":"https:\/\/www.tpo-eu.com\/de\/wp-json\/wp\/v2\/types\/page"}],"author":[{"embeddable":true,"href":"https:\/\/www.tpo-eu.com\/de\/wp-json\/wp\/v2\/users\/1"}],"replies":[{"embeddable":true,"href":"https:\/\/www.tpo-eu.com\/de\/wp-json\/wp\/v2\/comments?post=3097"}],"version-history":[{"count":13,"href":"https:\/\/www.tpo-eu.com\/de\/wp-json\/wp\/v2\/pages\/3097\/revisions"}],"predecessor-version":[{"id":3383,"href":"https:\/\/www.tpo-eu.com\/de\/wp-json\/wp\/v2\/pages\/3097\/revisions\/3383"}],"wp:attachment":[{"href":"https:\/\/www.tpo-eu.com\/de\/wp-json\/wp\/v2\/media?parent=3097"}],"curies":[{"name":"wp","href":"https:\/\/api.w.org\/{rel}","templated":true}]}}