{"id":1408,"date":"2025-08-01T15:09:06","date_gmt":"2025-08-01T13:09:06","guid":{"rendered":"https:\/\/www.tpo-eu.com\/informar-de-una-traduccion-incorrecta\/"},"modified":"2025-08-04T16:56:36","modified_gmt":"2025-08-04T14:56:36","slug":"informar-de-una-traduccion-incorrecta","status":"publish","type":"page","link":"https:\/\/www.tpo-eu.com\/es\/informar-de-una-traduccion-incorrecta\/","title":{"rendered":"Informar de una traducci\u00f3n incorrecta"},"content":{"rendered":"<p>[et_pb_section fb_built=\u00bb1&#8243; next_background_color=\u00bb#dbe0dd\u00bb _builder_version=\u00bb4.27.4&#8243; background_color=\u00bb#000000&#8243; background_image=\u00bbhttps:\/\/www.tpo-eu.com\/wp-content\/uploads\/2025\/07\/background-chem.jpg\u00bb parallax=\u00bbon\u00bb custom_padding=\u00bb4vw||2vw||false|false\u00bb bottom_divider_style=\u00bbramp2&#8243; bottom_divider_height=\u00bb10vw\u00bb bottom_divider_flip=\u00bbhorizontal\u00bb locked=\u00bboff\u00bb global_colors_info=\u00bb{}\u00bb][et_pb_row _builder_version=\u00bb4.16&#8243; global_colors_info=\u00bb{}\u00bb][et_pb_column type=\u00bb4_4&#8243; _builder_version=\u00bb4.16&#8243; global_colors_info=\u00bb{}\u00bb][et_pb_heading title=\u00bb@ET-DC@eyJkeW5hbWljIjp0cnVlLCJjb250ZW50IjoicG9zdF90aXRsZSIsInNldHRpbmdzIjp7ImJlZm9yZSI6IiIsImFmdGVyIjoiIiwiZW5hYmxlX2h0bWwiOiJvZmYifX0=@\u00bb _builder_version=\u00bb4.27.4&#8243; _dynamic_attributes=\u00bbtitle\u00bb _module_preset=\u00bbddeb8c09-9078-4424-bc15-2efb6572e28e\u00bb title_font=\u00bbSpace Grotesk|700|||||||\u00bb title_font_size=\u00bb70px\u00bb hover_enabled=\u00bb0&#8243; locked=\u00bboff\u00bb global_colors_info=\u00bb{}\u00bb sticky_enabled=\u00bb0&#8243;][\/et_pb_heading][\/et_pb_column][\/et_pb_row][\/et_pb_section][et_pb_section fb_built=\u00bb1&#8243; admin_label=\u00bbLead Generation\u00bb _builder_version=\u00bb4.27.4&#8243; _module_preset=\u00bbdefault\u00bb background_color=\u00bb#dbe0dd\u00bb custom_padding=\u00bb45px|||||\u00bb locked=\u00bboff\u00bb collapsed=\u00bboff\u00bb global_colors_info=\u00bb{%22#264653%22:%91%22background_color%22%93}\u00bb][et_pb_row custom_padding_last_edited=\u00bbon|desktop\u00bb _builder_version=\u00bb4.24.3&#8243; _module_preset=\u00bbc9cfaba2-2263-4f35-8227-8d16ca8bd1cc\u00bb background_color=\u00bb#FFFFFF\u00bb custom_padding=\u00bb60px|60px|60px|60px|true|true\u00bb custom_padding_tablet=\u00bb30px|30px|30px|30px|true|true\u00bb custom_padding_phone=\u00bb20px|20px|20px|20px|true|true\u00bb border_radii=\u00bbon|6px|6px|6px|6px\u00bb border_radii_tablet=\u00bbon|30px|30px|30px|30px\u00bb border_radii_phone=\u00bbon|20px|20px|20px|20px\u00bb border_radii_last_edited=\u00bboff|desktop\u00bb box_shadow_style=\u00bbpreset3&#8243; box_shadow_vertical=\u00bb24px\u00bb box_shadow_blur=\u00bb72px\u00bb box_shadow_spread=\u00bb-12px\u00bb box_shadow_color=\u00bbrgba(0,0,0,0.12)\u00bb global_colors_info=\u00bb{}\u00bb][et_pb_column type=\u00bb4_4&#8243; _builder_version=\u00bb4.16&#8243; _module_preset=\u00bb73121f80-a3ef-4484-8763-c3f18e3c56d2&#8243; global_colors_info=\u00bb{}\u00bb][et_pb_heading _builder_version=\u00bb4.24.3&#8243; _module_preset=\u00bbc33f07d9-41e0-421a-8799-5799df695cce\u00bb title_level=\u00bbh2&#8243; title_font=\u00bbSpace Grotesk|Space Grotesk_weight|||||||\u00bb title_text_align=\u00bbcenter\u00bb title_text_color=\u00bb#0e0c19&#8243; title_font_size=\u00bb50px\u00bb title_line_height=\u00bb1.2em\u00bb custom_margin=\u00bb||10px||false|false\u00bb title_font_size_tablet=\u00bb28px\u00bb title_font_size_phone=\u00bb20px\u00bb locked=\u00bboff\u00bb global_colors_info=\u00bb{}\u00bb][\/et_pb_heading][et_pb_text quote_border_color=\u00bb#2a9d8f\u00bb _builder_version=\u00bb4.27.4&#8243; _module_preset=\u00bb2c55a9c4-feed-423b-9edb-ae0b5b365cac\u00bb text_font=\u00bbRoboto|Roboto_weight|||||||\u00bb text_text_color=\u00bb#3c3a47&#8243; text_font_size=\u00bb16px\u00bb text_line_height=\u00bb1.75em\u00bb link_font=\u00bb|Roboto_weight|||||||\u00bb link_text_color=\u00bb#264653&#8243; quote_font=\u00bbSpace Grotesk|Space Grotesk_weight|||||||\u00bb quote_text_color=\u00bb#0e0c19&#8243; header_font=\u00bbSpace Grotesk|Space Grotesk_weight|||||||\u00bb header_text_color=\u00bb#0e0c19&#8243; header_font_size=\u00bb72px\u00bb header_line_height=\u00bb1.15em\u00bb header_2_font=\u00bbSpace Grotesk|Space Grotesk_weight|||||||\u00bb header_2_text_color=\u00bb#0e0c19&#8243; header_2_font_size=\u00bb50px\u00bb header_2_line_height=\u00bb1.2em\u00bb header_3_font=\u00bbSpace Grotesk|Space Grotesk_weight|||||||\u00bb header_3_text_color=\u00bb#0e0c19&#8243; header_3_font_size=\u00bb32px\u00bb header_3_line_height=\u00bb1.3em\u00bb header_4_font=\u00bbSpace Grotesk|Space Grotesk_weight|||||||\u00bb header_4_text_color=\u00bb#0e0c19&#8243; header_4_font_size=\u00bb24px\u00bb header_4_line_height=\u00bb1.4em\u00bb header_5_font=\u00bbSpace Grotesk|Space Grotesk_weight|||||||\u00bb header_5_text_color=\u00bb#0e0c19&#8243; header_5_font_size=\u00bb18px\u00bb header_5_line_height=\u00bb1.4em\u00bb header_6_font=\u00bbSpace Grotesk|Space Grotesk_weight|||||||\u00bb header_6_text_color=\u00bb#0e0c19&#8243; header_6_line_height=\u00bb1.5em\u00bb text_orientation=\u00bbcenter\u00bb module_alignment=\u00bbcenter\u00bb custom_margin=\u00bb||||false|false\u00bb text_font_size_tablet=\u00bb15px\u00bb text_font_size_phone=\u00bb14px\u00bb text_font_size_last_edited=\u00bbon|phone\u00bb header_font_size_tablet=\u00bb40px\u00bb header_font_size_phone=\u00bb24px\u00bb header_font_size_last_edited=\u00bbon|desktop\u00bb header_2_font_size_tablet=\u00bb28px\u00bb header_2_font_size_phone=\u00bb20px\u00bb header_2_font_size_last_edited=\u00bbon|phone\u00bb header_3_font_size_tablet=\u00bb22px\u00bb header_3_font_size_phone=\u00bb17px\u00bb header_3_font_size_last_edited=\u00bbon|phone\u00bb header_4_font_size_tablet=\u00bb18px\u00bb header_4_font_size_phone=\u00bb15px\u00bb header_4_font_size_last_edited=\u00bbon|tablet\u00bb header_5_font_size_tablet=\u00bb15px\u00bb header_5_font_size_phone=\u00bb14px\u00bb header_5_font_size_last_edited=\u00bbon|desktop\u00bb header_6_font_size_tablet=\u00bb13px\u00bb header_6_font_size_phone=\u00bb13px\u00bb header_6_font_size_last_edited=\u00bbon|desktop\u00bb locked=\u00bboff\u00bb global_colors_info=\u00bb{}\u00bb]<\/p>\n<p>Los textos de este sitio web se han traducido del neerland\u00e9s con ayuda de la IA. Hacemos todo lo posible para minimizar los errores. Si encuentra un error de traducci\u00f3n, inf\u00f3rmenos a trav\u00e9s del siguiente formulario. \u00a1Gracias por ayudarnos a mejorar!   <\/p>\n<p>[\/et_pb_text][et_pb_text admin_label=\u00bbcontactformulier\u00bb _builder_version=\u00bb4.27.4&#8243; _module_preset=\u00bbdefault\u00bb global_colors_info=\u00bb{}\u00bb]<\/p>\n<div class='fluentform ff-default fluentform_wrapper_8 ffs_default_wrap'><form data-form_id=\"8\" id=\"fluentform_8\" class=\"frm-fluent-form fluent_form_8 ff-el-form-top ff_form_instance_8_1 ff-form-loading ffs_default\" data-form_instance=\"ff_form_instance_8_1\" method=\"POST\" ><fieldset  style=\"border: none!important;margin: 0!important;padding: 0!important;background-color: transparent!important;box-shadow: none!important;outline: none!important; min-inline-size: 100%;\">\n                    <legend class=\"ff_screen_reader_title\" style=\"display: block; margin: 0!important;padding: 0!important;height: 0!important;text-indent: -999999px;width: 0!important;overflow:hidden;\">Foutieve vertaling rapporteren<\/legend><input type='hidden' name='__fluent_form_embded_post_id' value='1408' \/><input type=\"hidden\" id=\"_fluentform_8_fluentformnonce\" name=\"_fluentform_8_fluentformnonce\" value=\"4d864a760f\" \/><input type=\"hidden\" name=\"_wp_http_referer\" value=\"\/es\/wp-json\/wp\/v2\/pages\/1408\" \/><div class='ff-el-group'><div class=\"ff-el-input--label ff-el-is-required asterisk-right\"><label for='ff_8_page_url' id='label_ff_8_page_url' aria-label=\"URL de la p\u00e1gina\">URL de la p\u00e1gina<\/label><\/div><div class='ff-el-input--content'><input type=\"text\" name=\"page_url\" class=\"ff-el-form-control\" placeholder=\"Pegue aqu\u00ed la direcci\u00f3n de la p\u00e1gina con el error de traducci\u00f3n.\" data-name=\"page_url\" id=\"ff_8_page_url\"  aria-invalid=\"false\" aria-required=true><\/div><\/div><div class='ff-el-group'><div class=\"ff-el-input--label asterisk-right\"><label for='ff_8_original_text' id='label_ff_8_original_text' aria-label=\"Texto original en neerland\u00e9s (no obligatorio)\">Texto original en neerland\u00e9s (no obligatorio)<\/label><\/div><div class='ff-el-input--content'><textarea aria-required=\"false\" aria-labelledby=\"label_ff_8_original_text\" name=\"original_text\" id=\"ff_8_original_text\" class=\"ff-el-form-control\" placeholder=\"Pegue aqu\u00ed opcionalmente la parte del texto err\u00f3nea.\" rows=\"3\" cols=\"2\" data-name=\"original_text\" ><\/textarea><\/div><\/div><div class='ff-el-group'><div class=\"ff-el-input--label ff-el-is-required asterisk-right\"><label for='ff_8_translated_text' id='label_ff_8_translated_text' aria-label=\"Traducci\u00f3n err\u00f3nea\">Traducci\u00f3n err\u00f3nea<\/label><\/div><div class='ff-el-input--content'><textarea aria-required=\"true\" aria-labelledby=\"label_ff_8_translated_text\" name=\"translated_text\" id=\"ff_8_translated_text\" class=\"ff-el-form-control\" placeholder=\"Pegue aqu\u00ed el texto traducido err\u00f3neamente\" rows=\"3\" cols=\"2\" data-name=\"translated_text\" ><\/textarea><\/div><\/div><div class='ff-el-group'><div class=\"ff-el-input--label ff-el-is-required asterisk-right\"><label for='ff_8_suggested_correction' id='label_ff_8_suggested_correction' aria-label=\"Correcci\u00f3n\">Correcci\u00f3n<\/label><\/div><div class='ff-el-input--content'><textarea aria-required=\"true\" aria-labelledby=\"label_ff_8_suggested_correction\" name=\"suggested_correction\" id=\"ff_8_suggested_correction\" class=\"ff-el-form-control\" placeholder=\"Pegue aqu\u00ed la mejora propuesta\" rows=\"3\" cols=\"2\" data-name=\"suggested_correction\" ><\/textarea><\/div><\/div><div class='ff-el-group'><div class=\"ff-el-input--label asterisk-right\"><label for='ff_8_email' id='label_ff_8_email' aria-label=\"Direcci\u00f3n de correo electr\u00f3nico\">Direcci\u00f3n de correo electr\u00f3nico<\/label><\/div><div class='ff-el-input--content'><input type=\"email\" name=\"email\" id=\"ff_8_email\" class=\"ff-el-form-control\" placeholder=\"Introduzca aqu\u00ed su direcci\u00f3n de correo electr\u00f3nico (no obligatorio)\" data-name=\"email\"  aria-invalid=\"false\" aria-required=false><\/div><\/div><div class='ff-el-group ff-text-left ff_submit_btn_wrapper'><button type=\"submit\" class=\"ff-btn ff-btn-submit ff-btn-md ff_btn_style\"  aria-label=\"Enviar\">Enviar<\/button><\/div><\/fieldset><\/form><div id='fluentform_8_errors' class='ff-errors-in-stack ff_form_instance_8_1 ff-form-loading_errors ff_form_instance_8_1_errors'><\/div><\/div>            <script type=\"text\/javascript\">\n                window.fluent_form_ff_form_instance_8_1 = {\"id\":\"8\",\"ajaxUrl\":\"https:\\\/\\\/www.tpo-eu.com\\\/wp-admin\\\/admin-ajax.php\",\"settings\":{\"layout\":{\"labelPlacement\":\"top\",\"asteriskPlacement\":\"asterisk-right\",\"helpMessagePlacement\":\"with_label\",\"errorMessagePlacement\":\"inline\",\"cssClassName\":\"\"},\"restrictions\":{\"denyEmptySubmission\":{\"enabled\":false}}},\"form_instance\":\"ff_form_instance_8_1\",\"form_id_selector\":\"fluentform_8\",\"rules\":{\"page_url\":{\"required\":{\"value\":true,\"message\":\"Introduzca la direcci\\u00f3n de la p\\u00e1gina con el error de traducci\\u00f3n.\",\"global\":false,\"global_message\":\"This field is required\"}},\"original_text\":{\"required\":{\"value\":false,\"message\":\"Introduzca el texto original en neerland\\u00e9s.\",\"global\":false,\"global_message\":\"This field is required\"}},\"translated_text\":{\"required\":{\"value\":true,\"message\":\"Introduzca el texto traducido err\\u00f3neamente\",\"global\":false,\"global_message\":\"This field is required\"}},\"suggested_correction\":{\"required\":{\"value\":true,\"message\":\"Por favor, introduzca el texto corregido\",\"global\":false,\"global_message\":\"This field is required\"}},\"email\":{\"email\":{\"value\":true,\"message\":\"La direcci\\u00f3n de correo electr\\u00f3nico introducida no es v\\u00e1lida.\",\"global\":false,\"global_message\":\"This field must contain a valid email\"}}},\"debounce_time\":300};\n                            <\/script>\n            \n<p>[\/et_pb_text][\/et_pb_column][\/et_pb_row][\/et_pb_section]<\/p>\n","protected":false},"excerpt":{"rendered":"<p>Los textos de este sitio web se han traducido del neerland\u00e9s con ayuda de la IA. Hacemos todo lo posible para minimizar los errores. Si encuentra un error de traducci\u00f3n, inf\u00f3rmenos a trav\u00e9s del siguiente formulario. \u00a1Gracias por ayudarnos a mejorar! <div class='fluentform ff-default fluentform_wrapper_8 ffs_default_wrap'><form data-form_id=\"8\" id=\"fluentform_8\" class=\"frm-fluent-form fluent_form_8 ff-el-form-top ff_form_instance_8_2 ff-form-loading ffs_default\" data-form_instance=\"ff_form_instance_8_2\" method=\"POST\" ><fieldset  style=\"border: none!important;margin: 0!important;padding: 0!important;background-color: transparent!important;box-shadow: none!important;outline: none!important; min-inline-size: 100%;\">\n                    <legend class=\"ff_screen_reader_title\" style=\"display: block; margin: 0!important;padding: 0!important;height: 0!important;text-indent: -999999px;width: 0!important;overflow:hidden;\">Foutieve vertaling rapporteren<\/legend><input type='hidden' name='__fluent_form_embded_post_id' value='1408' \/><input type=\"hidden\" id=\"_fluentform_8_fluentformnonce\" name=\"_fluentform_8_fluentformnonce\" value=\"4d864a760f\" \/><input type=\"hidden\" name=\"_wp_http_referer\" value=\"\/es\/wp-json\/wp\/v2\/pages\/1408\" \/><div class='ff-el-group'><div class=\"ff-el-input--label ff-el-is-required asterisk-right\"><label for='ff_8_2_page_url' id='label_ff_8_2_page_url' aria-label=\"URL de la p\u00e1gina\">URL de la p\u00e1gina<\/label><\/div><div class='ff-el-input--content'><input type=\"text\" name=\"page_url\" class=\"ff-el-form-control\" placeholder=\"Pegue aqu\u00ed la direcci\u00f3n de la p\u00e1gina con el error de traducci\u00f3n.\" data-name=\"page_url\" id=\"ff_8_2_page_url\"  aria-invalid=\"false\" aria-required=true><\/div><\/div><div class='ff-el-group'><div class=\"ff-el-input--label asterisk-right\"><label for='ff_8_2_original_text' id='label_ff_8_2_original_text' aria-label=\"Texto original en neerland\u00e9s (no obligatorio)\">Texto original en neerland\u00e9s (no obligatorio)<\/label><\/div><div class='ff-el-input--content'><textarea aria-required=\"false\" aria-labelledby=\"label_ff_8_2_original_text\" name=\"original_text\" id=\"ff_8_2_original_text\" class=\"ff-el-form-control\" placeholder=\"Pegue aqu\u00ed opcionalmente la parte del texto err\u00f3nea.\" rows=\"3\" cols=\"2\" data-name=\"original_text\" ><\/textarea><\/div><\/div><div class='ff-el-group'><div class=\"ff-el-input--label ff-el-is-required asterisk-right\"><label for='ff_8_2_translated_text' id='label_ff_8_2_translated_text' aria-label=\"Traducci\u00f3n err\u00f3nea\">Traducci\u00f3n err\u00f3nea<\/label><\/div><div class='ff-el-input--content'><textarea aria-required=\"true\" aria-labelledby=\"label_ff_8_2_translated_text\" name=\"translated_text\" id=\"ff_8_2_translated_text\" class=\"ff-el-form-control\" placeholder=\"Pegue aqu\u00ed el texto traducido err\u00f3neamente\" rows=\"3\" cols=\"2\" data-name=\"translated_text\" ><\/textarea><\/div><\/div><div class='ff-el-group'><div class=\"ff-el-input--label ff-el-is-required asterisk-right\"><label for='ff_8_2_suggested_correction' id='label_ff_8_2_suggested_correction' aria-label=\"Correcci\u00f3n\">Correcci\u00f3n<\/label><\/div><div class='ff-el-input--content'><textarea aria-required=\"true\" aria-labelledby=\"label_ff_8_2_suggested_correction\" name=\"suggested_correction\" id=\"ff_8_2_suggested_correction\" class=\"ff-el-form-control\" placeholder=\"Pegue aqu\u00ed la mejora propuesta\" rows=\"3\" cols=\"2\" data-name=\"suggested_correction\" ><\/textarea><\/div><\/div><div class='ff-el-group'><div class=\"ff-el-input--label asterisk-right\"><label for='ff_8_2_email' id='label_ff_8_2_email' aria-label=\"Direcci\u00f3n de correo electr\u00f3nico\">Direcci\u00f3n de correo electr\u00f3nico<\/label><\/div><div class='ff-el-input--content'><input type=\"email\" name=\"email\" id=\"ff_8_2_email\" class=\"ff-el-form-control\" placeholder=\"Introduzca aqu\u00ed su direcci\u00f3n de correo electr\u00f3nico (no obligatorio)\" data-name=\"email\"  aria-invalid=\"false\" aria-required=false><\/div><\/div><div class='ff-el-group ff-text-left ff_submit_btn_wrapper'><button type=\"submit\" class=\"ff-btn ff-btn-submit ff-btn-md ff_btn_style\"  aria-label=\"Enviar\">Enviar<\/button><\/div><\/fieldset><\/form><div id='fluentform_8_errors' class='ff-errors-in-stack ff_form_instance_8_2 ff-form-loading_errors ff_form_instance_8_2_errors'><\/div><\/div>            <script type=\"text\/javascript\">\n                window.fluent_form_ff_form_instance_8_2 = {\"id\":\"8\",\"ajaxUrl\":\"https:\\\/\\\/www.tpo-eu.com\\\/wp-admin\\\/admin-ajax.php\",\"settings\":{\"layout\":{\"labelPlacement\":\"top\",\"asteriskPlacement\":\"asterisk-right\",\"helpMessagePlacement\":\"with_label\",\"errorMessagePlacement\":\"inline\",\"cssClassName\":\"\"},\"restrictions\":{\"denyEmptySubmission\":{\"enabled\":false}}},\"form_instance\":\"ff_form_instance_8_2\",\"form_id_selector\":\"fluentform_8\",\"rules\":{\"page_url\":{\"required\":{\"value\":true,\"message\":\"Introduzca la direcci\\u00f3n de la p\\u00e1gina con el error de traducci\\u00f3n.\",\"global\":false,\"global_message\":\"This field is required\"}},\"original_text\":{\"required\":{\"value\":false,\"message\":\"Introduzca el texto original en neerland\\u00e9s.\",\"global\":false,\"global_message\":\"This field is required\"}},\"translated_text\":{\"required\":{\"value\":true,\"message\":\"Introduzca el texto traducido err\\u00f3neamente\",\"global\":false,\"global_message\":\"This field is required\"}},\"suggested_correction\":{\"required\":{\"value\":true,\"message\":\"Por favor, introduzca el texto corregido\",\"global\":false,\"global_message\":\"This field is required\"}},\"email\":{\"email\":{\"value\":true,\"message\":\"La direcci\\u00f3n de correo electr\\u00f3nico introducida no es v\\u00e1lida.\",\"global\":false,\"global_message\":\"This field must contain a valid email\"}}},\"debounce_time\":300};\n                            <\/script>\n            <\/p>\n","protected":false},"author":1,"featured_media":0,"parent":0,"menu_order":0,"comment_status":"closed","ping_status":"closed","template":"","meta":{"_et_pb_use_builder":"on","_et_pb_old_content":"","_et_gb_content_width":"","footnotes":""},"class_list":["post-1408","page","type-page","status-publish","hentry"],"_links":{"self":[{"href":"https:\/\/www.tpo-eu.com\/es\/wp-json\/wp\/v2\/pages\/1408","targetHints":{"allow":["GET"]}}],"collection":[{"href":"https:\/\/www.tpo-eu.com\/es\/wp-json\/wp\/v2\/pages"}],"about":[{"href":"https:\/\/www.tpo-eu.com\/es\/wp-json\/wp\/v2\/types\/page"}],"author":[{"embeddable":true,"href":"https:\/\/www.tpo-eu.com\/es\/wp-json\/wp\/v2\/users\/1"}],"replies":[{"embeddable":true,"href":"https:\/\/www.tpo-eu.com\/es\/wp-json\/wp\/v2\/comments?post=1408"}],"version-history":[{"count":2,"href":"https:\/\/www.tpo-eu.com\/es\/wp-json\/wp\/v2\/pages\/1408\/revisions"}],"predecessor-version":[{"id":1410,"href":"https:\/\/www.tpo-eu.com\/es\/wp-json\/wp\/v2\/pages\/1408\/revisions\/1410"}],"wp:attachment":[{"href":"https:\/\/www.tpo-eu.com\/es\/wp-json\/wp\/v2\/media?parent=1408"}],"curies":[{"name":"wp","href":"https:\/\/api.w.org\/{rel}","templated":true}]}}