{"id":1433,"date":"2025-07-30T17:16:59","date_gmt":"2025-07-30T15:16:59","guid":{"rendered":"https:\/\/www.tpo-eu.com\/tus-productos\/"},"modified":"2025-08-04T17:05:26","modified_gmt":"2025-08-04T15:05:26","slug":"tus-productos","status":"publish","type":"page","link":"https:\/\/www.tpo-eu.com\/es\/tus-productos\/","title":{"rendered":"Tus productos"},"content":{"rendered":"<p>[et_pb_section fb_built=\u00bb1&#8243; next_background_color=\u00bb#ffffff\u00bb _builder_version=\u00bb4.27.4&#8243; background_color=\u00bb#000000&#8243; background_image=\u00bbhttps:\/\/www.tpo-eu.com\/wp-content\/uploads\/2025\/07\/background-chem.jpg\u00bb parallax=\u00bbon\u00bb custom_padding=\u00bb4vw||2vw||false|false\u00bb bottom_divider_style=\u00bbramp2&#8243; bottom_divider_height=\u00bb10vw\u00bb bottom_divider_flip=\u00bbhorizontal\u00bb locked=\u00bboff\u00bb global_colors_info=\u00bb{}\u00bb][et_pb_row _builder_version=\u00bb4.16&#8243; global_colors_info=\u00bb{}\u00bb][et_pb_column type=\u00bb4_4&#8243; _builder_version=\u00bb4.16&#8243; global_colors_info=\u00bb{}\u00bb][et_pb_heading title=\u00bb@ET-DC@eyJkeW5hbWljIjp0cnVlLCJjb250ZW50IjoicG9zdF90aXRsZSIsInNldHRpbmdzIjp7ImJlZm9yZSI6IiIsImFmdGVyIjoiIn19@\u00bb _builder_version=\u00bb4.27.4&#8243; _dynamic_attributes=\u00bbtitle\u00bb _module_preset=\u00bbddeb8c09-9078-4424-bc15-2efb6572e28e\u00bb title_font=\u00bbSpace Grotesk|700|||||||\u00bb title_font_size=\u00bb70px\u00bb locked=\u00bboff\u00bb global_colors_info=\u00bb{}\u00bb][\/et_pb_heading][\/et_pb_column][\/et_pb_row][\/et_pb_section][et_pb_section fb_built=\u00bb1&#8243; _builder_version=\u00bb4.27.4&#8243; _module_preset=\u00bbdefault\u00bb global_colors_info=\u00bb{}\u00bb][et_pb_row _builder_version=\u00bb4.27.4&#8243; _module_preset=\u00bbdefault\u00bb global_colors_info=\u00bb{}\u00bb][et_pb_column type=\u00bb4_4&#8243; _builder_version=\u00bb4.27.4&#8243; _module_preset=\u00bbdefault\u00bb global_colors_info=\u00bb{}\u00bb][et_pb_text _builder_version=\u00bb4.27.4&#8243; _module_preset=\u00bbdefault\u00bb hover_enabled=\u00bb0&#8243; global_colors_info=\u00bb{}\u00bb sticky_enabled=\u00bb0&#8243;]<\/p>\n<h1><strong>\u00bfC\u00f3mo saber si tus productos contienen TPO?<\/strong><\/h1>\n<p>En primer lugar, es importante saber que solo tienes que comprobar los productos que se endurecen bajo una l\u00e1mpara, como los geles, el BIAB, los topcoats y el esmalte de gel. Los productos que no se endurecen, como el esmalte de u\u00f1as, los productos de cuidado o los l\u00edquidos, no suelen contener TPO.<\/p>\n<p>Que un producto contenga TPO depende de varios factores, como la fecha de compra, el n\u00famero de lote y el lote espec\u00edfico.<br \/>Por lo tanto, no puedes comprobarlo a trav\u00e9s de una lista general, sino que debes comprobar cada producto individualmente.<\/p>\n<p><b>\u00bfC\u00f3mo se hace?<\/b><br \/>Coge el frasco o el bote y consulta la lista de ingredientes (INCI) en la etiqueta.<br \/>Comprueba si est\u00e1 presente alguna de las siguientes indicaciones:<\/p>\n<ul>\n<li aria-level=\"1\">\u00d3xido de trimetilbenzoil difenilfosfina<\/li>\n<li aria-level=\"1\">\u00d3xido de difenil(2,4,6-trimetilbenzoil)fosfina<\/li>\n<li aria-level=\"1\">\u00d3xido de (2,4,6-trimetilbenzoil) difenilfosfina<\/li>\n<\/ul>\n<p>\u00bfAparece este ingrediente en la etiqueta? Entonces, el producto contiene TPO y <b>no podr\u00e1 utilizarse ni venderse a partir del 1 de septiembre de 2025<\/b> en la Uni\u00f3n Europea.<\/p>\n<p><b>Atenci\u00f3n:<\/b> A veces, los ingredientes se mencionan con nombres diferentes o comerciales que no se encuentran en las listas oficiales.<br \/>Si dicho nombre no tiene un n\u00famero CAS reconocido, el ingrediente no entra oficialmente dentro de la normativa.<br \/>Sin un n\u00famero CAS correcto, no se puede determinar con certeza si el producto est\u00e1 legalmente permitido o no.<br \/>En ese caso, es aconsejable extremar la precauci\u00f3n y solicitar m\u00e1s informaci\u00f3n al proveedor.<\/p>\n<p>[\/et_pb_text][et_pb_image src=\u00bbhttps:\/\/www.tpo-eu.com\/wp-content\/uploads\/2025\/07\/tpo-table.png\u00bb _builder_version=\u00bb4.27.4&#8243; _module_preset=\u00bbdefault\u00bb global_colors_info=\u00bb{}\u00bb][\/et_pb_image][et_pb_image _builder_version=\u00bb4.27.4&#8243; _module_preset=\u00bbdefault\u00bb global_colors_info=\u00bb{}\u00bb][\/et_pb_image][\/et_pb_column][\/et_pb_row][\/et_pb_section]<\/p>\n","protected":false},"excerpt":{"rendered":"<p>\u00bfC\u00f3mo saber si tus productos contienen TPO? En primer lugar, es importante saber que solo tienes que comprobar los productos que se endurecen bajo una l\u00e1mpara, como los geles, el BIAB, los topcoats y el esmalte de gel. Los productos que no se endurecen, como el esmalte de u\u00f1as, los productos de cuidado o los [&hellip;]<\/p>\n","protected":false},"author":1,"featured_media":0,"parent":0,"menu_order":0,"comment_status":"closed","ping_status":"closed","template":"","meta":{"_et_pb_use_builder":"on","_et_pb_old_content":"","_et_gb_content_width":"","footnotes":""},"class_list":["post-1433","page","type-page","status-publish","hentry"],"_links":{"self":[{"href":"https:\/\/www.tpo-eu.com\/es\/wp-json\/wp\/v2\/pages\/1433","targetHints":{"allow":["GET"]}}],"collection":[{"href":"https:\/\/www.tpo-eu.com\/es\/wp-json\/wp\/v2\/pages"}],"about":[{"href":"https:\/\/www.tpo-eu.com\/es\/wp-json\/wp\/v2\/types\/page"}],"author":[{"embeddable":true,"href":"https:\/\/www.tpo-eu.com\/es\/wp-json\/wp\/v2\/users\/1"}],"replies":[{"embeddable":true,"href":"https:\/\/www.tpo-eu.com\/es\/wp-json\/wp\/v2\/comments?post=1433"}],"version-history":[{"count":1,"href":"https:\/\/www.tpo-eu.com\/es\/wp-json\/wp\/v2\/pages\/1433\/revisions"}],"predecessor-version":[{"id":1438,"href":"https:\/\/www.tpo-eu.com\/es\/wp-json\/wp\/v2\/pages\/1433\/revisions\/1438"}],"wp:attachment":[{"href":"https:\/\/www.tpo-eu.com\/es\/wp-json\/wp\/v2\/media?parent=1433"}],"curies":[{"name":"wp","href":"https:\/\/api.w.org\/{rel}","templated":true}]}}