{"id":3112,"date":"2025-08-19T15:00:23","date_gmt":"2025-08-19T13:00:23","guid":{"rendered":"https:\/\/www.tpo-eu.com\/impacto-de-la-prohibicion-del-tpo-su-voz-cuenta\/"},"modified":"2025-08-20T16:45:51","modified_gmt":"2025-08-20T14:45:51","slug":"impacto-de-la-prohibicion-del-tpo-su-voz-cuenta","status":"publish","type":"page","link":"https:\/\/www.tpo-eu.com\/es\/impacto-de-la-prohibicion-del-tpo-su-voz-cuenta\/","title":{"rendered":"Encuesta"},"content":{"rendered":"<p>[et_pb_section fb_built=\u00bb1&#8243; next_background_color=\u00bb#dbe0dd\u00bb _builder_version=\u00bb4.27.4&#8243; background_color=\u00bb#000000&#8243; background_image=\u00bbhttps:\/\/www.tpo-eu.com\/wp-content\/uploads\/2025\/07\/background-chem.jpg\u00bb parallax=\u00bbon\u00bb custom_padding=\u00bb4vw||2vw||false|false\u00bb bottom_divider_style=\u00bbramp2&#8243; bottom_divider_height=\u00bb10vw\u00bb bottom_divider_flip=\u00bbhorizontal\u00bb locked=\u00bboff\u00bb global_colors_info=\u00bb{}\u00bb][et_pb_row _builder_version=\u00bb4.16&#8243; global_colors_info=\u00bb{}\u00bb][et_pb_column type=\u00bb4_4&#8243; _builder_version=\u00bb4.16&#8243; global_colors_info=\u00bb{}\u00bb][et_pb_heading title=\u00bbImpacto de la prohibici\u00f3n del TPO: \u00a1su voz cuenta!\u00bb _builder_version=\u00bb4.27.4&#8243; _module_preset=\u00bbddeb8c09-9078-4424-bc15-2efb6572e28e\u00bb title_font=\u00bbSpace Grotesk|700|||||||\u00bb title_font_size=\u00bb70px\u00bb hover_enabled=\u00bb0&#8243; locked=\u00bboff\u00bb global_colors_info=\u00bb{}\u00bb sticky_enabled=\u00bb0&#8243;][\/et_pb_heading][\/et_pb_column][\/et_pb_row][\/et_pb_section][et_pb_section fb_built=\u00bb1&#8243; admin_label=\u00bbLead Generation\u00bb _builder_version=\u00bb4.27.4&#8243; _module_preset=\u00bbdefault\u00bb background_color=\u00bb#dbe0dd\u00bb custom_padding=\u00bb45px|||||\u00bb locked=\u00bboff\u00bb collapsed=\u00bboff\u00bb global_colors_info=\u00bb{%22#264653%22:%91%22background_color%22%93}\u00bb][et_pb_row custom_padding_last_edited=\u00bbon|desktop\u00bb _builder_version=\u00bb4.24.3&#8243; _module_preset=\u00bbc9cfaba2-2263-4f35-8227-8d16ca8bd1cc\u00bb background_color=\u00bb#FFFFFF\u00bb custom_padding=\u00bb60px|60px|60px|60px|true|true\u00bb custom_padding_tablet=\u00bb30px|30px|30px|30px|true|true\u00bb custom_padding_phone=\u00bb20px|20px|20px|20px|true|true\u00bb border_radii=\u00bbon|6px|6px|6px|6px\u00bb border_radii_tablet=\u00bbon|30px|30px|30px|30px\u00bb border_radii_phone=\u00bbon|20px|20px|20px|20px\u00bb border_radii_last_edited=\u00bboff|desktop\u00bb box_shadow_style=\u00bbpreset3&#8243; box_shadow_vertical=\u00bb24px\u00bb box_shadow_blur=\u00bb72px\u00bb box_shadow_spread=\u00bb-12px\u00bb box_shadow_color=\u00bbrgba(0,0,0,0.12)\u00bb global_colors_info=\u00bb{}\u00bb][et_pb_column type=\u00bb4_4&#8243; _builder_version=\u00bb4.16&#8243; _module_preset=\u00bb73121f80-a3ef-4484-8763-c3f18e3c56d2&#8243; global_colors_info=\u00bb{}\u00bb][et_pb_heading _builder_version=\u00bb4.24.3&#8243; _module_preset=\u00bbc33f07d9-41e0-421a-8799-5799df695cce\u00bb title_level=\u00bbh2&#8243; title_font=\u00bbSpace Grotesk|Space Grotesk_weight|||||||\u00bb title_text_align=\u00bbcenter\u00bb title_text_color=\u00bb#0e0c19&#8243; title_font_size=\u00bb50px\u00bb title_line_height=\u00bb1.2em\u00bb custom_margin=\u00bb||10px||false|false\u00bb title_font_size_tablet=\u00bb28px\u00bb title_font_size_phone=\u00bb20px\u00bb locked=\u00bboff\u00bb global_colors_info=\u00bb{}\u00bb][\/et_pb_heading][et_pb_text quote_border_color=\u00bb#2a9d8f\u00bb _builder_version=\u00bb4.27.4&#8243; _module_preset=\u00bb2c55a9c4-feed-423b-9edb-ae0b5b365cac\u00bb text_font=\u00bbRoboto|Roboto_weight|||||||\u00bb text_text_color=\u00bb#3c3a47&#8243; text_font_size=\u00bb16px\u00bb text_line_height=\u00bb1.75em\u00bb link_font=\u00bb|Roboto_weight|||||||\u00bb link_text_color=\u00bb#264653&#8243; quote_font=\u00bbSpace Grotesk|Space Grotesk_weight|||||||\u00bb quote_text_color=\u00bb#0e0c19&#8243; header_font=\u00bbSpace Grotesk|Space Grotesk_weight|||||||\u00bb header_text_color=\u00bb#0e0c19&#8243; header_font_size=\u00bb72px\u00bb header_line_height=\u00bb1.15em\u00bb header_2_font=\u00bbSpace Grotesk|Space Grotesk_weight|||||||\u00bb header_2_text_color=\u00bb#0e0c19&#8243; header_2_font_size=\u00bb50px\u00bb header_2_line_height=\u00bb1.2em\u00bb header_3_font=\u00bbSpace Grotesk|Space Grotesk_weight|||||||\u00bb header_3_text_color=\u00bb#0e0c19&#8243; header_3_font_size=\u00bb32px\u00bb header_3_line_height=\u00bb1.3em\u00bb header_4_font=\u00bbSpace Grotesk|Space Grotesk_weight|||||||\u00bb header_4_text_color=\u00bb#0e0c19&#8243; header_4_font_size=\u00bb24px\u00bb header_4_line_height=\u00bb1.4em\u00bb header_5_font=\u00bbSpace Grotesk|Space Grotesk_weight|||||||\u00bb header_5_text_color=\u00bb#0e0c19&#8243; header_5_font_size=\u00bb18px\u00bb header_5_line_height=\u00bb1.4em\u00bb header_6_font=\u00bbSpace Grotesk|Space Grotesk_weight|||||||\u00bb header_6_text_color=\u00bb#0e0c19&#8243; header_6_line_height=\u00bb1.5em\u00bb text_orientation=\u00bbcenter\u00bb module_alignment=\u00bbcenter\u00bb custom_margin=\u00bb||||false|false\u00bb text_font_size_tablet=\u00bb15px\u00bb text_font_size_phone=\u00bb14px\u00bb text_font_size_last_edited=\u00bbon|phone\u00bb header_font_size_tablet=\u00bb40px\u00bb header_font_size_phone=\u00bb24px\u00bb header_font_size_last_edited=\u00bbon|desktop\u00bb header_2_font_size_tablet=\u00bb28px\u00bb header_2_font_size_phone=\u00bb20px\u00bb header_2_font_size_last_edited=\u00bbon|phone\u00bb header_3_font_size_tablet=\u00bb22px\u00bb header_3_font_size_phone=\u00bb17px\u00bb header_3_font_size_last_edited=\u00bbon|phone\u00bb header_4_font_size_tablet=\u00bb18px\u00bb header_4_font_size_phone=\u00bb15px\u00bb header_4_font_size_last_edited=\u00bbon|tablet\u00bb header_5_font_size_tablet=\u00bb15px\u00bb header_5_font_size_phone=\u00bb14px\u00bb header_5_font_size_last_edited=\u00bbon|desktop\u00bb header_6_font_size_tablet=\u00bb13px\u00bb header_6_font_size_phone=\u00bb13px\u00bb header_6_font_size_last_edited=\u00bbon|desktop\u00bb locked=\u00bboff\u00bb global_colors_info=\u00bb{}\u00bb]<\/p>\n<div class=\"ff-el-group ff-custom_html\" data-name=\"custom_html-9_1\" tabindex=\"-1\">\n<p style=\"text-align: left;\">Gracias a su apoyo, con m\u00e1s de 10.000 firmas hemos demostrado que el sector se opone firmemente a la injusta prohibici\u00f3n del TPO en cosm\u00e9ticos. Ahora tambi\u00e9n queremos demostrar lo que esta prohibici\u00f3n nos cuesta econ\u00f3micamente. <\/p>\n<p style=\"text-align: left;\">Con su ayuda, recopilaremos las cifras necesarias para reforzar nuestro expediente ante el gobierno, la Comisi\u00f3n Europea y el Defensor del Pueblo.<\/p>\n<p style=\"text-align: left;\">Sus respuestas se tratar\u00e1n de forma confidencial y se utilizar\u00e1n exclusivamente en este expediente. Rellenarlo solo lleva 2 minutos. <\/p>\n<p style=\"text-align: left;\">\u00a1Muchas gracias de antemano por su apoyo!<\/p>\n<\/div>\n<p>[\/et_pb_text][et_pb_text admin_label=\u00bbcontactformulier\u00bb _builder_version=\u00bb4.27.4&#8243; _module_preset=\u00bbdefault\u00bb text_font_size=\u00bb16px\u00bb text_line_height=\u00bb2em\u00bb global_colors_info=\u00bb{}\u00bb]<\/p>\n<div class='fluentform ff-default fluentform_wrapper_9 ffs_default_wrap'><form data-form_id=\"9\" id=\"fluentform_9\" class=\"frm-fluent-form fluent_form_9 ff-el-form-top ff_form_instance_9_1 ff-form-loading ffs_default\" data-form_instance=\"ff_form_instance_9_1\" method=\"POST\" ><fieldset  style=\"border: none!important;margin: 0!important;padding: 0!important;background-color: transparent!important;box-shadow: none!important;outline: none!important; min-inline-size: 100%;\">\n                    <legend class=\"ff_screen_reader_title\" style=\"display: block; margin: 0!important;padding: 0!important;height: 0!important;text-indent: -999999px;width: 0!important;overflow:hidden;\">Impact van het TPO-verbod \u2013 uw stem telt mee<\/legend><input type='hidden' name='__fluent_form_embded_post_id' value='3112' \/><input type=\"hidden\" id=\"_fluentform_9_fluentformnonce\" name=\"_fluentform_9_fluentformnonce\" value=\"7ccba53e0a\" \/><input type=\"hidden\" name=\"_wp_http_referer\" value=\"\/es\/wp-json\/wp\/v2\/pages\/3112\" \/><div class='ff-el-group'><div class=\"ff-el-input--label ff-el-is-required asterisk-right\"><label   aria-label=\"\u00bfLe ha causado alg\u00fan da\u00f1o la prohibici\u00f3n del TPO?\">\u00bfLe ha causado alg\u00fan da\u00f1o la prohibici\u00f3n del TPO?<\/label><\/div><div class='ff-el-input--content'><div class='ff-el-form-check ff-el-form-check-'><label class='ff-el-form-check-label' for='tpo_schade_aa0dfd603273a910bb3dbb1a1ea41333'><input  type=\"radio\" name=\"tpo_schade\" data-name=\"tpo_schade\" class=\"ff-el-form-check-input ff-el-form-check-radio\" value=\"ja\"  id='tpo_schade_aa0dfd603273a910bb3dbb1a1ea41333' aria-label='S\u00ed' aria-invalid='false' aria-required=true> <span>S\u00ed<\/span><\/label><\/div><div class='ff-el-form-check ff-el-form-check-'><label class='ff-el-form-check-label' for='tpo_schade_062a30b91ed54de02603ef836912aa80'><input  type=\"radio\" name=\"tpo_schade\" data-name=\"tpo_schade\" class=\"ff-el-form-check-input ff-el-form-check-radio\" value=\"nee\"  id='tpo_schade_062a30b91ed54de02603ef836912aa80' aria-label='No' aria-invalid='false' aria-required=true> <span>No<\/span><\/label><\/div><\/div><\/div><div class='ff-el-group'><div class=\"ff-el-input--label asterisk-right\"><label for='ff_9_geschatte_kost' id='label_ff_9_geschatte_kost' aria-label=\"En caso afirmativo, \u00bfcu\u00e1l es el coste estimado para su empresa\/sal\u00f3n?\">En caso afirmativo, \u00bfcu\u00e1l es el coste estimado para su empresa\/sal\u00f3n?<\/label><\/div><div class='ff-el-input--content'><select name=\"geschatte_kost\" id=\"ff_9_geschatte_kost\" class=\"ff-el-form-control\" data-name=\"geschatte_kost\" data-calc_value=\"0\"  aria-invalid=\"false\" aria-required=\"false\" aria-labelledby=\"label_ff_9_geschatte_kost\"><option value=\"\">- Seleccionar -<\/option><option value=\"minder_dan_1000\"  >Menos de 1.000 \u20ac<\/option><option value=\"tussen_1000_5000\"  >Entre 1.000 \u20ac y 5.000 \u20ac<\/option><option value=\"tussen_5000_20000\"  >Entre 5.000 \u20ac y 20.000 \u20ac<\/option><option value=\"meer_dan_20000\"  >M\u00e1s de 20.000 \u20ac<\/option><\/select><\/div><\/div><div class='ff-el-group'><div class=\"ff-el-input--label asterisk-right\"><label for='ff_9_toelichting' id='label_ff_9_toelichting' aria-label=\"\u00bfPuede dar una breve explicaci\u00f3n?\">\u00bfPuede dar una breve explicaci\u00f3n?<\/label><\/div><div class='ff-el-input--content'><textarea aria-required=\"false\" aria-labelledby=\"label_ff_9_toelichting\" name=\"toelichting\" id=\"ff_9_toelichting\" class=\"ff-el-form-control\" placeholder=\"p. ej., productos desechados, nuevas etiquetas, p\u00e9rdida de clientes, \u2026\" rows=\"3\" cols=\"2\" data-name=\"toelichting\" ><\/textarea><\/div><\/div><div class='ff-el-group'><div class=\"ff-el-input--label asterisk-right\"><label   aria-label=\"\u00bfDesea que su testimonio (an\u00f3nimo o con nombre) se utilice como ejemplo en nuestro expediente?\">\u00bfDesea que su testimonio (an\u00f3nimo o con nombre) se utilice como ejemplo en nuestro expediente?<\/label><\/div><div class='ff-el-input--content'><div class='ff-el-form-check ff-el-form-check-'><label class='ff-el-form-check-label' for='getuigenis_gebruik_77b3d216eb0840b4c3896c375f0806df'><input  type=\"radio\" name=\"getuigenis_gebruik\" data-name=\"getuigenis_gebruik\" class=\"ff-el-form-check-input ff-el-form-check-radio\" value=\"ja_met_naam\"  id='getuigenis_gebruik_77b3d216eb0840b4c3896c375f0806df' aria-label='S\u00ed, con mi nombre' aria-invalid='false' aria-required=false> <span>S\u00ed, con mi nombre<\/span><\/label><\/div><div class='ff-el-form-check ff-el-form-check-'><label class='ff-el-form-check-label' for='getuigenis_gebruik_4a1f8e6fceb85288a84798ce0c9badcf'><input  type=\"radio\" name=\"getuigenis_gebruik\" data-name=\"getuigenis_gebruik\" class=\"ff-el-form-check-input ff-el-form-check-radio\" value=\"ja_anoniem\"  id='getuigenis_gebruik_4a1f8e6fceb85288a84798ce0c9badcf' aria-label='S\u00ed, pero de forma an\u00f3nima' aria-invalid='false' aria-required=false> <span>S\u00ed, pero de forma an\u00f3nima<\/span><\/label><\/div><div class='ff-el-form-check ff-el-form-check-'><label class='ff-el-form-check-label' for='getuigenis_gebruik_022be5e084c7a666445b3560de129c7b'><input  type=\"radio\" name=\"getuigenis_gebruik\" data-name=\"getuigenis_gebruik\" class=\"ff-el-form-check-input ff-el-form-check-radio\" value=\"nee\"  id='getuigenis_gebruik_022be5e084c7a666445b3560de129c7b' aria-label='No' aria-invalid='false' aria-required=false> <span>No<\/span><\/label><\/div><\/div><\/div><div class='ff-el-group'><div class=\"ff-el-input--label asterisk-right\"><label for='ff_9_naam_bedrijfsnaam' id='label_ff_9_naam_bedrijfsnaam' aria-label=\"Nombre o nombre de la empresa (opcional)\">Nombre o nombre de la empresa (opcional)<\/label><\/div><div class='ff-el-input--content'><input type=\"text\" name=\"naam_bedrijfsnaam\" class=\"ff-el-form-control\" data-name=\"naam_bedrijfsnaam\" id=\"ff_9_naam_bedrijfsnaam\"  aria-invalid=\"false\" aria-required=false><\/div><\/div><div class='ff-el-group'><div class=\"ff-el-input--label asterisk-right\"><label for='ff_9_emailadres' id='label_ff_9_emailadres' aria-label=\"Direcci\u00f3n de correo electr\u00f3nico (para recibir actualizaciones sobre el expediente, nunca con fines comerciales)\">Direcci\u00f3n de correo electr\u00f3nico (para recibir actualizaciones sobre el expediente, nunca con fines comerciales)<\/label><\/div><div class='ff-el-input--content'><input type=\"email\" name=\"emailadres\" id=\"ff_9_emailadres\" class=\"ff-el-form-control\" data-name=\"emailadres\"  aria-invalid=\"false\" aria-required=false><\/div><\/div><div class='ff-el-group  ff-custom_html' tabindex='-1' data-name=\"custom_html-9_1\" >Muchas gracias por su participaci\u00f3n. Con su aportaci\u00f3n, reforzamos nuestra lucha por una regulaci\u00f3n justa, proporcionada y con base cient\u00edfica en el sector de la cosm\u00e9tica. <\/div><div class='ff-el-group ff-text-left ff_submit_btn_wrapper'><button type=\"submit\" class=\"ff-btn ff-btn-submit ff-btn-md ff_btn_style\"  aria-label=\"Verstuur formulier\">Verstuur formulier<\/button><\/div><\/fieldset><\/form><div id='fluentform_9_errors' class='ff-errors-in-stack ff_form_instance_9_1 ff-form-loading_errors ff_form_instance_9_1_errors'><\/div><\/div>            <script type=\"text\/javascript\">\n                window.fluent_form_ff_form_instance_9_1 = {\"id\":\"9\",\"ajaxUrl\":\"https:\\\/\\\/www.tpo-eu.com\\\/wp-admin\\\/admin-ajax.php\",\"settings\":{\"layout\":{\"labelPlacement\":\"top\",\"asteriskPlacement\":\"asterisk-right\",\"helpMessagePlacement\":\"with_label\",\"errorMessagePlacement\":\"inline\",\"cssClassName\":\"\"},\"restrictions\":{\"denyEmptySubmission\":{\"enabled\":false}}},\"form_instance\":\"ff_form_instance_9_1\",\"form_id_selector\":\"fluentform_9\",\"rules\":{\"tpo_schade\":{\"required\":{\"value\":true,\"message\":\"Este campo es obligatorio\",\"global_message\":\"This field is required\",\"global\":true}},\"geschatte_kost\":{\"required\":{\"value\":false,\"message\":\"Este campo es obligatorio\",\"global_message\":\"This field is required\",\"global\":true}},\"toelichting\":{\"required\":{\"value\":false,\"message\":\"Este campo es obligatorio\",\"global_message\":\"This field is required\",\"global\":true}},\"getuigenis_gebruik\":{\"required\":{\"value\":false,\"message\":\"Este campo es obligatorio\",\"global_message\":\"This field is required\",\"global\":true}},\"naam_bedrijfsnaam\":{\"required\":{\"value\":false,\"message\":\"Este campo es obligatorio\",\"global_message\":\"This field is required\",\"global\":true}},\"emailadres\":{\"required\":{\"value\":false,\"message\":\"Este campo es obligatorio\",\"global_message\":\"This field is required\",\"global\":true},\"email\":{\"value\":true,\"message\":\"Este campo debe contener un correo electr\\u00f3nico v\\u00e1lido\",\"global_message\":\"This field must contain a valid email\",\"global\":true}}},\"debounce_time\":300};\n                            <\/script>\n            \n<p>[\/et_pb_text][\/et_pb_column][\/et_pb_row][\/et_pb_section]<\/p>\n","protected":false},"excerpt":{"rendered":"<p>Gracias a su apoyo, con m\u00e1s de 10.000 firmas hemos demostrado que el sector se opone firmemente a la injusta prohibici\u00f3n del TPO en cosm\u00e9ticos. Ahora tambi\u00e9n queremos demostrar lo que esta prohibici\u00f3n nos cuesta econ\u00f3micamente. Con su ayuda, recopilaremos las cifras necesarias para reforzar nuestro expediente ante el gobierno, la Comisi\u00f3n Europea y el [&hellip;]<\/p>\n","protected":false},"author":1,"featured_media":0,"parent":0,"menu_order":0,"comment_status":"closed","ping_status":"closed","template":"","meta":{"_et_pb_use_builder":"on","_et_pb_old_content":"","_et_gb_content_width":"","footnotes":""},"class_list":["post-3112","page","type-page","status-publish","hentry"],"_links":{"self":[{"href":"https:\/\/www.tpo-eu.com\/es\/wp-json\/wp\/v2\/pages\/3112","targetHints":{"allow":["GET"]}}],"collection":[{"href":"https:\/\/www.tpo-eu.com\/es\/wp-json\/wp\/v2\/pages"}],"about":[{"href":"https:\/\/www.tpo-eu.com\/es\/wp-json\/wp\/v2\/types\/page"}],"author":[{"embeddable":true,"href":"https:\/\/www.tpo-eu.com\/es\/wp-json\/wp\/v2\/users\/1"}],"replies":[{"embeddable":true,"href":"https:\/\/www.tpo-eu.com\/es\/wp-json\/wp\/v2\/comments?post=3112"}],"version-history":[{"count":13,"href":"https:\/\/www.tpo-eu.com\/es\/wp-json\/wp\/v2\/pages\/3112\/revisions"}],"predecessor-version":[{"id":3348,"href":"https:\/\/www.tpo-eu.com\/es\/wp-json\/wp\/v2\/pages\/3112\/revisions\/3348"}],"wp:attachment":[{"href":"https:\/\/www.tpo-eu.com\/es\/wp-json\/wp\/v2\/media?parent=3112"}],"curies":[{"name":"wp","href":"https:\/\/api.w.org\/{rel}","templated":true}]}}