{"id":1961,"date":"2025-07-30T17:16:59","date_gmt":"2025-07-30T15:16:59","guid":{"rendered":"https:\/\/www.tpo-eu.com\/tuotteesi\/"},"modified":"2025-08-05T10:51:32","modified_gmt":"2025-08-05T08:51:32","slug":"tuotteesi","status":"publish","type":"page","link":"https:\/\/www.tpo-eu.com\/fi\/tuotteesi\/","title":{"rendered":"Tuotteesi"},"content":{"rendered":"<p>[et_pb_section fb_built=&#8221;1&#8243; next_background_color=&#8221;#ffffff&#8221; _builder_version=&#8221;4.27.4&#8243; background_color=&#8221;#000000&#8243; background_image=&#8221;https:\/\/www.tpo-eu.com\/wp-content\/uploads\/2025\/07\/background-chem.jpg&#8221; parallax=&#8221;on&#8221; custom_padding=&#8221;4vw||2vw||false|false&#8221; bottom_divider_style=&#8221;ramp2&#8243; bottom_divider_height=&#8221;10vw&#8221; bottom_divider_flip=&#8221;horizontal&#8221; locked=&#8221;off&#8221; global_colors_info=&#8221;{}&#8221;][et_pb_row _builder_version=&#8221;4.16&#8243; global_colors_info=&#8221;{}&#8221;][et_pb_column type=&#8221;4_4&#8243; _builder_version=&#8221;4.16&#8243; global_colors_info=&#8221;{}&#8221;][et_pb_heading title=&#8221;@ET-DC@eyJkeW5hbWljIjp0cnVlLCJjb250ZW50IjoicG9zdF90aXRsZSIsInNldHRpbmdzIjp7ImJlZm9yZSI6IiIsImFmdGVyIjoiIn19@&#8221; _builder_version=&#8221;4.27.4&#8243; _dynamic_attributes=&#8221;title&#8221; _module_preset=&#8221;ddeb8c09-9078-4424-bc15-2efb6572e28e&#8221; title_font=&#8221;Space Grotesk|700|||||||&#8221; title_font_size=&#8221;70px&#8221; locked=&#8221;off&#8221; global_colors_info=&#8221;{}&#8221;][\/et_pb_heading][\/et_pb_column][\/et_pb_row][\/et_pb_section][et_pb_section fb_built=&#8221;1&#8243; _builder_version=&#8221;4.27.4&#8243; _module_preset=&#8221;default&#8221; global_colors_info=&#8221;{}&#8221;][et_pb_row _builder_version=&#8221;4.27.4&#8243; _module_preset=&#8221;default&#8221; global_colors_info=&#8221;{}&#8221;][et_pb_column type=&#8221;4_4&#8243; _builder_version=&#8221;4.27.4&#8243; _module_preset=&#8221;default&#8221; global_colors_info=&#8221;{}&#8221;][et_pb_text _builder_version=&#8221;4.27.4&#8243; _module_preset=&#8221;default&#8221; hover_enabled=&#8221;0&#8243; global_colors_info=&#8221;{}&#8221; sticky_enabled=&#8221;0&#8243;]<\/p>\n<h1><strong>Miten tied\u00e4t, sis\u00e4lt\u00e4v\u00e4tk\u00f6 tuotteesi TPO:ta?<\/strong><\/h1>\n<p>Ensinn\u00e4kin on t\u00e4rke\u00e4\u00e4 tiet\u00e4\u00e4, ett\u00e4 sinun tarvitsee tarkistaa vain tuotteet, jotka kovettuvat lampun alla \u2013 kuten geelit, BIAB, p\u00e4\u00e4llyslakat ja geelilakat. Tuotteet, jotka eiv\u00e4t kovetu, kuten kynsilakat, hoitotuotteet tai nesteet, eiv\u00e4t yleens\u00e4 sis\u00e4ll\u00e4 TPO:ta. <\/p>\n<p>Sis\u00e4lt\u00e4\u00e4k\u00f6 tuote TPO:ta, riippuu useista tekij\u00f6ist\u00e4, kuten ostop\u00e4iv\u00e4st\u00e4, er\u00e4numerosta ja tietyst\u00e4 er\u00e4st\u00e4.<br \/>T\u00e4t\u00e4 ei voi tarkistaa yleisen listan avulla \u2013 sinun on tarkistettava jokainen tuote erikseen.<\/p>\n<p><b>Miten se tehd\u00e4\u00e4n?<\/b><br \/>Ota pullo tai purkki esiin ja katso etiketiss\u00e4 olevaa ainesosaluetteloa (INCI).<br \/>Tarkista, onko jokin seuraavista maininnoista l\u00e4sn\u00e4:<\/p>\n<ul>\n<li aria-level=\"1\">Trimetyylibentsoyylidifenyylifosfiinioksidi<\/li>\n<li aria-level=\"1\">Difenyyl(2,4,6-trimetyylibentsoyyl)fosfiinioksidi<\/li>\n<li aria-level=\"1\">(2,4,6-trimetyylibentsoyyl)difenyylifosfiinioksidi<\/li>\n<\/ul>\n<p>Esiintyyk\u00f6 t\u00e4m\u00e4 ainesosa etiketiss\u00e4? Silloin tuote sis\u00e4lt\u00e4\u00e4 TPO:ta, eik\u00e4 sit\u00e4 saa <b>1. syyskuuta 2025 alkaen k\u00e4ytt\u00e4\u00e4 tai myyd\u00e4<\/b> Euroopan unionin alueella. <\/p>\n<p><b>Huomaa:<\/b> Joskus ainesosat ilmoitetaan poikkeavilla tai kaupallisilla nimill\u00e4, joita ei l\u00f6ydy virallisista listoista.<br \/>Jos t\u00e4llaisella nimell\u00e4 ei ole tunnustettua CAS-numeroa, ainesosa ei kuulu virallisesti s\u00e4\u00e4ntelyn piiriin.<br \/>Ilman oikeaa CAS-numeroa et voi varmasti todeta, onko tuote laillisesti sallittu vai ei.<br \/>T\u00e4ll\u00f6in on suositeltavaa olla erityisen varovainen ja pyyt\u00e4\u00e4 lis\u00e4tietoja toimittajalta.<\/p>\n<p>[\/et_pb_text][et_pb_image src=&#8221;https:\/\/www.tpo-eu.com\/wp-content\/uploads\/2025\/07\/tpo-table.png&#8221; _builder_version=&#8221;4.27.4&#8243; _module_preset=&#8221;default&#8221; global_colors_info=&#8221;{}&#8221;][\/et_pb_image][et_pb_image _builder_version=&#8221;4.27.4&#8243; _module_preset=&#8221;default&#8221; global_colors_info=&#8221;{}&#8221;][\/et_pb_image][\/et_pb_column][\/et_pb_row][\/et_pb_section]<\/p>\n","protected":false},"excerpt":{"rendered":"<p>Miten tied\u00e4t, sis\u00e4lt\u00e4v\u00e4tk\u00f6 tuotteesi TPO:ta? Ensinn\u00e4kin on t\u00e4rke\u00e4\u00e4 tiet\u00e4\u00e4, ett\u00e4 sinun tarvitsee tarkistaa vain tuotteet, jotka kovettuvat lampun alla \u2013 kuten geelit, BIAB, p\u00e4\u00e4llyslakat ja geelilakat. Tuotteet, jotka eiv\u00e4t kovetu, kuten kynsilakat, hoitotuotteet tai nesteet, eiv\u00e4t yleens\u00e4 sis\u00e4ll\u00e4 TPO:ta. Sis\u00e4lt\u00e4\u00e4k\u00f6 tuote TPO:ta, riippuu useista tekij\u00f6ist\u00e4, kuten ostop\u00e4iv\u00e4st\u00e4, er\u00e4numerosta ja tietyst\u00e4 er\u00e4st\u00e4.T\u00e4t\u00e4 ei voi tarkistaa yleisen [&hellip;]<\/p>\n","protected":false},"author":1,"featured_media":0,"parent":0,"menu_order":0,"comment_status":"closed","ping_status":"closed","template":"","meta":{"_et_pb_use_builder":"on","_et_pb_old_content":"","_et_gb_content_width":"","footnotes":""},"class_list":["post-1961","page","type-page","status-publish","hentry"],"_links":{"self":[{"href":"https:\/\/www.tpo-eu.com\/fi\/wp-json\/wp\/v2\/pages\/1961","targetHints":{"allow":["GET"]}}],"collection":[{"href":"https:\/\/www.tpo-eu.com\/fi\/wp-json\/wp\/v2\/pages"}],"about":[{"href":"https:\/\/www.tpo-eu.com\/fi\/wp-json\/wp\/v2\/types\/page"}],"author":[{"embeddable":true,"href":"https:\/\/www.tpo-eu.com\/fi\/wp-json\/wp\/v2\/users\/1"}],"replies":[{"embeddable":true,"href":"https:\/\/www.tpo-eu.com\/fi\/wp-json\/wp\/v2\/comments?post=1961"}],"version-history":[{"count":1,"href":"https:\/\/www.tpo-eu.com\/fi\/wp-json\/wp\/v2\/pages\/1961\/revisions"}],"predecessor-version":[{"id":1963,"href":"https:\/\/www.tpo-eu.com\/fi\/wp-json\/wp\/v2\/pages\/1961\/revisions\/1963"}],"wp:attachment":[{"href":"https:\/\/www.tpo-eu.com\/fi\/wp-json\/wp\/v2\/media?parent=1961"}],"curies":[{"name":"wp","href":"https:\/\/api.w.org\/{rel}","templated":true}]}}