{"id":3081,"date":"2025-08-19T15:00:23","date_gmt":"2025-08-19T13:00:23","guid":{"rendered":"https:\/\/www.tpo-eu.com\/impact-de-linterdiction-du-tpo-votre-voix-compte\/"},"modified":"2025-08-20T16:45:47","modified_gmt":"2025-08-20T14:45:47","slug":"impact-de-linterdiction-du-tpo-votre-voix-compte","status":"publish","type":"page","link":"https:\/\/www.tpo-eu.com\/fr\/impact-de-linterdiction-du-tpo-votre-voix-compte\/","title":{"rendered":"Enqu\u00eate"},"content":{"rendered":"<p>[et_pb_section fb_built=\u00a0\u00bb1&Prime; next_background_color=\u00a0\u00bb#dbe0dd\u00a0\u00bb _builder_version=\u00a0\u00bb4.27.4&Prime; background_color=\u00a0\u00bb#000000&Prime; background_image=\u00a0\u00bbhttps:\/\/www.tpo-eu.com\/wp-content\/uploads\/2025\/07\/background-chem.jpg\u00a0\u00bb parallax=\u00a0\u00bbon\u00a0\u00bb custom_padding=\u00a0\u00bb4vw||2vw||false|false\u00a0\u00bb bottom_divider_style=\u00a0\u00bbramp2&Prime; bottom_divider_height=\u00a0\u00bb10vw\u00a0\u00bb bottom_divider_flip=\u00a0\u00bbhorizontal\u00a0\u00bb locked=\u00a0\u00bboff\u00a0\u00bb global_colors_info=\u00a0\u00bb{}\u00a0\u00bb][et_pb_row _builder_version=\u00a0\u00bb4.16&Prime; global_colors_info=\u00a0\u00bb{}\u00a0\u00bb][et_pb_column type=\u00a0\u00bb4_4&Prime; _builder_version=\u00a0\u00bb4.16&Prime; global_colors_info=\u00a0\u00bb{}\u00a0\u00bb][et_pb_heading title=\u00a0\u00bbImpact de l&#039;interdiction du TPO &#8211; Votre voix compte !\u00a0\u00bb _builder_version=\u00a0\u00bb4.27.4&Prime; _module_preset=\u00a0\u00bbddeb8c09-9078-4424-bc15-2efb6572e28e\u00a0\u00bb title_font=\u00a0\u00bbSpace Grotesk|700|||||||\u00a0\u00bb title_font_size=\u00a0\u00bb70px\u00a0\u00bb hover_enabled=\u00a0\u00bb0&Prime; locked=\u00a0\u00bboff\u00a0\u00bb global_colors_info=\u00a0\u00bb{}\u00a0\u00bb sticky_enabled=\u00a0\u00bb0&Prime;][\/et_pb_heading][\/et_pb_column][\/et_pb_row][\/et_pb_section][et_pb_section fb_built=\u00a0\u00bb1&Prime; admin_label=\u00a0\u00bbLead Generation\u00a0\u00bb _builder_version=\u00a0\u00bb4.27.4&Prime; _module_preset=\u00a0\u00bbdefault\u00a0\u00bb background_color=\u00a0\u00bb#dbe0dd\u00a0\u00bb custom_padding=\u00a0\u00bb45px|||||\u00a0\u00bb locked=\u00a0\u00bboff\u00a0\u00bb collapsed=\u00a0\u00bboff\u00a0\u00bb global_colors_info=\u00a0\u00bb{%22#264653%22:%91%22background_color%22%93}\u00a0\u00bb][et_pb_row custom_padding_last_edited=\u00a0\u00bbon|desktop\u00a0\u00bb _builder_version=\u00a0\u00bb4.24.3&Prime; _module_preset=\u00a0\u00bbc9cfaba2-2263-4f35-8227-8d16ca8bd1cc\u00a0\u00bb background_color=\u00a0\u00bb#FFFFFF\u00a0\u00bb custom_padding=\u00a0\u00bb60px|60px|60px|60px|true|true\u00a0\u00bb custom_padding_tablet=\u00a0\u00bb30px|30px|30px|30px|true|true\u00a0\u00bb custom_padding_phone=\u00a0\u00bb20px|20px|20px|20px|true|true\u00a0\u00bb border_radii=\u00a0\u00bbon|6px|6px|6px|6px\u00a0\u00bb border_radii_tablet=\u00a0\u00bbon|30px|30px|30px|30px\u00a0\u00bb border_radii_phone=\u00a0\u00bbon|20px|20px|20px|20px\u00a0\u00bb border_radii_last_edited=\u00a0\u00bboff|desktop\u00a0\u00bb box_shadow_style=\u00a0\u00bbpreset3&Prime; box_shadow_vertical=\u00a0\u00bb24px\u00a0\u00bb box_shadow_blur=\u00a0\u00bb72px\u00a0\u00bb box_shadow_spread=\u00a0\u00bb-12px\u00a0\u00bb box_shadow_color=\u00a0\u00bbrgba(0,0,0,0.12)\u00a0\u00bb global_colors_info=\u00a0\u00bb{}\u00a0\u00bb][et_pb_column type=\u00a0\u00bb4_4&Prime; _builder_version=\u00a0\u00bb4.16&Prime; _module_preset=\u00a0\u00bb73121f80-a3ef-4484-8763-c3f18e3c56d2&Prime; global_colors_info=\u00a0\u00bb{}\u00a0\u00bb][et_pb_heading _builder_version=\u00a0\u00bb4.24.3&Prime; _module_preset=\u00a0\u00bbc33f07d9-41e0-421a-8799-5799df695cce\u00a0\u00bb title_level=\u00a0\u00bbh2&Prime; title_font=\u00a0\u00bbSpace Grotesk|Space Grotesk_weight|||||||\u00a0\u00bb title_text_align=\u00a0\u00bbcenter\u00a0\u00bb title_text_color=\u00a0\u00bb#0e0c19&Prime; title_font_size=\u00a0\u00bb50px\u00a0\u00bb title_line_height=\u00a0\u00bb1.2em\u00a0\u00bb custom_margin=\u00a0\u00bb||10px||false|false\u00a0\u00bb title_font_size_tablet=\u00a0\u00bb28px\u00a0\u00bb title_font_size_phone=\u00a0\u00bb20px\u00a0\u00bb locked=\u00a0\u00bboff\u00a0\u00bb global_colors_info=\u00a0\u00bb{}\u00a0\u00bb][\/et_pb_heading][et_pb_text quote_border_color=\u00a0\u00bb#2a9d8f\u00a0\u00bb _builder_version=\u00a0\u00bb4.27.4&Prime; _module_preset=\u00a0\u00bb2c55a9c4-feed-423b-9edb-ae0b5b365cac\u00a0\u00bb text_font=\u00a0\u00bbRoboto|Roboto_weight|||||||\u00a0\u00bb text_text_color=\u00a0\u00bb#3c3a47&Prime; text_font_size=\u00a0\u00bb16px\u00a0\u00bb text_line_height=\u00a0\u00bb1.75em\u00a0\u00bb link_font=\u00a0\u00bb|Roboto_weight|||||||\u00a0\u00bb link_text_color=\u00a0\u00bb#264653&Prime; quote_font=\u00a0\u00bbSpace Grotesk|Space Grotesk_weight|||||||\u00a0\u00bb quote_text_color=\u00a0\u00bb#0e0c19&Prime; header_font=\u00a0\u00bbSpace Grotesk|Space Grotesk_weight|||||||\u00a0\u00bb header_text_color=\u00a0\u00bb#0e0c19&Prime; header_font_size=\u00a0\u00bb72px\u00a0\u00bb header_line_height=\u00a0\u00bb1.15em\u00a0\u00bb header_2_font=\u00a0\u00bbSpace Grotesk|Space Grotesk_weight|||||||\u00a0\u00bb header_2_text_color=\u00a0\u00bb#0e0c19&Prime; header_2_font_size=\u00a0\u00bb50px\u00a0\u00bb header_2_line_height=\u00a0\u00bb1.2em\u00a0\u00bb header_3_font=\u00a0\u00bbSpace Grotesk|Space Grotesk_weight|||||||\u00a0\u00bb header_3_text_color=\u00a0\u00bb#0e0c19&Prime; header_3_font_size=\u00a0\u00bb32px\u00a0\u00bb header_3_line_height=\u00a0\u00bb1.3em\u00a0\u00bb header_4_font=\u00a0\u00bbSpace Grotesk|Space Grotesk_weight|||||||\u00a0\u00bb header_4_text_color=\u00a0\u00bb#0e0c19&Prime; header_4_font_size=\u00a0\u00bb24px\u00a0\u00bb header_4_line_height=\u00a0\u00bb1.4em\u00a0\u00bb header_5_font=\u00a0\u00bbSpace Grotesk|Space Grotesk_weight|||||||\u00a0\u00bb header_5_text_color=\u00a0\u00bb#0e0c19&Prime; header_5_font_size=\u00a0\u00bb18px\u00a0\u00bb header_5_line_height=\u00a0\u00bb1.4em\u00a0\u00bb header_6_font=\u00a0\u00bbSpace Grotesk|Space Grotesk_weight|||||||\u00a0\u00bb header_6_text_color=\u00a0\u00bb#0e0c19&Prime; header_6_line_height=\u00a0\u00bb1.5em\u00a0\u00bb text_orientation=\u00a0\u00bbcenter\u00a0\u00bb module_alignment=\u00a0\u00bbcenter\u00a0\u00bb custom_margin=\u00a0\u00bb||||false|false\u00a0\u00bb text_font_size_tablet=\u00a0\u00bb15px\u00a0\u00bb text_font_size_phone=\u00a0\u00bb14px\u00a0\u00bb text_font_size_last_edited=\u00a0\u00bbon|phone\u00a0\u00bb header_font_size_tablet=\u00a0\u00bb40px\u00a0\u00bb header_font_size_phone=\u00a0\u00bb24px\u00a0\u00bb header_font_size_last_edited=\u00a0\u00bbon|desktop\u00a0\u00bb header_2_font_size_tablet=\u00a0\u00bb28px\u00a0\u00bb header_2_font_size_phone=\u00a0\u00bb20px\u00a0\u00bb header_2_font_size_last_edited=\u00a0\u00bbon|phone\u00a0\u00bb header_3_font_size_tablet=\u00a0\u00bb22px\u00a0\u00bb header_3_font_size_phone=\u00a0\u00bb17px\u00a0\u00bb header_3_font_size_last_edited=\u00a0\u00bbon|phone\u00a0\u00bb header_4_font_size_tablet=\u00a0\u00bb18px\u00a0\u00bb header_4_font_size_phone=\u00a0\u00bb15px\u00a0\u00bb header_4_font_size_last_edited=\u00a0\u00bbon|tablet\u00a0\u00bb header_5_font_size_tablet=\u00a0\u00bb15px\u00a0\u00bb header_5_font_size_phone=\u00a0\u00bb14px\u00a0\u00bb header_5_font_size_last_edited=\u00a0\u00bbon|desktop\u00a0\u00bb header_6_font_size_tablet=\u00a0\u00bb13px\u00a0\u00bb header_6_font_size_phone=\u00a0\u00bb13px\u00a0\u00bb header_6_font_size_last_edited=\u00a0\u00bbon|desktop\u00a0\u00bb locked=\u00a0\u00bboff\u00a0\u00bb global_colors_info=\u00a0\u00bb{}\u00a0\u00bb]<\/p>\n<div class=\"ff-el-group ff-custom_html\" data-name=\"custom_html-9_1\" tabindex=\"-1\">\n<p style=\"text-align: left;\">Gr\u00e2ce \u00e0 votre soutien, nous avons montr\u00e9 avec plus de 10 000 signatures que le secteur s&rsquo;oppose fermement \u00e0 l&rsquo;interdiction injuste du TPO dans les cosm\u00e9tiques. Nous voulons maintenant \u00e9galement d\u00e9montrer ce que cette interdiction nous co\u00fbte \u00e9conomiquement. <\/p>\n<p style=\"text-align: left;\">Avec votre aide, nous collectons les chiffres n\u00e9cessaires pour renforcer notre dossier aupr\u00e8s du gouvernement, de la Commission europ\u00e9enne et de l&rsquo;Ombudsman.<\/p>\n<p style=\"text-align: left;\">Vos r\u00e9ponses seront trait\u00e9es de mani\u00e8re confidentielle et utilis\u00e9es exclusivement dans ce dossier. Le remplissage ne prend que 2 minutes. <\/p>\n<p style=\"text-align: left;\">Merci d&rsquo;avance pour votre soutien !<\/p>\n<\/div>\n<p>[\/et_pb_text][et_pb_text admin_label=\u00a0\u00bbcontactformulier\u00a0\u00bb _builder_version=\u00a0\u00bb4.27.4&Prime; _module_preset=\u00a0\u00bbdefault\u00a0\u00bb text_font_size=\u00a0\u00bb16px\u00a0\u00bb text_line_height=\u00a0\u00bb2em\u00a0\u00bb global_colors_info=\u00a0\u00bb{}\u00a0\u00bb]<\/p>\n<div class='fluentform ff-default fluentform_wrapper_9 ffs_default_wrap'><form data-form_id=\"9\" id=\"fluentform_9\" class=\"frm-fluent-form fluent_form_9 ff-el-form-top ff_form_instance_9_1 ff-form-loading ffs_default\" data-form_instance=\"ff_form_instance_9_1\" method=\"POST\" ><fieldset  style=\"border: none!important;margin: 0!important;padding: 0!important;background-color: transparent!important;box-shadow: none!important;outline: none!important; min-inline-size: 100%;\">\n                    <legend class=\"ff_screen_reader_title\" style=\"display: block; margin: 0!important;padding: 0!important;height: 0!important;text-indent: -999999px;width: 0!important;overflow:hidden;\">Impact van het TPO-verbod \u2013 uw stem telt mee<\/legend><input type='hidden' name='__fluent_form_embded_post_id' value='3081' \/><input type=\"hidden\" id=\"_fluentform_9_fluentformnonce\" name=\"_fluentform_9_fluentformnonce\" value=\"7ccba53e0a\" \/><input type=\"hidden\" name=\"_wp_http_referer\" value=\"\/fr\/wp-json\/wp\/v2\/pages\/3081\" \/><div class='ff-el-group'><div class=\"ff-el-input--label ff-el-is-required asterisk-right\"><label   aria-label=\"L&#039;interdiction du TPO vous a-t-elle caus\u00e9 des dommages ?\">L'interdiction du TPO vous a-t-elle caus\u00e9 des dommages ?<\/label><\/div><div class='ff-el-input--content'><div class='ff-el-form-check ff-el-form-check-'><label class='ff-el-form-check-label' for='tpo_schade_e6c65fbabcc2ef3a666f317c9bf06e3e'><input  type=\"radio\" name=\"tpo_schade\" data-name=\"tpo_schade\" class=\"ff-el-form-check-input ff-el-form-check-radio\" value=\"ja\"  id='tpo_schade_e6c65fbabcc2ef3a666f317c9bf06e3e' aria-label='Oui' aria-invalid='false' aria-required=true> <span>Oui<\/span><\/label><\/div><div class='ff-el-form-check ff-el-form-check-'><label class='ff-el-form-check-label' for='tpo_schade_9f3939a43a1b706f1563f469fd4f22b8'><input  type=\"radio\" name=\"tpo_schade\" data-name=\"tpo_schade\" class=\"ff-el-form-check-input ff-el-form-check-radio\" value=\"nee\"  id='tpo_schade_9f3939a43a1b706f1563f469fd4f22b8' aria-label='Non' aria-invalid='false' aria-required=true> <span>Non<\/span><\/label><\/div><\/div><\/div><div class='ff-el-group'><div class=\"ff-el-input--label asterisk-right\"><label for='ff_9_geschatte_kost' id='label_ff_9_geschatte_kost' aria-label=\"Si oui : quel est le co\u00fbt estim\u00e9 pour votre entreprise\/salon ?\">Si oui : quel est le co\u00fbt estim\u00e9 pour votre entreprise\/salon ?<\/label><\/div><div class='ff-el-input--content'><select name=\"geschatte_kost\" id=\"ff_9_geschatte_kost\" class=\"ff-el-form-control\" data-name=\"geschatte_kost\" data-calc_value=\"0\"  aria-invalid=\"false\" aria-required=\"false\" aria-labelledby=\"label_ff_9_geschatte_kost\"><option value=\"\">- S\u00e9lectionner -<\/option><option value=\"minder_dan_1000\"  >Moins de 1 000 \u20ac<\/option><option value=\"tussen_1000_5000\"  >Entre 1 000 \u20ac et 5 000 \u20ac<\/option><option value=\"tussen_5000_20000\"  >Entre 5 000 \u20ac et 20 000 \u20ac<\/option><option value=\"meer_dan_20000\"  >Plus de 20 000 \u20ac<\/option><\/select><\/div><\/div><div class='ff-el-group'><div class=\"ff-el-input--label asterisk-right\"><label for='ff_9_toelichting' id='label_ff_9_toelichting' aria-label=\"Pouvez-vous donner une br\u00e8ve explication ?\">Pouvez-vous donner une br\u00e8ve explication ?<\/label><\/div><div class='ff-el-input--content'><textarea aria-required=\"false\" aria-labelledby=\"label_ff_9_toelichting\" name=\"toelichting\" id=\"ff_9_toelichting\" class=\"ff-el-form-control\" placeholder=\"ex. produits jet\u00e9s, nouvelles \u00e9tiquettes, perte de clients, \u2026\" rows=\"3\" cols=\"2\" data-name=\"toelichting\" ><\/textarea><\/div><\/div><div class='ff-el-group'><div class=\"ff-el-input--label asterisk-right\"><label   aria-label=\"Souhaitez-vous que votre t\u00e9moignage (anonyme ou avec votre nom) soit utilis\u00e9 comme exemple dans notre dossier ?\">Souhaitez-vous que votre t\u00e9moignage (anonyme ou avec votre nom) soit utilis\u00e9 comme exemple dans notre dossier ?<\/label><\/div><div class='ff-el-input--content'><div class='ff-el-form-check ff-el-form-check-'><label class='ff-el-form-check-label' for='getuigenis_gebruik_736485cdd993b618c7e0619a6e32e398'><input  type=\"radio\" name=\"getuigenis_gebruik\" data-name=\"getuigenis_gebruik\" class=\"ff-el-form-check-input ff-el-form-check-radio\" value=\"ja_met_naam\"  id='getuigenis_gebruik_736485cdd993b618c7e0619a6e32e398' aria-label='Oui, avec mon nom' aria-invalid='false' aria-required=false> <span>Oui, avec mon nom<\/span><\/label><\/div><div class='ff-el-form-check ff-el-form-check-'><label class='ff-el-form-check-label' for='getuigenis_gebruik_3c938c1ac4e9c7d59dab3f845ead44d5'><input  type=\"radio\" name=\"getuigenis_gebruik\" data-name=\"getuigenis_gebruik\" class=\"ff-el-form-check-input ff-el-form-check-radio\" value=\"ja_anoniem\"  id='getuigenis_gebruik_3c938c1ac4e9c7d59dab3f845ead44d5' aria-label='Oui, mais anonyme' aria-invalid='false' aria-required=false> <span>Oui, mais anonyme<\/span><\/label><\/div><div class='ff-el-form-check ff-el-form-check-'><label class='ff-el-form-check-label' for='getuigenis_gebruik_a3df393996ea22c503d98a474a916e0a'><input  type=\"radio\" name=\"getuigenis_gebruik\" data-name=\"getuigenis_gebruik\" class=\"ff-el-form-check-input ff-el-form-check-radio\" value=\"nee\"  id='getuigenis_gebruik_a3df393996ea22c503d98a474a916e0a' aria-label='Non' aria-invalid='false' aria-required=false> <span>Non<\/span><\/label><\/div><\/div><\/div><div class='ff-el-group'><div class=\"ff-el-input--label asterisk-right\"><label for='ff_9_naam_bedrijfsnaam' id='label_ff_9_naam_bedrijfsnaam' aria-label=\"Nom ou nom d&#039;entreprise (optionnel)\">Nom ou nom d'entreprise (optionnel)<\/label><\/div><div class='ff-el-input--content'><input type=\"text\" name=\"naam_bedrijfsnaam\" class=\"ff-el-form-control\" data-name=\"naam_bedrijfsnaam\" id=\"ff_9_naam_bedrijfsnaam\"  aria-invalid=\"false\" aria-required=false><\/div><\/div><div class='ff-el-group'><div class=\"ff-el-input--label asterisk-right\"><label for='ff_9_emailadres' id='label_ff_9_emailadres' aria-label=\"Adresse e-mail (pour les mises \u00e0 jour sur le dossier \u2013 jamais \u00e0 des fins commerciales)\">Adresse e-mail (pour les mises \u00e0 jour sur le dossier \u2013 jamais \u00e0 des fins commerciales)<\/label><\/div><div class='ff-el-input--content'><input type=\"email\" name=\"emailadres\" id=\"ff_9_emailadres\" class=\"ff-el-form-control\" data-name=\"emailadres\"  aria-invalid=\"false\" aria-required=false><\/div><\/div><div class='ff-el-group  ff-custom_html' tabindex='-1' data-name=\"custom_html-9_1\" >Merci beaucoup pour votre participation. Gr\u00e2ce \u00e0 votre contribution, nous renfor\u00e7ons notre lutte pour une r\u00e9glementation \u00e9quitable, proportionn\u00e9e et scientifiquement fond\u00e9e dans le secteur cosm\u00e9tique. <\/div><div class='ff-el-group ff-text-left ff_submit_btn_wrapper'><button type=\"submit\" class=\"ff-btn ff-btn-submit ff-btn-md ff_btn_style\"  aria-label=\"Verstuur formulier\">Verstuur formulier<\/button><\/div><\/fieldset><\/form><div id='fluentform_9_errors' class='ff-errors-in-stack ff_form_instance_9_1 ff-form-loading_errors ff_form_instance_9_1_errors'><\/div><\/div>            <script type=\"text\/javascript\">\n                window.fluent_form_ff_form_instance_9_1 = {\"id\":\"9\",\"ajaxUrl\":\"https:\\\/\\\/www.tpo-eu.com\\\/wp-admin\\\/admin-ajax.php\",\"settings\":{\"layout\":{\"labelPlacement\":\"top\",\"asteriskPlacement\":\"asterisk-right\",\"helpMessagePlacement\":\"with_label\",\"errorMessagePlacement\":\"inline\",\"cssClassName\":\"\"},\"restrictions\":{\"denyEmptySubmission\":{\"enabled\":false}}},\"form_instance\":\"ff_form_instance_9_1\",\"form_id_selector\":\"fluentform_9\",\"rules\":{\"tpo_schade\":{\"required\":{\"value\":true,\"message\":\"Ce champ est requis\",\"global_message\":\"This field is required\",\"global\":true}},\"geschatte_kost\":{\"required\":{\"value\":false,\"message\":\"Ce champ est requis\",\"global_message\":\"This field is required\",\"global\":true}},\"toelichting\":{\"required\":{\"value\":false,\"message\":\"Ce champ est requis\",\"global_message\":\"This field is required\",\"global\":true}},\"getuigenis_gebruik\":{\"required\":{\"value\":false,\"message\":\"Ce champ est requis\",\"global_message\":\"This field is required\",\"global\":true}},\"naam_bedrijfsnaam\":{\"required\":{\"value\":false,\"message\":\"Ce champ est requis\",\"global_message\":\"This field is required\",\"global\":true}},\"emailadres\":{\"required\":{\"value\":false,\"message\":\"Ce champ est requis\",\"global_message\":\"This field is required\",\"global\":true},\"email\":{\"value\":true,\"message\":\"Ce champ doit contenir un e-mail valide\",\"global_message\":\"This field must contain a valid email\",\"global\":true}}},\"debounce_time\":300};\n                            <\/script>\n            \n<p>[\/et_pb_text][\/et_pb_column][\/et_pb_row][\/et_pb_section]<\/p>\n","protected":false},"excerpt":{"rendered":"<p>Gr\u00e2ce \u00e0 votre soutien, nous avons montr\u00e9 avec plus de 10 000 signatures que le secteur s&rsquo;oppose fermement \u00e0 l&rsquo;interdiction injuste du TPO dans les cosm\u00e9tiques. Nous voulons maintenant \u00e9galement d\u00e9montrer ce que cette interdiction nous co\u00fbte \u00e9conomiquement. Avec votre aide, nous collectons les chiffres n\u00e9cessaires pour renforcer notre dossier aupr\u00e8s du gouvernement, de la [&hellip;]<\/p>\n","protected":false},"author":1,"featured_media":0,"parent":0,"menu_order":0,"comment_status":"closed","ping_status":"closed","template":"","meta":{"_et_pb_use_builder":"on","_et_pb_old_content":"","_et_gb_content_width":"","footnotes":""},"class_list":["post-3081","page","type-page","status-publish","hentry"],"_links":{"self":[{"href":"https:\/\/www.tpo-eu.com\/fr\/wp-json\/wp\/v2\/pages\/3081","targetHints":{"allow":["GET"]}}],"collection":[{"href":"https:\/\/www.tpo-eu.com\/fr\/wp-json\/wp\/v2\/pages"}],"about":[{"href":"https:\/\/www.tpo-eu.com\/fr\/wp-json\/wp\/v2\/types\/page"}],"author":[{"embeddable":true,"href":"https:\/\/www.tpo-eu.com\/fr\/wp-json\/wp\/v2\/users\/1"}],"replies":[{"embeddable":true,"href":"https:\/\/www.tpo-eu.com\/fr\/wp-json\/wp\/v2\/comments?post=3081"}],"version-history":[{"count":11,"href":"https:\/\/www.tpo-eu.com\/fr\/wp-json\/wp\/v2\/pages\/3081\/revisions"}],"predecessor-version":[{"id":3334,"href":"https:\/\/www.tpo-eu.com\/fr\/wp-json\/wp\/v2\/pages\/3081\/revisions\/3334"}],"wp:attachment":[{"href":"https:\/\/www.tpo-eu.com\/fr\/wp-json\/wp\/v2\/media?parent=3081"}],"curies":[{"name":"wp","href":"https:\/\/api.w.org\/{rel}","templated":true}]}}