{"id":936,"date":"2025-07-30T17:16:59","date_gmt":"2025-07-30T15:16:59","guid":{"rendered":"https:\/\/www.tpo-eu.com\/?page_id=936"},"modified":"2025-07-31T17:12:06","modified_gmt":"2025-07-31T15:12:06","slug":"jouw-producten","status":"publish","type":"page","link":"https:\/\/www.tpo-eu.com\/fr\/jouw-producten\/","title":{"rendered":"Jouw producten"},"content":{"rendered":"<p>[et_pb_section fb_built=\u00a0\u00bb1&Prime; next_background_color=\u00a0\u00bb#ffffff\u00a0\u00bb _builder_version=\u00a0\u00bb4.27.4&Prime; background_color=\u00a0\u00bb#000000&Prime; background_image=\u00a0\u00bbhttps:\/\/www.tpo-eu.com\/wp-content\/uploads\/2025\/07\/background-chem.jpg\u00a0\u00bb parallax=\u00a0\u00bbon\u00a0\u00bb custom_padding=\u00a0\u00bb4vw||2vw||false|false\u00a0\u00bb bottom_divider_style=\u00a0\u00bbramp2&Prime; bottom_divider_height=\u00a0\u00bb10vw\u00a0\u00bb bottom_divider_flip=\u00a0\u00bbhorizontal\u00a0\u00bb locked=\u00a0\u00bboff\u00a0\u00bb global_colors_info=\u00a0\u00bb{}\u00a0\u00bb][et_pb_row _builder_version=\u00a0\u00bb4.16&Prime; global_colors_info=\u00a0\u00bb{}\u00a0\u00bb][et_pb_column type=\u00a0\u00bb4_4&Prime; _builder_version=\u00a0\u00bb4.16&Prime; global_colors_info=\u00a0\u00bb{}\u00a0\u00bb][et_pb_heading title=\u00a0\u00bb@ET-DC@eyJkeW5hbWljIjp0cnVlLCJjb250ZW50IjoicG9zdF90aXRsZSIsInNldHRpbmdzIjp7ImJlZm9yZSI6IiIsImFmdGVyIjoiIn19@\u00a0\u00bb _builder_version=\u00a0\u00bb4.27.4&Prime; _dynamic_attributes=\u00a0\u00bbtitle\u00a0\u00bb _module_preset=\u00a0\u00bbddeb8c09-9078-4424-bc15-2efb6572e28e\u00a0\u00bb title_font=\u00a0\u00bbSpace Grotesk|700|||||||\u00a0\u00bb title_font_size=\u00a0\u00bb70px\u00a0\u00bb locked=\u00a0\u00bboff\u00a0\u00bb global_colors_info=\u00a0\u00bb{}\u00a0\u00bb][\/et_pb_heading][\/et_pb_column][\/et_pb_row][\/et_pb_section][et_pb_section fb_built=\u00a0\u00bb1&Prime; _builder_version=\u00a0\u00bb4.27.4&Prime; _module_preset=\u00a0\u00bbdefault\u00a0\u00bb global_colors_info=\u00a0\u00bb{}\u00a0\u00bb][et_pb_row _builder_version=\u00a0\u00bb4.27.4&Prime; _module_preset=\u00a0\u00bbdefault\u00a0\u00bb global_colors_info=\u00a0\u00bb{}\u00a0\u00bb][et_pb_column type=\u00a0\u00bb4_4&Prime; _builder_version=\u00a0\u00bb4.27.4&Prime; _module_preset=\u00a0\u00bbdefault\u00a0\u00bb global_colors_info=\u00a0\u00bb{}\u00a0\u00bb][et_pb_text _builder_version=\u00a0\u00bb4.27.4&Prime; _module_preset=\u00a0\u00bbdefault\u00a0\u00bb global_colors_info=\u00a0\u00bb{}\u00a0\u00bb]<\/p>\n<h1><strong>Comment savoir si vos produits contiennent du TPO&nbsp;?<\/strong><\/h1>\n<p>Tout d\u2019abord, il est important de savoir que vous ne devez v\u00e9rifier que les produits qui durcissent sous une lampe \u2013 comme les gels, BIAB, topcoats et vernis semi-permanents. Les produits qui ne durcissent pas, comme les vernis classiques, les soins ou les liquides, ne contiennent g\u00e9n\u00e9ralement pas de TPO.<\/p>\n<p>La pr\u00e9sence de TPO dans un produit d\u00e9pend de plusieurs facteurs tels que la date d\u2019achat, le num\u00e9ro de lot et le lot sp\u00e9cifique.<br \/>Il n\u2019est donc pas possible de le v\u00e9rifier \u00e0 l\u2019aide d\u2019une liste g\u00e9n\u00e9rale \u2013 chaque produit doit \u00eatre contr\u00f4l\u00e9 individuellement.<\/p>\n<p><b>Comment faire&nbsp;?<\/b><br \/>Prenez le flacon ou le pot et consultez la liste des ingr\u00e9dients (INCI) sur l\u2019\u00e9tiquette.<br \/>V\u00e9rifiez si l\u2019une des mentions suivantes y figure&nbsp;:<\/p>\n<ul>\n<li aria-level=\"1\">Trimethylbenzoyl Diphenylphosphine Oxide<\/li>\n<li aria-level=\"1\">Diphenyl(2,4,6-trimethylbenzoyl) phosphine Oxide<\/li>\n<li aria-level=\"1\">(2,4,6-trimethylbenzoyl) diphenylphosphine Oxide<\/li>\n<\/ul>\n<p>Si cet ingr\u00e9dient est pr\u00e9sent sur l\u2019\u00e9tiquette, le produit contient du TPO et ne pourra <b>plus \u00eatre utilis\u00e9 ni vendu \u00e0 partir du 1er septembre 2025<\/b> dans l\u2019Union europ\u00e9enne.<\/p>\n<p><b>Attention&nbsp;:<\/b> Il arrive que des ingr\u00e9dients soient mentionn\u00e9s sous des noms diff\u00e9rents ou commerciaux qui ne figurent pas dans les listes officielles.<br \/>Si un tel nom ne poss\u00e8de pas de num\u00e9ro CAS reconnu, l\u2019ingr\u00e9dient ne rel\u00e8ve pas officiellement de la r\u00e9glementation.<br \/>Sans num\u00e9ro CAS correct, il est impossible de d\u00e9terminer avec certitude si le produit est l\u00e9galement autoris\u00e9 ou non.<br \/>Dans ce cas, il est conseill\u00e9 d\u2019\u00eatre particuli\u00e8rement prudent et de demander des informations suppl\u00e9mentaires au fournisseur.<\/p>\n<p>[\/et_pb_text][et_pb_image src=\u00a0\u00bbhttps:\/\/www.tpo-eu.com\/wp-content\/uploads\/2025\/07\/tpo-table.png\u00a0\u00bb _builder_version=\u00a0\u00bb4.27.4&Prime; _module_preset=\u00a0\u00bbdefault\u00a0\u00bb global_colors_info=\u00a0\u00bb{}\u00a0\u00bb][\/et_pb_image][et_pb_image _builder_version=\u00a0\u00bb4.27.4&Prime; _module_preset=\u00a0\u00bbdefault\u00a0\u00bb global_colors_info=\u00a0\u00bb{}\u00a0\u00bb][\/et_pb_image][\/et_pb_column][\/et_pb_row][\/et_pb_section]<\/p>\n","protected":false},"excerpt":{"rendered":"<p>Comment savoir si vos produits contiennent du TPO&nbsp;? Tout d\u2019abord, il est important de savoir que vous ne devez v\u00e9rifier que les produits qui durcissent sous une lampe \u2013 comme les gels, BIAB, topcoats et vernis semi-permanents. Les produits qui ne durcissent pas, comme les vernis classiques, les soins ou les liquides, ne contiennent g\u00e9n\u00e9ralement [&hellip;]<\/p>\n","protected":false},"author":1,"featured_media":0,"parent":0,"menu_order":0,"comment_status":"closed","ping_status":"closed","template":"","meta":{"_et_pb_use_builder":"on","_et_pb_old_content":"[et_pb_section fb_built=\"1\" next_background_color=\"#ffffff\" _builder_version=\"4.27.4\" background_color=\"#000000\" background_image=\"https:\/\/www.tpo-eu.com\/wp-content\/uploads\/2025\/07\/background-chem.jpg\" parallax=\"on\" custom_padding=\"4vw||2vw||false|false\" bottom_divider_style=\"ramp2\" bottom_divider_height=\"10vw\" bottom_divider_flip=\"horizontal\" locked=\"off\" global_colors_info=\"{}\"][et_pb_row _builder_version=\"4.16\" global_colors_info=\"{}\"][et_pb_column type=\"4_4\" _builder_version=\"4.16\" global_colors_info=\"{}\"][et_pb_heading title=\"@ET-DC@eyJkeW5hbWljIjp0cnVlLCJjb250ZW50IjoicG9zdF90aXRsZSIsInNldHRpbmdzIjp7ImJlZm9yZSI6IiIsImFmdGVyIjoiIn19@\" _builder_version=\"4.27.4\" _dynamic_attributes=\"title\" _module_preset=\"ddeb8c09-9078-4424-bc15-2efb6572e28e\" title_font=\"Space Grotesk|700|||||||\" title_font_size=\"70px\" locked=\"off\" global_colors_info=\"{}\"][\/et_pb_heading][\/et_pb_column][\/et_pb_row][\/et_pb_section][et_pb_section fb_built=\"1\" _builder_version=\"4.27.4\" _module_preset=\"default\" global_colors_info=\"{}\"][et_pb_row _builder_version=\"4.27.4\" _module_preset=\"default\" global_colors_info=\"{}\"][et_pb_column type=\"4_4\" _builder_version=\"4.27.4\" _module_preset=\"default\" global_colors_info=\"{}\"][et_pb_text _builder_version=\"4.27.4\" _module_preset=\"default\" hover_enabled=\"0\" global_colors_info=\"{}\" sticky_enabled=\"0\"]<h1><strong>Comment savoir si vos produits contiennent du TPO\u00a0?<\/strong><\/h1>\r\n<p>Tout d\u2019abord, il est important de savoir que vous ne devez v\u00e9rifier que les produits qui durcissent sous une lampe \u2013 comme les gels, BIAB, topcoats et vernis semi-permanents. Les produits qui ne durcissent pas, comme les vernis classiques, les soins ou les liquides, ne contiennent g\u00e9n\u00e9ralement pas de TPO.<\/p>\r\n<p>La pr\u00e9sence de TPO dans un produit d\u00e9pend de plusieurs facteurs tels que la date d\u2019achat, le num\u00e9ro de lot et le lot sp\u00e9cifique.<br \/>Il n\u2019est donc pas possible de le v\u00e9rifier \u00e0 l\u2019aide d\u2019une liste g\u00e9n\u00e9rale \u2013 chaque produit doit \u00eatre contr\u00f4l\u00e9 individuellement.<\/p>\r\n<p><b>Comment faire\u00a0?<\/b><br \/>Prenez le flacon ou le pot et consultez la liste des ingr\u00e9dients (INCI) sur l\u2019\u00e9tiquette.<br \/>V\u00e9rifiez si l\u2019une des mentions suivantes y figure\u00a0:<\/p>\r\n<ul>\r\n<li aria-level=\"1\">Trimethylbenzoyl Diphenylphosphine Oxide<\/li>\r\n<li aria-level=\"1\">Diphenyl(2,4,6-trimethylbenzoyl) phosphine Oxide<\/li>\r\n<li aria-level=\"1\">(2,4,6-trimethylbenzoyl) diphenylphosphine Oxide<\/li>\r\n<\/ul>\r\n<p>Si cet ingr\u00e9dient est pr\u00e9sent sur l\u2019\u00e9tiquette, le produit contient du TPO et ne pourra <b>plus \u00eatre utilis\u00e9 ni vendu \u00e0 partir du 1er septembre 2025<\/b> dans l\u2019Union europ\u00e9enne.<\/p>\r\n<p><b>Attention\u00a0:<\/b> Il arrive que des ingr\u00e9dients soient mentionn\u00e9s sous des noms diff\u00e9rents ou commerciaux qui ne figurent pas dans les listes officielles.<br \/>Si un tel nom ne poss\u00e8de pas de num\u00e9ro CAS reconnu, l\u2019ingr\u00e9dient ne rel\u00e8ve pas officiellement de la r\u00e9glementation.<br \/>Sans num\u00e9ro CAS correct, il est impossible de d\u00e9terminer avec certitude si le produit est l\u00e9galement autoris\u00e9 ou non.<br \/>Dans ce cas, il est conseill\u00e9 d\u2019\u00eatre particuli\u00e8rement prudent et de demander des informations suppl\u00e9mentaires au fournisseur.<\/p>[\/et_pb_text][et_pb_image src=\"https:\/\/www.tpo-eu.com\/wp-content\/uploads\/2025\/07\/tpo-table.png\" _builder_version=\"4.27.4\" _module_preset=\"default\" global_colors_info=\"{}\"][\/et_pb_image][et_pb_image _builder_version=\"4.27.4\" _module_preset=\"default\" global_colors_info=\"{}\"][\/et_pb_image][\/et_pb_column][\/et_pb_row][\/et_pb_section]","_et_gb_content_width":"","footnotes":""},"class_list":["post-936","page","type-page","status-publish","hentry"],"_links":{"self":[{"href":"https:\/\/www.tpo-eu.com\/fr\/wp-json\/wp\/v2\/pages\/936","targetHints":{"allow":["GET"]}}],"collection":[{"href":"https:\/\/www.tpo-eu.com\/fr\/wp-json\/wp\/v2\/pages"}],"about":[{"href":"https:\/\/www.tpo-eu.com\/fr\/wp-json\/wp\/v2\/types\/page"}],"author":[{"embeddable":true,"href":"https:\/\/www.tpo-eu.com\/fr\/wp-json\/wp\/v2\/users\/1"}],"replies":[{"embeddable":true,"href":"https:\/\/www.tpo-eu.com\/fr\/wp-json\/wp\/v2\/comments?post=936"}],"version-history":[{"count":2,"href":"https:\/\/www.tpo-eu.com\/fr\/wp-json\/wp\/v2\/pages\/936\/revisions"}],"predecessor-version":[{"id":938,"href":"https:\/\/www.tpo-eu.com\/fr\/wp-json\/wp\/v2\/pages\/936\/revisions\/938"}],"wp:attachment":[{"href":"https:\/\/www.tpo-eu.com\/fr\/wp-json\/wp\/v2\/media?parent=936"}],"curies":[{"name":"wp","href":"https:\/\/api.w.org\/{rel}","templated":true}]}}