{"id":2580,"date":"2025-07-30T17:16:59","date_gmt":"2025-07-30T15:16:59","guid":{"rendered":"https:\/\/www.tpo-eu.com\/vasi-proizvodi\/"},"modified":"2025-08-11T19:00:55","modified_gmt":"2025-08-11T17:00:55","slug":"vasi-proizvodi","status":"publish","type":"page","link":"https:\/\/www.tpo-eu.com\/hr\/vasi-proizvodi\/","title":{"rendered":"Va\u0161i proizvodi"},"content":{"rendered":"<p>[et_pb_section fb_built=&#8221;1&#8243; next_background_color=&#8221;#ffffff&#8221; _builder_version=&#8221;4.27.4&#8243; background_color=&#8221;#000000&#8243; background_image=&#8221;https:\/\/www.tpo-eu.com\/wp-content\/uploads\/2025\/07\/background-chem.jpg&#8221; parallax=&#8221;on&#8221; custom_padding=&#8221;4vw||2vw||false|false&#8221; bottom_divider_style=&#8221;ramp2&#8243; bottom_divider_height=&#8221;10vw&#8221; bottom_divider_flip=&#8221;horizontal&#8221; locked=&#8221;off&#8221; global_colors_info=&#8221;{}&#8221;][et_pb_row _builder_version=&#8221;4.16&#8243; global_colors_info=&#8221;{}&#8221;][et_pb_column type=&#8221;4_4&#8243; _builder_version=&#8221;4.16&#8243; global_colors_info=&#8221;{}&#8221;][et_pb_heading title=&#8221;@ET-DC@eyJkeW5hbWljIjp0cnVlLCJjb250ZW50IjoicG9zdF90aXRsZSIsInNldHRpbmdzIjp7ImJlZm9yZSI6IiIsImFmdGVyIjoiIn19@&#8221; _builder_version=&#8221;4.27.4&#8243; _dynamic_attributes=&#8221;title&#8221; _module_preset=&#8221;ddeb8c09-9078-4424-bc15-2efb6572e28e&#8221; title_font=&#8221;Space Grotesk|700|||||||&#8221; title_font_size=&#8221;70px&#8221; locked=&#8221;off&#8221; global_colors_info=&#8221;{}&#8221;][\/et_pb_heading][\/et_pb_column][\/et_pb_row][\/et_pb_section][et_pb_section fb_built=&#8221;1&#8243; _builder_version=&#8221;4.27.4&#8243; _module_preset=&#8221;default&#8221; global_colors_info=&#8221;{}&#8221;][et_pb_row _builder_version=&#8221;4.27.4&#8243; _module_preset=&#8221;default&#8221; global_colors_info=&#8221;{}&#8221;][et_pb_column type=&#8221;4_4&#8243; _builder_version=&#8221;4.27.4&#8243; _module_preset=&#8221;default&#8221; global_colors_info=&#8221;{}&#8221;][et_pb_text _builder_version=&#8221;4.27.4&#8243; _module_preset=&#8221;default&#8221; hover_enabled=&#8221;0&#8243; global_colors_info=&#8221;{}&#8221; sticky_enabled=&#8221;0&#8243;]<\/p>\n<h1><strong>Kako znati sadr\u017ee li va\u0161i proizvodi TPO?<\/strong><\/h1>\n<p>Prije svega, va\u017eno je znati da trebate provjeriti samo proizvode koji se stvrdnjavaju pod lampom \u2013 kao \u0161to su gelovi, BIAB, zavr\u0161ni premazi i gel lakovi. Proizvodi koji se ne stvrdnjavaju, poput laka za nokte, proizvoda za njegu ili teku\u0107ina, obi\u010dno ne sadr\u017ee TPO. <\/p>\n<p>Sadr\u017ei li proizvod TPO ovisi o razli\u010ditim \u010dimbenicima kao \u0161to su datum kupnje, broj serije i odre\u0111ena serija.<br \/>Stoga to ne mo\u017eete provjeriti putem op\u0107eg popisa \u2013 morate provjeriti svaki proizvod pojedina\u010dno.<\/p>\n<p><b>Kako to u\u010diniti?<\/b><br \/>Uzmite bo\u010dicu ili posudicu i pogledajte popis sastojaka (INCI) na etiketi.<br \/>Provjerite je li prisutna jedna od sljede\u0107ih stavki:<\/p>\n<ul>\n<li aria-level=\"1\">Trimetilbenzoil difenilfosfin oksid<\/li>\n<li aria-level=\"1\">Difenil(2,4,6-trimetilbenzoil) fosfin oksid<\/li>\n<li aria-level=\"1\">(2,4,6-trimetilbenzoil) difenilfosfin oksid<\/li>\n<\/ul>\n<p>Sadr\u017ei li etiketa ovaj sastojak? Tada proizvod sadr\u017ei TPO i <b>se od 1. rujna 2025. vi\u0161e ne smije koristiti niti prodavati<\/b> unutar Europske unije. <\/p>\n<p><b>Napomena:<\/b> Ponekad se sastojci navode pod razli\u010ditim ili komercijalnim nazivima koji se ne mogu prona\u0107i na slu\u017ebenim popisima.<br \/>Ako takav naziv nema priznati CAS broj, sastojak slu\u017ebeno ne podlije\u017ee propisima.<br \/>Bez ispravnog CAS broja ne mo\u017eete sa sigurno\u0161\u0107u utvrditi je li proizvod zakonski dopu\u0161ten ili ne.<br \/>U tom je slu\u010daju preporu\u010dljivo biti posebno oprezan i zatra\u017eiti dodatne informacije od dobavlja\u010da.<\/p>\n<p>[\/et_pb_text][et_pb_image src=&#8221;https:\/\/www.tpo-eu.com\/wp-content\/uploads\/2025\/07\/tpo-table.png&#8221; _builder_version=&#8221;4.27.4&#8243; _module_preset=&#8221;default&#8221; global_colors_info=&#8221;{}&#8221;][\/et_pb_image][et_pb_image _builder_version=&#8221;4.27.4&#8243; _module_preset=&#8221;default&#8221; global_colors_info=&#8221;{}&#8221;][\/et_pb_image][\/et_pb_column][\/et_pb_row][\/et_pb_section]<\/p>\n","protected":false},"excerpt":{"rendered":"<p>Kako znati sadr\u017ee li va\u0161i proizvodi TPO? Prije svega, va\u017eno je znati da trebate provjeriti samo proizvode koji se stvrdnjavaju pod lampom \u2013 kao \u0161to su gelovi, BIAB, zavr\u0161ni premazi i gel lakovi. Proizvodi koji se ne stvrdnjavaju, poput laka za nokte, proizvoda za njegu ili teku\u0107ina, obi\u010dno ne sadr\u017ee TPO. Sadr\u017ei li proizvod TPO [&hellip;]<\/p>\n","protected":false},"author":1,"featured_media":0,"parent":0,"menu_order":0,"comment_status":"closed","ping_status":"closed","template":"","meta":{"_et_pb_use_builder":"on","_et_pb_old_content":"","_et_gb_content_width":"","footnotes":""},"class_list":["post-2580","page","type-page","status-publish","hentry"],"_links":{"self":[{"href":"https:\/\/www.tpo-eu.com\/hr\/wp-json\/wp\/v2\/pages\/2580","targetHints":{"allow":["GET"]}}],"collection":[{"href":"https:\/\/www.tpo-eu.com\/hr\/wp-json\/wp\/v2\/pages"}],"about":[{"href":"https:\/\/www.tpo-eu.com\/hr\/wp-json\/wp\/v2\/types\/page"}],"author":[{"embeddable":true,"href":"https:\/\/www.tpo-eu.com\/hr\/wp-json\/wp\/v2\/users\/1"}],"replies":[{"embeddable":true,"href":"https:\/\/www.tpo-eu.com\/hr\/wp-json\/wp\/v2\/comments?post=2580"}],"version-history":[{"count":1,"href":"https:\/\/www.tpo-eu.com\/hr\/wp-json\/wp\/v2\/pages\/2580\/revisions"}],"predecessor-version":[{"id":2587,"href":"https:\/\/www.tpo-eu.com\/hr\/wp-json\/wp\/v2\/pages\/2580\/revisions\/2587"}],"wp:attachment":[{"href":"https:\/\/www.tpo-eu.com\/hr\/wp-json\/wp\/v2\/media?parent=2580"}],"curies":[{"name":"wp","href":"https:\/\/api.w.org\/{rel}","templated":true}]}}