{"id":1663,"date":"2025-07-30T17:16:59","date_gmt":"2025-07-30T15:16:59","guid":{"rendered":"https:\/\/www.tpo-eu.com\/i-tuoi-prodotti\/"},"modified":"2025-08-04T22:11:29","modified_gmt":"2025-08-04T20:11:29","slug":"i-tuoi-prodotti","status":"publish","type":"page","link":"https:\/\/www.tpo-eu.com\/it\/i-tuoi-prodotti\/","title":{"rendered":"I tuoi prodotti"},"content":{"rendered":"<p>[et_pb_section fb_built=&#8221;1&#8243; next_background_color=&#8221;#ffffff&#8221; _builder_version=&#8221;4.27.4&#8243; background_color=&#8221;#000000&#8243; background_image=&#8221;https:\/\/www.tpo-eu.com\/wp-content\/uploads\/2025\/07\/background-chem.jpg&#8221; parallax=&#8221;on&#8221; custom_padding=&#8221;4vw||2vw||false|false&#8221; bottom_divider_style=&#8221;ramp2&#8243; bottom_divider_height=&#8221;10vw&#8221; bottom_divider_flip=&#8221;horizontal&#8221; locked=&#8221;off&#8221; global_colors_info=&#8221;{}&#8221;][et_pb_row _builder_version=&#8221;4.16&#8243; global_colors_info=&#8221;{}&#8221;][et_pb_column type=&#8221;4_4&#8243; _builder_version=&#8221;4.16&#8243; global_colors_info=&#8221;{}&#8221;][et_pb_heading title=&#8221;@ET-DC@eyJkeW5hbWljIjp0cnVlLCJjb250ZW50IjoicG9zdF90aXRsZSIsInNldHRpbmdzIjp7ImJlZm9yZSI6IiIsImFmdGVyIjoiIn19@&#8221; _builder_version=&#8221;4.27.4&#8243; _dynamic_attributes=&#8221;title&#8221; _module_preset=&#8221;ddeb8c09-9078-4424-bc15-2efb6572e28e&#8221; title_font=&#8221;Space Grotesk|700|||||||&#8221; title_font_size=&#8221;70px&#8221; locked=&#8221;off&#8221; global_colors_info=&#8221;{}&#8221;][\/et_pb_heading][\/et_pb_column][\/et_pb_row][\/et_pb_section][et_pb_section fb_built=&#8221;1&#8243; _builder_version=&#8221;4.27.4&#8243; _module_preset=&#8221;default&#8221; global_colors_info=&#8221;{}&#8221;][et_pb_row _builder_version=&#8221;4.27.4&#8243; _module_preset=&#8221;default&#8221; global_colors_info=&#8221;{}&#8221;][et_pb_column type=&#8221;4_4&#8243; _builder_version=&#8221;4.27.4&#8243; _module_preset=&#8221;default&#8221; global_colors_info=&#8221;{}&#8221;][et_pb_text _builder_version=&#8221;4.27.4&#8243; _module_preset=&#8221;default&#8221; hover_enabled=&#8221;0&#8243; global_colors_info=&#8221;{}&#8221; sticky_enabled=&#8221;0&#8243;]<\/p>\n<h1><strong>Come fai a sapere se i tuoi prodotti contengono TPO?<\/strong><\/h1>\n<p>Innanzitutto, \u00e8 importante sapere che devi controllare solo i prodotti che si induriscono sotto una lampada, come gel, BIAB, top coat e smalto gel. I prodotti che non si induriscono, come lo smalto per unghie, i prodotti per la cura o i liquidi, di solito non contengono TPO. <\/p>\n<p>La presenza di TPO in un prodotto dipende da diversi fattori, come la data di acquisto, il numero di lotto e lo specifico lotto.<br \/>Pertanto, non \u00e8 possibile verificarlo tramite un elenco generale: \u00e8 necessario controllare ogni prodotto individualmente.<\/p>\n<p><b>Come si fa?<\/b><br \/>Prendi la boccetta o il vasetto e guarda l&#8217;elenco degli ingredienti (INCI) sull&#8217;etichetta.<br \/>Verifica se \u00e8 presente una delle seguenti voci:<\/p>\n<ul>\n<li aria-level=\"1\">Trimethylbenzoyl Diphenylphosphine Oxide<\/li>\n<li aria-level=\"1\">Diphenyl(2,4,6-trimethylbenzoyl) phosphine Oxide<\/li>\n<li aria-level=\"1\">(2,4,6-trimethylbenzoyl) diphenylphosphine Oxide<\/li>\n<\/ul>\n<p>Questo ingrediente \u00e8 presente sull&#8217;etichetta? In tal caso, il prodotto contiene TPO e non potr\u00e0 pi\u00f9 essere utilizzato o venduto all&#8217;<b>interno dell&#8217;Unione Europea a partire dal 1\u00b0 settembre 2025<\/b>. <\/p>\n<p><b>Attenzione:<\/b> A volte gli ingredienti sono elencati con nomi diversi o commerciali che non si trovano negli elenchi ufficiali.<br \/>Se tale nome non ha un numero CAS riconosciuto, l&#8217;ingrediente non rientra ufficialmente nella normativa.<br \/>Senza un numero CAS corretto, non \u00e8 possibile stabilire con certezza se il prodotto \u00e8 legalmente consentito o meno.<br \/>In tal caso, \u00e8 consigliabile prestare particolare attenzione e richiedere ulteriori informazioni al fornitore.<\/p>\n<p>[\/et_pb_text][et_pb_image src=&#8221;https:\/\/www.tpo-eu.com\/wp-content\/uploads\/2025\/07\/tpo-table.png&#8221; _builder_version=&#8221;4.27.4&#8243; _module_preset=&#8221;default&#8221; global_colors_info=&#8221;{}&#8221;][\/et_pb_image][et_pb_image _builder_version=&#8221;4.27.4&#8243; _module_preset=&#8221;default&#8221; global_colors_info=&#8221;{}&#8221;][\/et_pb_image][\/et_pb_column][\/et_pb_row][\/et_pb_section]<\/p>\n","protected":false},"excerpt":{"rendered":"<p>Come fai a sapere se i tuoi prodotti contengono TPO? Innanzitutto, \u00e8 importante sapere che devi controllare solo i prodotti che si induriscono sotto una lampada, come gel, BIAB, top coat e smalto gel. I prodotti che non si induriscono, come lo smalto per unghie, i prodotti per la cura o i liquidi, di solito [&hellip;]<\/p>\n","protected":false},"author":1,"featured_media":0,"parent":0,"menu_order":0,"comment_status":"closed","ping_status":"closed","template":"","meta":{"_et_pb_use_builder":"on","_et_pb_old_content":"","_et_gb_content_width":"","footnotes":""},"class_list":["post-1663","page","type-page","status-publish","hentry"],"_links":{"self":[{"href":"https:\/\/www.tpo-eu.com\/it\/wp-json\/wp\/v2\/pages\/1663","targetHints":{"allow":["GET"]}}],"collection":[{"href":"https:\/\/www.tpo-eu.com\/it\/wp-json\/wp\/v2\/pages"}],"about":[{"href":"https:\/\/www.tpo-eu.com\/it\/wp-json\/wp\/v2\/types\/page"}],"author":[{"embeddable":true,"href":"https:\/\/www.tpo-eu.com\/it\/wp-json\/wp\/v2\/users\/1"}],"replies":[{"embeddable":true,"href":"https:\/\/www.tpo-eu.com\/it\/wp-json\/wp\/v2\/comments?post=1663"}],"version-history":[{"count":1,"href":"https:\/\/www.tpo-eu.com\/it\/wp-json\/wp\/v2\/pages\/1663\/revisions"}],"predecessor-version":[{"id":1665,"href":"https:\/\/www.tpo-eu.com\/it\/wp-json\/wp\/v2\/pages\/1663\/revisions\/1665"}],"wp:attachment":[{"href":"https:\/\/www.tpo-eu.com\/it\/wp-json\/wp\/v2\/media?parent=1663"}],"curies":[{"name":"wp","href":"https:\/\/api.w.org\/{rel}","templated":true}]}}