{"id":1486,"date":"2025-07-30T17:16:59","date_gmt":"2025-07-30T15:16:59","guid":{"rendered":"https:\/\/www.tpo-eu.com\/dine-produkter\/"},"modified":"2025-08-04T17:15:01","modified_gmt":"2025-08-04T15:15:01","slug":"dine-produkter","status":"publish","type":"page","link":"https:\/\/www.tpo-eu.com\/no\/dine-produkter\/","title":{"rendered":"Dine produkter"},"content":{"rendered":"<p>[et_pb_section fb_built=&raquo;1&#8243; next_background_color=&raquo;#ffffff&raquo; _builder_version=&raquo;4.27.4&#8243; background_color=&raquo;#000000&#8243; background_image=&raquo;https:\/\/www.tpo-eu.com\/wp-content\/uploads\/2025\/07\/background-chem.jpg&raquo; parallax=&raquo;on&raquo; custom_padding=&raquo;4vw||2vw||false|false&raquo; bottom_divider_style=&raquo;ramp2&#8243; bottom_divider_height=&raquo;10vw&raquo; bottom_divider_flip=&raquo;horizontal&raquo; locked=&raquo;off&raquo; global_colors_info=&raquo;{}&raquo;][et_pb_row _builder_version=&raquo;4.16&#8243; global_colors_info=&raquo;{}&raquo;][et_pb_column type=&raquo;4_4&#8243; _builder_version=&raquo;4.16&#8243; global_colors_info=&raquo;{}&raquo;][et_pb_heading title=&raquo;@ET-DC@eyJkeW5hbWljIjp0cnVlLCJjb250ZW50IjoicG9zdF90aXRsZSIsInNldHRpbmdzIjp7ImJlZm9yZSI6IiIsImFmdGVyIjoiIn19@&raquo; _builder_version=&raquo;4.27.4&#8243; _dynamic_attributes=&raquo;title&raquo; _module_preset=&raquo;ddeb8c09-9078-4424-bc15-2efb6572e28e&raquo; title_font=&raquo;Space Grotesk|700|||||||&raquo; title_font_size=&raquo;70px&raquo; locked=&raquo;off&raquo; global_colors_info=&raquo;{}&raquo;][\/et_pb_heading][\/et_pb_column][\/et_pb_row][\/et_pb_section][et_pb_section fb_built=&raquo;1&#8243; _builder_version=&raquo;4.27.4&#8243; _module_preset=&raquo;default&raquo; global_colors_info=&raquo;{}&raquo;][et_pb_row _builder_version=&raquo;4.27.4&#8243; _module_preset=&raquo;default&raquo; global_colors_info=&raquo;{}&raquo;][et_pb_column type=&raquo;4_4&#8243; _builder_version=&raquo;4.27.4&#8243; _module_preset=&raquo;default&raquo; global_colors_info=&raquo;{}&raquo;][et_pb_text _builder_version=&raquo;4.27.4&#8243; _module_preset=&raquo;default&raquo; hover_enabled=&raquo;0&#8243; global_colors_info=&raquo;{}&raquo; sticky_enabled=&raquo;0&#8243;]<\/p>\n<h1><strong>Hvordan vet du om produktene dine inneholder TPO?<\/strong><\/h1>\n<p>F\u00f8rst og fremst er det viktig \u00e5 vite at du bare trenger \u00e5 sjekke produkter som herdes under en lampe &#8211; som geler, BIAB, topplakk og gellakk. Produkter som ikke herdes, som neglelakk, pleieprodukter eller v\u00e6sker, inneholder vanligvis ikke TPO. <\/p>\n<p>Om et produkt inneholder TPO avhenger av ulike faktorer som kj\u00f8psdato, partinummer og spesifikk batch.<br \/>Du kan derfor ikke sjekke dette via en generell liste &#8211; du m\u00e5 kontrollere hvert produkt individuelt.<\/p>\n<p><b>Hvordan gj\u00f8r du det?<\/b><br \/>Ta frem flasken eller krukken og se p\u00e5 ingredienslisten (INCI) p\u00e5 etiketten.<br \/>Sjekk om en av f\u00f8lgende betegnelser er til stede:<\/p>\n<ul>\n<li aria-level=\"1\">Trimethylbenzoyl Diphenylphosphine Oxide<\/li>\n<li aria-level=\"1\">Diphenyl(2,4,6-trimethylbenzoyl) phosphine Oxide<\/li>\n<li aria-level=\"1\">(2,4,6-trimethylbenzoyl) diphenylphosphine Oxide<\/li>\n<\/ul>\n<p>Forekommer denne ingrediensen p\u00e5 etiketten? Da inneholder produktet TPO og kan <b>ikke lenger brukes eller selges fra 1. september 2025<\/b> innenfor Den europeiske union. <\/p>\n<p><b>Merk:<\/b> Noen ganger oppgis ingredienser under avvikende eller kommersielle navn som ikke finnes i de offisielle listene.<br \/>Hvis et slikt navn ikke har et anerkjent CAS-nummer, faller ingrediensen ikke offisielt inn under regelverket.<br \/>Uten korrekt CAS-nummer kan du ikke med sikkerhet fastsl\u00e5 om produktet er lovlig tillatt eller ikke.<br \/>I s\u00e5 fall er det tilr\u00e5delig \u00e5 v\u00e6re ekstra forsiktig og be om ytterligere informasjon fra leverand\u00f8ren.<\/p>\n<p>[\/et_pb_text][et_pb_image src=&raquo;https:\/\/www.tpo-eu.com\/wp-content\/uploads\/2025\/07\/tpo-table.png&raquo; _builder_version=&raquo;4.27.4&#8243; _module_preset=&raquo;default&raquo; global_colors_info=&raquo;{}&raquo;][\/et_pb_image][et_pb_image _builder_version=&raquo;4.27.4&#8243; _module_preset=&raquo;default&raquo; global_colors_info=&raquo;{}&raquo;][\/et_pb_image][\/et_pb_column][\/et_pb_row][\/et_pb_section]<\/p>\n","protected":false},"excerpt":{"rendered":"<p>Hvordan vet du om produktene dine inneholder TPO? F\u00f8rst og fremst er det viktig \u00e5 vite at du bare trenger \u00e5 sjekke produkter som herdes under en lampe &#8211; som geler, BIAB, topplakk og gellakk. Produkter som ikke herdes, som neglelakk, pleieprodukter eller v\u00e6sker, inneholder vanligvis ikke TPO. Om et produkt inneholder TPO avhenger av [&hellip;]<\/p>\n","protected":false},"author":1,"featured_media":0,"parent":0,"menu_order":0,"comment_status":"closed","ping_status":"closed","template":"","meta":{"_et_pb_use_builder":"on","_et_pb_old_content":"","_et_gb_content_width":"","footnotes":""},"class_list":["post-1486","page","type-page","status-publish","hentry"],"_links":{"self":[{"href":"https:\/\/www.tpo-eu.com\/no\/wp-json\/wp\/v2\/pages\/1486","targetHints":{"allow":["GET"]}}],"collection":[{"href":"https:\/\/www.tpo-eu.com\/no\/wp-json\/wp\/v2\/pages"}],"about":[{"href":"https:\/\/www.tpo-eu.com\/no\/wp-json\/wp\/v2\/types\/page"}],"author":[{"embeddable":true,"href":"https:\/\/www.tpo-eu.com\/no\/wp-json\/wp\/v2\/users\/1"}],"replies":[{"embeddable":true,"href":"https:\/\/www.tpo-eu.com\/no\/wp-json\/wp\/v2\/comments?post=1486"}],"version-history":[{"count":1,"href":"https:\/\/www.tpo-eu.com\/no\/wp-json\/wp\/v2\/pages\/1486\/revisions"}],"predecessor-version":[{"id":1488,"href":"https:\/\/www.tpo-eu.com\/no\/wp-json\/wp\/v2\/pages\/1486\/revisions\/1488"}],"wp:attachment":[{"href":"https:\/\/www.tpo-eu.com\/no\/wp-json\/wp\/v2\/media?parent=1486"}],"curies":[{"name":"wp","href":"https:\/\/api.w.org\/{rel}","templated":true}]}}