{"id":1500,"date":"2025-07-25T16:13:08","date_gmt":"2025-07-25T14:13:08","guid":{"rendered":"https:\/\/www.tpo-eu.com\/kontakt\/"},"modified":"2025-08-04T17:15:19","modified_gmt":"2025-08-04T15:15:19","slug":"kontakt","status":"publish","type":"page","link":"https:\/\/www.tpo-eu.com\/no\/kontakt\/","title":{"rendered":"Kontakt"},"content":{"rendered":"<p>[et_pb_section fb_built=&raquo;1&#8243; next_background_color=&raquo;#dbe0dd&raquo; _builder_version=&raquo;4.27.4&#8243; background_color=&raquo;#000000&#8243; background_image=&raquo;https:\/\/www.tpo-eu.com\/wp-content\/uploads\/2025\/07\/background-chem.jpg&raquo; parallax=&raquo;on&raquo; custom_padding=&raquo;4vw||2vw||false|false&raquo; bottom_divider_style=&raquo;ramp2&#8243; bottom_divider_height=&raquo;10vw&raquo; bottom_divider_flip=&raquo;horizontal&raquo; locked=&raquo;off&raquo; global_colors_info=&raquo;{}&raquo;][et_pb_row _builder_version=&raquo;4.16&#8243; global_colors_info=&raquo;{}&raquo;][et_pb_column type=&raquo;4_4&#8243; _builder_version=&raquo;4.16&#8243; global_colors_info=&raquo;{}&raquo;][et_pb_heading title=&raquo;@ET-DC@eyJkeW5hbWljIjp0cnVlLCJjb250ZW50IjoicG9zdF90aXRsZSIsInNldHRpbmdzIjp7ImJlZm9yZSI6IiIsImFmdGVyIjoiIn19@&raquo; _builder_version=&raquo;4.27.4&#8243; _dynamic_attributes=&raquo;title&raquo; _module_preset=&raquo;ddeb8c09-9078-4424-bc15-2efb6572e28e&raquo; title_font=&raquo;Space Grotesk|700|||||||&raquo; title_font_size=&raquo;70px&raquo; locked=&raquo;off&raquo; global_colors_info=&raquo;{}&raquo;][\/et_pb_heading][\/et_pb_column][\/et_pb_row][\/et_pb_section][et_pb_section fb_built=&raquo;1&#8243; admin_label=&raquo;Lead Generation&raquo; _builder_version=&raquo;4.27.4&#8243; _module_preset=&raquo;default&raquo; background_color=&raquo;#dbe0dd&raquo; custom_padding=&raquo;45px|||||&raquo; locked=&raquo;off&raquo; collapsed=&raquo;off&raquo; global_colors_info=&raquo;{%22#264653%22:%91%22background_color%22%93}&raquo;][et_pb_row custom_padding_last_edited=&raquo;on|desktop&raquo; _builder_version=&raquo;4.24.3&#8243; _module_preset=&raquo;c9cfaba2-2263-4f35-8227-8d16ca8bd1cc&raquo; background_color=&raquo;#FFFFFF&raquo; custom_padding=&raquo;60px|60px|60px|60px|true|true&raquo; custom_padding_tablet=&raquo;30px|30px|30px|30px|true|true&raquo; custom_padding_phone=&raquo;20px|20px|20px|20px|true|true&raquo; border_radii=&raquo;on|6px|6px|6px|6px&raquo; border_radii_tablet=&raquo;on|30px|30px|30px|30px&raquo; border_radii_phone=&raquo;on|20px|20px|20px|20px&raquo; border_radii_last_edited=&raquo;off|desktop&raquo; box_shadow_style=&raquo;preset3&#8243; box_shadow_vertical=&raquo;24px&raquo; box_shadow_blur=&raquo;72px&raquo; box_shadow_spread=&raquo;-12px&raquo; box_shadow_color=&raquo;rgba(0,0,0,0.12)&raquo; global_colors_info=&raquo;{}&raquo;][et_pb_column type=&raquo;4_4&#8243; _builder_version=&raquo;4.16&#8243; _module_preset=&raquo;73121f80-a3ef-4484-8763-c3f18e3c56d2&#8243; global_colors_info=&raquo;{}&raquo;][et_pb_heading _builder_version=&raquo;4.24.3&#8243; _module_preset=&raquo;c33f07d9-41e0-421a-8799-5799df695cce&raquo; title_level=&raquo;h2&#8243; title_font=&raquo;Space Grotesk|Space Grotesk_weight|||||||&raquo; title_text_align=&raquo;center&raquo; title_text_color=&raquo;#0e0c19&#8243; title_font_size=&raquo;50px&raquo; title_line_height=&raquo;1.2em&raquo; custom_margin=&raquo;||10px||false|false&raquo; title_font_size_tablet=&raquo;28px&raquo; title_font_size_phone=&raquo;20px&raquo; locked=&raquo;off&raquo; global_colors_info=&raquo;{}&raquo;][\/et_pb_heading][et_pb_text quote_border_color=&raquo;#2a9d8f&raquo; _builder_version=&raquo;4.27.4&#8243; _module_preset=&raquo;2c55a9c4-feed-423b-9edb-ae0b5b365cac&raquo; text_font=&raquo;Roboto|Roboto_weight|||||||&raquo; text_text_color=&raquo;#3c3a47&#8243; text_font_size=&raquo;16px&raquo; text_line_height=&raquo;1.75em&raquo; link_font=&raquo;|Roboto_weight|||||||&raquo; link_text_color=&raquo;#264653&#8243; quote_font=&raquo;Space Grotesk|Space Grotesk_weight|||||||&raquo; quote_text_color=&raquo;#0e0c19&#8243; header_font=&raquo;Space Grotesk|Space Grotesk_weight|||||||&raquo; header_text_color=&raquo;#0e0c19&#8243; header_font_size=&raquo;72px&raquo; header_line_height=&raquo;1.15em&raquo; header_2_font=&raquo;Space Grotesk|Space Grotesk_weight|||||||&raquo; header_2_text_color=&raquo;#0e0c19&#8243; header_2_font_size=&raquo;50px&raquo; header_2_line_height=&raquo;1.2em&raquo; header_3_font=&raquo;Space Grotesk|Space Grotesk_weight|||||||&raquo; header_3_text_color=&raquo;#0e0c19&#8243; header_3_font_size=&raquo;32px&raquo; header_3_line_height=&raquo;1.3em&raquo; header_4_font=&raquo;Space Grotesk|Space Grotesk_weight|||||||&raquo; header_4_text_color=&raquo;#0e0c19&#8243; header_4_font_size=&raquo;24px&raquo; header_4_line_height=&raquo;1.4em&raquo; header_5_font=&raquo;Space Grotesk|Space Grotesk_weight|||||||&raquo; header_5_text_color=&raquo;#0e0c19&#8243; header_5_font_size=&raquo;18px&raquo; header_5_line_height=&raquo;1.4em&raquo; header_6_font=&raquo;Space Grotesk|Space Grotesk_weight|||||||&raquo; header_6_text_color=&raquo;#0e0c19&#8243; header_6_line_height=&raquo;1.5em&raquo; text_orientation=&raquo;center&raquo; module_alignment=&raquo;center&raquo; custom_margin=&raquo;||||false|false&raquo; hover_enabled=&raquo;0&#8243; text_font_size_tablet=&raquo;15px&raquo; text_font_size_phone=&raquo;14px&raquo; text_font_size_last_edited=&raquo;on|phone&raquo; header_font_size_tablet=&raquo;40px&raquo; header_font_size_phone=&raquo;24px&raquo; header_font_size_last_edited=&raquo;on|desktop&raquo; header_2_font_size_tablet=&raquo;28px&raquo; header_2_font_size_phone=&raquo;20px&raquo; header_2_font_size_last_edited=&raquo;on|phone&raquo; header_3_font_size_tablet=&raquo;22px&raquo; header_3_font_size_phone=&raquo;17px&raquo; header_3_font_size_last_edited=&raquo;on|phone&raquo; header_4_font_size_tablet=&raquo;18px&raquo; header_4_font_size_phone=&raquo;15px&raquo; header_4_font_size_last_edited=&raquo;on|tablet&raquo; header_5_font_size_tablet=&raquo;15px&raquo; header_5_font_size_phone=&raquo;14px&raquo; header_5_font_size_last_edited=&raquo;on|desktop&raquo; header_6_font_size_tablet=&raquo;13px&raquo; header_6_font_size_phone=&raquo;13px&raquo; header_6_font_size_last_edited=&raquo;on|desktop&raquo; locked=&raquo;off&raquo; global_colors_info=&raquo;{}&raquo; sticky_enabled=&raquo;0&#8243;]<\/p>\n<p>Fyll ut kontaktskjemaet v\u00e5rt for sp\u00f8rsm\u00e5l, forslag eller for \u00e5 delta i initiativet v\u00e5rt. Vi ser frem til \u00e5 h\u00f8re fra deg! <\/p>\n<p>[\/et_pb_text][et_pb_text _builder_version=&raquo;4.27.4&#8243; _module_preset=&raquo;default&raquo; hover_enabled=&raquo;0&#8243; sticky_enabled=&raquo;0&#8243; admin_label=&raquo;contactformulier&raquo;]<div class='fluentform ff-default fluentform_wrapper_7 ffs_default_wrap'><form data-form_id=\"7\" id=\"fluentform_7\" class=\"frm-fluent-form fluent_form_7 ff-el-form-top ff_form_instance_7_1 ff-form-loading ffs_default\" data-form_instance=\"ff_form_instance_7_1\" method=\"POST\" ><fieldset  style=\"border: none!important;margin: 0!important;padding: 0!important;background-color: transparent!important;box-shadow: none!important;outline: none!important; min-inline-size: 100%;\">\n                    <legend class=\"ff_screen_reader_title\" style=\"display: block; margin: 0!important;padding: 0!important;height: 0!important;text-indent: -999999px;width: 0!important;overflow:hidden;\">Contactformulier<\/legend><input type='hidden' name='__fluent_form_embded_post_id' value='1500' \/><input type=\"hidden\" id=\"_fluentform_7_fluentformnonce\" name=\"_fluentform_7_fluentformnonce\" value=\"7ccba53e0a\" \/><input type=\"hidden\" name=\"_wp_http_referer\" value=\"\/no\/wp-json\/wp\/v2\/pages\/1500\" \/><div data-type=\"name-element\" data-name=\"names\" class=\" ff-field_container ff-name-field-wrapper\" ><div class='ff-t-container'><div class='ff-t-cell '><div class='ff-el-group  ff-el-form-hide_label'><div class=\"ff-el-input--label ff-el-is-required asterisk-right\"><label for='ff_7_names_first_name_' id='label_ff_7_names_first_name_' >Navn<\/label><\/div><div class='ff-el-input--content'><input type=\"text\" name=\"names[first_name]\" id=\"ff_7_names_first_name_\" class=\"ff-el-form-control\" placeholder=\"Navn\" aria-invalid=\"false\" aria-required=true><\/div><\/div><\/div><\/div><\/div><div class='ff-el-group ff-el-form-hide_label'><div class=\"ff-el-input--label ff-el-is-required asterisk-right\"><label for='ff_7_email' id='label_ff_7_email' aria-label=\"E-post\">E-post<\/label><\/div><div class='ff-el-input--content'><input type=\"email\" name=\"email\" id=\"ff_7_email\" class=\"ff-el-form-control\" placeholder=\"E-post\" data-name=\"email\"  aria-invalid=\"false\" aria-required=true><\/div><\/div><div class='ff-el-group ff-el-form-hide_label'><div class=\"ff-el-input--label ff-el-is-required asterisk-right\"><label for='ff_7_message' id='label_ff_7_message' aria-label=\"Melding\">Melding<\/label><\/div><div class='ff-el-input--content'><textarea aria-required=\"true\" aria-labelledby=\"label_ff_7_message\" name=\"message\" id=\"ff_7_message\" class=\"ff-el-form-control\" placeholder=\"Melding\" rows=\"4\" cols=\"2\" data-name=\"message\" ><\/textarea><\/div><\/div><div class='ff-el-group ff-text-left ff_submit_btn_wrapper'><button type=\"submit\" class=\"ff-btn ff-btn-submit ff-btn-md ff_btn_style\"  aria-label=\"Send\">Send<\/button><\/div><\/fieldset><\/form><div id='fluentform_7_errors' class='ff-errors-in-stack ff_form_instance_7_1 ff-form-loading_errors ff_form_instance_7_1_errors'><\/div><\/div>            <script type=\"text\/javascript\">\n                window.fluent_form_ff_form_instance_7_1 = {\"id\":\"7\",\"ajaxUrl\":\"https:\\\/\\\/www.tpo-eu.com\\\/wp-admin\\\/admin-ajax.php\",\"settings\":{\"layout\":{\"labelPlacement\":\"top\",\"asteriskPlacement\":\"asterisk-right\",\"helpMessagePlacement\":\"with_label\",\"errorMessagePlacement\":\"inline\",\"cssClassName\":\"\"},\"restrictions\":{\"denyEmptySubmission\":{\"enabled\":false}}},\"form_instance\":\"ff_form_instance_7_1\",\"form_id_selector\":\"fluentform_7\",\"rules\":{\"names[first_name]\":{\"required\":{\"value\":true,\"message\":\"This field is required\",\"global\":true,\"global_message\":\"This field is required\"}},\"names[middle_name]\":{\"required\":{\"value\":false,\"message\":\"This field is required\",\"global\":true,\"global_message\":\"This field is required\"}},\"names[last_name]\":{\"required\":{\"value\":false,\"message\":\"This field is required\",\"global\":true,\"global_message\":\"This field is required\"}},\"email\":{\"required\":{\"value\":true,\"message\":\"This field is required\",\"global\":true,\"global_message\":\"This field is required\"},\"email\":{\"value\":true,\"message\":\"This field must contain a valid email\",\"global\":true,\"global_message\":\"This field must contain a valid email\"}},\"message\":{\"required\":{\"value\":true,\"message\":\"This field is required\",\"global\":true,\"global_message\":\"This field is required\"}}},\"debounce_time\":300};\n                            <\/script>\n            [\/et_pb_text][\/et_pb_column][\/et_pb_row][\/et_pb_section]<\/p>\n","protected":false},"excerpt":{"rendered":"<p>Fyll ut kontaktskjemaet v\u00e5rt for sp\u00f8rsm\u00e5l, forslag eller for \u00e5 delta i initiativet v\u00e5rt. Vi ser frem til \u00e5 h\u00f8re fra deg! <div class='fluentform ff-default fluentform_wrapper_7 ffs_default_wrap'><form data-form_id=\"7\" id=\"fluentform_7\" class=\"frm-fluent-form fluent_form_7 ff-el-form-top ff_form_instance_7_2 ff-form-loading ffs_default\" data-form_instance=\"ff_form_instance_7_2\" method=\"POST\" ><fieldset  style=\"border: none!important;margin: 0!important;padding: 0!important;background-color: transparent!important;box-shadow: none!important;outline: none!important; min-inline-size: 100%;\">\n                    <legend class=\"ff_screen_reader_title\" style=\"display: block; margin: 0!important;padding: 0!important;height: 0!important;text-indent: -999999px;width: 0!important;overflow:hidden;\">Contactformulier<\/legend><input type='hidden' name='__fluent_form_embded_post_id' value='1500' \/><input type=\"hidden\" id=\"_fluentform_7_fluentformnonce\" name=\"_fluentform_7_fluentformnonce\" value=\"7ccba53e0a\" \/><input type=\"hidden\" name=\"_wp_http_referer\" value=\"\/no\/wp-json\/wp\/v2\/pages\/1500\" \/><div data-type=\"name-element\" data-name=\"names\" class=\" ff-field_container ff-name-field-wrapper\" ><div class='ff-t-container'><div class='ff-t-cell '><div class='ff-el-group  ff-el-form-hide_label'><div class=\"ff-el-input--label ff-el-is-required asterisk-right\"><label for='ff_7_2_names_first_name_' id='label_ff_7_2_names_first_name_' >Navn<\/label><\/div><div class='ff-el-input--content'><input type=\"text\" name=\"names[first_name]\" id=\"ff_7_2_names_first_name_\" class=\"ff-el-form-control\" placeholder=\"Navn\" aria-invalid=\"false\" aria-required=true><\/div><\/div><\/div><\/div><\/div><div class='ff-el-group ff-el-form-hide_label'><div class=\"ff-el-input--label ff-el-is-required asterisk-right\"><label for='ff_7_2_email' id='label_ff_7_2_email' aria-label=\"E-post\">E-post<\/label><\/div><div class='ff-el-input--content'><input type=\"email\" name=\"email\" id=\"ff_7_2_email\" class=\"ff-el-form-control\" placeholder=\"E-post\" data-name=\"email\"  aria-invalid=\"false\" aria-required=true><\/div><\/div><div class='ff-el-group ff-el-form-hide_label'><div class=\"ff-el-input--label ff-el-is-required asterisk-right\"><label for='ff_7_2_message' id='label_ff_7_2_message' aria-label=\"Melding\">Melding<\/label><\/div><div class='ff-el-input--content'><textarea aria-required=\"true\" aria-labelledby=\"label_ff_7_2_message\" name=\"message\" id=\"ff_7_2_message\" class=\"ff-el-form-control\" placeholder=\"Melding\" rows=\"4\" cols=\"2\" data-name=\"message\" ><\/textarea><\/div><\/div><div class='ff-el-group ff-text-left ff_submit_btn_wrapper'><button type=\"submit\" class=\"ff-btn ff-btn-submit ff-btn-md ff_btn_style\"  aria-label=\"Send\">Send<\/button><\/div><\/fieldset><\/form><div id='fluentform_7_errors' class='ff-errors-in-stack ff_form_instance_7_2 ff-form-loading_errors ff_form_instance_7_2_errors'><\/div><\/div>            <script type=\"text\/javascript\">\n                window.fluent_form_ff_form_instance_7_2 = {\"id\":\"7\",\"ajaxUrl\":\"https:\\\/\\\/www.tpo-eu.com\\\/wp-admin\\\/admin-ajax.php\",\"settings\":{\"layout\":{\"labelPlacement\":\"top\",\"asteriskPlacement\":\"asterisk-right\",\"helpMessagePlacement\":\"with_label\",\"errorMessagePlacement\":\"inline\",\"cssClassName\":\"\"},\"restrictions\":{\"denyEmptySubmission\":{\"enabled\":false}}},\"form_instance\":\"ff_form_instance_7_2\",\"form_id_selector\":\"fluentform_7\",\"rules\":{\"names[first_name]\":{\"required\":{\"value\":true,\"message\":\"This field is required\",\"global\":true,\"global_message\":\"This field is required\"}},\"names[middle_name]\":{\"required\":{\"value\":false,\"message\":\"This field is required\",\"global\":true,\"global_message\":\"This field is required\"}},\"names[last_name]\":{\"required\":{\"value\":false,\"message\":\"This field is required\",\"global\":true,\"global_message\":\"This field is required\"}},\"email\":{\"required\":{\"value\":true,\"message\":\"This field is required\",\"global\":true,\"global_message\":\"This field is required\"},\"email\":{\"value\":true,\"message\":\"This field must contain a valid email\",\"global\":true,\"global_message\":\"This field must contain a valid email\"}},\"message\":{\"required\":{\"value\":true,\"message\":\"This field is required\",\"global\":true,\"global_message\":\"This field is required\"}}},\"debounce_time\":300};\n                            <\/script>\n            <\/p>\n","protected":false},"author":1,"featured_media":0,"parent":0,"menu_order":0,"comment_status":"closed","ping_status":"closed","template":"","meta":{"_et_pb_use_builder":"on","_et_pb_old_content":"","_et_gb_content_width":"","footnotes":""},"class_list":["post-1500","page","type-page","status-publish","hentry"],"_links":{"self":[{"href":"https:\/\/www.tpo-eu.com\/no\/wp-json\/wp\/v2\/pages\/1500","targetHints":{"allow":["GET"]}}],"collection":[{"href":"https:\/\/www.tpo-eu.com\/no\/wp-json\/wp\/v2\/pages"}],"about":[{"href":"https:\/\/www.tpo-eu.com\/no\/wp-json\/wp\/v2\/types\/page"}],"author":[{"embeddable":true,"href":"https:\/\/www.tpo-eu.com\/no\/wp-json\/wp\/v2\/users\/1"}],"replies":[{"embeddable":true,"href":"https:\/\/www.tpo-eu.com\/no\/wp-json\/wp\/v2\/comments?post=1500"}],"version-history":[{"count":4,"href":"https:\/\/www.tpo-eu.com\/no\/wp-json\/wp\/v2\/pages\/1500\/revisions"}],"predecessor-version":[{"id":1509,"href":"https:\/\/www.tpo-eu.com\/no\/wp-json\/wp\/v2\/pages\/1500\/revisions\/1509"}],"wp:attachment":[{"href":"https:\/\/www.tpo-eu.com\/no\/wp-json\/wp\/v2\/media?parent=1500"}],"curies":[{"name":"wp","href":"https:\/\/api.w.org\/{rel}","templated":true}]}}