{"id":3118,"date":"2025-08-19T15:00:23","date_gmt":"2025-08-19T13:00:23","guid":{"rendered":"https:\/\/www.tpo-eu.com\/konsekvenser-av-tpo-forbudet-din-stemme-teller\/"},"modified":"2025-08-20T16:45:51","modified_gmt":"2025-08-20T14:45:51","slug":"konsekvenser-av-tpo-forbudet-din-stemme-teller","status":"publish","type":"page","link":"https:\/\/www.tpo-eu.com\/no\/konsekvenser-av-tpo-forbudet-din-stemme-teller\/","title":{"rendered":"Sp\u00f8rreunders\u00f8kelse"},"content":{"rendered":"<p>[et_pb_section fb_built=&raquo;1&#8243; next_background_color=&raquo;#dbe0dd&raquo; _builder_version=&raquo;4.27.4&#8243; background_color=&raquo;#000000&#8243; background_image=&raquo;https:\/\/www.tpo-eu.com\/wp-content\/uploads\/2025\/07\/background-chem.jpg&raquo; parallax=&raquo;on&raquo; custom_padding=&raquo;4vw||2vw||false|false&raquo; bottom_divider_style=&raquo;ramp2&#8243; bottom_divider_height=&raquo;10vw&raquo; bottom_divider_flip=&raquo;horizontal&raquo; locked=&raquo;off&raquo; global_colors_info=&raquo;{}&raquo;][et_pb_row _builder_version=&raquo;4.16&#8243; global_colors_info=&raquo;{}&raquo;][et_pb_column type=&raquo;4_4&#8243; _builder_version=&raquo;4.16&#8243; global_colors_info=&raquo;{}&raquo;][et_pb_heading title=&raquo;Konsekvenser av TPO-forbudet &#8211; Din stemme teller!&raquo; _builder_version=&raquo;4.27.4&#8243; _module_preset=&raquo;ddeb8c09-9078-4424-bc15-2efb6572e28e&raquo; title_font=&raquo;Space Grotesk|700|||||||&raquo; title_font_size=&raquo;70px&raquo; hover_enabled=&raquo;0&#8243; locked=&raquo;off&raquo; global_colors_info=&raquo;{}&raquo; sticky_enabled=&raquo;0&#8243;][\/et_pb_heading][\/et_pb_column][\/et_pb_row][\/et_pb_section][et_pb_section fb_built=&raquo;1&#8243; admin_label=&raquo;Lead Generation&raquo; _builder_version=&raquo;4.27.4&#8243; _module_preset=&raquo;default&raquo; background_color=&raquo;#dbe0dd&raquo; custom_padding=&raquo;45px|||||&raquo; locked=&raquo;off&raquo; collapsed=&raquo;off&raquo; global_colors_info=&raquo;{%22#264653%22:%91%22background_color%22%93}&raquo;][et_pb_row custom_padding_last_edited=&raquo;on|desktop&raquo; _builder_version=&raquo;4.24.3&#8243; _module_preset=&raquo;c9cfaba2-2263-4f35-8227-8d16ca8bd1cc&raquo; background_color=&raquo;#FFFFFF&raquo; custom_padding=&raquo;60px|60px|60px|60px|true|true&raquo; custom_padding_tablet=&raquo;30px|30px|30px|30px|true|true&raquo; custom_padding_phone=&raquo;20px|20px|20px|20px|true|true&raquo; border_radii=&raquo;on|6px|6px|6px|6px&raquo; border_radii_tablet=&raquo;on|30px|30px|30px|30px&raquo; border_radii_phone=&raquo;on|20px|20px|20px|20px&raquo; border_radii_last_edited=&raquo;off|desktop&raquo; box_shadow_style=&raquo;preset3&#8243; box_shadow_vertical=&raquo;24px&raquo; box_shadow_blur=&raquo;72px&raquo; box_shadow_spread=&raquo;-12px&raquo; box_shadow_color=&raquo;rgba(0,0,0,0.12)&raquo; global_colors_info=&raquo;{}&raquo;][et_pb_column type=&raquo;4_4&#8243; _builder_version=&raquo;4.16&#8243; _module_preset=&raquo;73121f80-a3ef-4484-8763-c3f18e3c56d2&#8243; global_colors_info=&raquo;{}&raquo;][et_pb_heading _builder_version=&raquo;4.24.3&#8243; _module_preset=&raquo;c33f07d9-41e0-421a-8799-5799df695cce&raquo; title_level=&raquo;h2&#8243; title_font=&raquo;Space Grotesk|Space Grotesk_weight|||||||&raquo; title_text_align=&raquo;center&raquo; title_text_color=&raquo;#0e0c19&#8243; title_font_size=&raquo;50px&raquo; title_line_height=&raquo;1.2em&raquo; custom_margin=&raquo;||10px||false|false&raquo; title_font_size_tablet=&raquo;28px&raquo; title_font_size_phone=&raquo;20px&raquo; locked=&raquo;off&raquo; global_colors_info=&raquo;{}&raquo;][\/et_pb_heading][et_pb_text quote_border_color=&raquo;#2a9d8f&raquo; _builder_version=&raquo;4.27.4&#8243; _module_preset=&raquo;2c55a9c4-feed-423b-9edb-ae0b5b365cac&raquo; text_font=&raquo;Roboto|Roboto_weight|||||||&raquo; text_text_color=&raquo;#3c3a47&#8243; text_font_size=&raquo;16px&raquo; text_line_height=&raquo;1.75em&raquo; link_font=&raquo;|Roboto_weight|||||||&raquo; link_text_color=&raquo;#264653&#8243; quote_font=&raquo;Space Grotesk|Space Grotesk_weight|||||||&raquo; quote_text_color=&raquo;#0e0c19&#8243; header_font=&raquo;Space Grotesk|Space Grotesk_weight|||||||&raquo; header_text_color=&raquo;#0e0c19&#8243; header_font_size=&raquo;72px&raquo; header_line_height=&raquo;1.15em&raquo; header_2_font=&raquo;Space Grotesk|Space Grotesk_weight|||||||&raquo; header_2_text_color=&raquo;#0e0c19&#8243; header_2_font_size=&raquo;50px&raquo; header_2_line_height=&raquo;1.2em&raquo; header_3_font=&raquo;Space Grotesk|Space Grotesk_weight|||||||&raquo; header_3_text_color=&raquo;#0e0c19&#8243; header_3_font_size=&raquo;32px&raquo; header_3_line_height=&raquo;1.3em&raquo; header_4_font=&raquo;Space Grotesk|Space Grotesk_weight|||||||&raquo; header_4_text_color=&raquo;#0e0c19&#8243; header_4_font_size=&raquo;24px&raquo; header_4_line_height=&raquo;1.4em&raquo; header_5_font=&raquo;Space Grotesk|Space Grotesk_weight|||||||&raquo; header_5_text_color=&raquo;#0e0c19&#8243; header_5_font_size=&raquo;18px&raquo; header_5_line_height=&raquo;1.4em&raquo; header_6_font=&raquo;Space Grotesk|Space Grotesk_weight|||||||&raquo; header_6_text_color=&raquo;#0e0c19&#8243; header_6_line_height=&raquo;1.5em&raquo; text_orientation=&raquo;center&raquo; module_alignment=&raquo;center&raquo; custom_margin=&raquo;||||false|false&raquo; text_font_size_tablet=&raquo;15px&raquo; text_font_size_phone=&raquo;14px&raquo; text_font_size_last_edited=&raquo;on|phone&raquo; header_font_size_tablet=&raquo;40px&raquo; header_font_size_phone=&raquo;24px&raquo; header_font_size_last_edited=&raquo;on|desktop&raquo; header_2_font_size_tablet=&raquo;28px&raquo; header_2_font_size_phone=&raquo;20px&raquo; header_2_font_size_last_edited=&raquo;on|phone&raquo; header_3_font_size_tablet=&raquo;22px&raquo; header_3_font_size_phone=&raquo;17px&raquo; header_3_font_size_last_edited=&raquo;on|phone&raquo; header_4_font_size_tablet=&raquo;18px&raquo; header_4_font_size_phone=&raquo;15px&raquo; header_4_font_size_last_edited=&raquo;on|tablet&raquo; header_5_font_size_tablet=&raquo;15px&raquo; header_5_font_size_phone=&raquo;14px&raquo; header_5_font_size_last_edited=&raquo;on|desktop&raquo; header_6_font_size_tablet=&raquo;13px&raquo; header_6_font_size_phone=&raquo;13px&raquo; header_6_font_size_last_edited=&raquo;on|desktop&raquo; locked=&raquo;off&raquo; global_colors_info=&raquo;{}&raquo;]<\/p>\n<div class=\"ff-el-group ff-custom_html\" data-name=\"custom_html-9_1\" tabindex=\"-1\">\n<p style=\"text-align: left;\">Takket v\u00e6re din st\u00f8tte har vi med over 10 000 underskrifter vist at bransjen kraftig motsetter seg det urettferdige forbudet mot TPO i kosmetikk. N\u00e5 \u00f8nsker vi ogs\u00e5 \u00e5 vise hva dette forbudet koster oss \u00f8konomisk. <\/p>\n<p style=\"text-align: left;\">Med din hjelp samler vi inn de n\u00f8dvendige tallene for \u00e5 styrke v\u00e5r sak overfor myndighetene, EU-kommisjonen og Ombudsmannen.<\/p>\n<p style=\"text-align: left;\">Dine svar vil bli behandlet konfidensielt og brukes utelukkende i denne saken. Det tar bare 2 minutter \u00e5 fylle ut. <\/p>\n<p style=\"text-align: left;\">P\u00e5 forh\u00e5nd tusen takk for din st\u00f8tte!<\/p>\n<\/div>\n<p>[\/et_pb_text][et_pb_text admin_label=&raquo;contactformulier&raquo; _builder_version=&raquo;4.27.4&#8243; _module_preset=&raquo;default&raquo; text_font_size=&raquo;16px&raquo; text_line_height=&raquo;2em&raquo; global_colors_info=&raquo;{}&raquo;]<\/p>\n<div class='fluentform ff-default fluentform_wrapper_9 ffs_default_wrap'><form data-form_id=\"9\" id=\"fluentform_9\" class=\"frm-fluent-form fluent_form_9 ff-el-form-top ff_form_instance_9_1 ff-form-loading ffs_default\" data-form_instance=\"ff_form_instance_9_1\" method=\"POST\" ><fieldset  style=\"border: none!important;margin: 0!important;padding: 0!important;background-color: transparent!important;box-shadow: none!important;outline: none!important; min-inline-size: 100%;\">\n                    <legend class=\"ff_screen_reader_title\" style=\"display: block; margin: 0!important;padding: 0!important;height: 0!important;text-indent: -999999px;width: 0!important;overflow:hidden;\">Impact van het TPO-verbod \u2013 uw stem telt mee<\/legend><input type='hidden' name='__fluent_form_embded_post_id' value='3118' \/><input type=\"hidden\" id=\"_fluentform_9_fluentformnonce\" name=\"_fluentform_9_fluentformnonce\" value=\"7ccba53e0a\" \/><input type=\"hidden\" name=\"_wp_http_referer\" value=\"\/no\/wp-json\/wp\/v2\/pages\/3118\" \/><div class='ff-el-group'><div class=\"ff-el-input--label ff-el-is-required asterisk-right\"><label   aria-label=\"Har TPO-forbudet p\u00e5f\u00f8rt deg skade?\">Har TPO-forbudet p\u00e5f\u00f8rt deg skade?<\/label><\/div><div class='ff-el-input--content'><div class='ff-el-form-check ff-el-form-check-'><label class='ff-el-form-check-label' for='tpo_schade_2870995a4605f6c9c4b5641074c19eea'><input  type=\"radio\" name=\"tpo_schade\" data-name=\"tpo_schade\" class=\"ff-el-form-check-input ff-el-form-check-radio\" value=\"ja\"  id='tpo_schade_2870995a4605f6c9c4b5641074c19eea' aria-label='Ja' aria-invalid='false' aria-required=true> <span>Ja<\/span><\/label><\/div><div class='ff-el-form-check ff-el-form-check-'><label class='ff-el-form-check-label' for='tpo_schade_ae85a0cd75aca78abd56294bb3c5abad'><input  type=\"radio\" name=\"tpo_schade\" data-name=\"tpo_schade\" class=\"ff-el-form-check-input ff-el-form-check-radio\" value=\"nee\"  id='tpo_schade_ae85a0cd75aca78abd56294bb3c5abad' aria-label='Nei' aria-invalid='false' aria-required=true> <span>Nei<\/span><\/label><\/div><\/div><\/div><div class='ff-el-group'><div class=\"ff-el-input--label asterisk-right\"><label for='ff_9_geschatte_kost' id='label_ff_9_geschatte_kost' aria-label=\"Hvis ja: hva er den estimerte kostnaden for din bedrift\/salong?\">Hvis ja: hva er den estimerte kostnaden for din bedrift\/salong?<\/label><\/div><div class='ff-el-input--content'><select name=\"geschatte_kost\" id=\"ff_9_geschatte_kost\" class=\"ff-el-form-control\" data-name=\"geschatte_kost\" data-calc_value=\"0\"  aria-invalid=\"false\" aria-required=\"false\" aria-labelledby=\"label_ff_9_geschatte_kost\"><option value=\"\">- Velg -<\/option><option value=\"minder_dan_1000\"  >Mindre enn \u20ac1 000<\/option><option value=\"tussen_1000_5000\"  >Mellom \u20ac1 000 og \u20ac5 000<\/option><option value=\"tussen_5000_20000\"  >Mellom \u20ac5 000 og \u20ac20 000<\/option><option value=\"meer_dan_20000\"  >Mer enn \u20ac20 000<\/option><\/select><\/div><\/div><div class='ff-el-group'><div class=\"ff-el-input--label asterisk-right\"><label for='ff_9_toelichting' id='label_ff_9_toelichting' aria-label=\"Kan du gi en kort forklaring?\">Kan du gi en kort forklaring?<\/label><\/div><div class='ff-el-input--content'><textarea aria-required=\"false\" aria-labelledby=\"label_ff_9_toelichting\" name=\"toelichting\" id=\"ff_9_toelichting\" class=\"ff-el-form-control\" placeholder=\"f.eks. kastede produkter, nye etiketter, tap av kunder, ...\" rows=\"3\" cols=\"2\" data-name=\"toelichting\" ><\/textarea><\/div><\/div><div class='ff-el-group'><div class=\"ff-el-input--label asterisk-right\"><label   aria-label=\"\u00d8nsker du at din uttalelse (anonym eller med navn) skal brukes som et eksempel i v\u00e5r sak?\">\u00d8nsker du at din uttalelse (anonym eller med navn) skal brukes som et eksempel i v\u00e5r sak?<\/label><\/div><div class='ff-el-input--content'><div class='ff-el-form-check ff-el-form-check-'><label class='ff-el-form-check-label' for='getuigenis_gebruik_9567cf8ecfdfa990548340d8ae2d0a0f'><input  type=\"radio\" name=\"getuigenis_gebruik\" data-name=\"getuigenis_gebruik\" class=\"ff-el-form-check-input ff-el-form-check-radio\" value=\"ja_met_naam\"  id='getuigenis_gebruik_9567cf8ecfdfa990548340d8ae2d0a0f' aria-label='Ja, med mitt navn' aria-invalid='false' aria-required=false> <span>Ja, med mitt navn<\/span><\/label><\/div><div class='ff-el-form-check ff-el-form-check-'><label class='ff-el-form-check-label' for='getuigenis_gebruik_c1737985efa0bfeefa03033350df09d5'><input  type=\"radio\" name=\"getuigenis_gebruik\" data-name=\"getuigenis_gebruik\" class=\"ff-el-form-check-input ff-el-form-check-radio\" value=\"ja_anoniem\"  id='getuigenis_gebruik_c1737985efa0bfeefa03033350df09d5' aria-label='Ja, men anonymt' aria-invalid='false' aria-required=false> <span>Ja, men anonymt<\/span><\/label><\/div><div class='ff-el-form-check ff-el-form-check-'><label class='ff-el-form-check-label' for='getuigenis_gebruik_28d8d7623cd7cf7f44b402fa837458d5'><input  type=\"radio\" name=\"getuigenis_gebruik\" data-name=\"getuigenis_gebruik\" class=\"ff-el-form-check-input ff-el-form-check-radio\" value=\"nee\"  id='getuigenis_gebruik_28d8d7623cd7cf7f44b402fa837458d5' aria-label='Nei' aria-invalid='false' aria-required=false> <span>Nei<\/span><\/label><\/div><\/div><\/div><div class='ff-el-group'><div class=\"ff-el-input--label asterisk-right\"><label for='ff_9_naam_bedrijfsnaam' id='label_ff_9_naam_bedrijfsnaam' aria-label=\"Navn eller firmanavn (valgfritt)\">Navn eller firmanavn (valgfritt)<\/label><\/div><div class='ff-el-input--content'><input type=\"text\" name=\"naam_bedrijfsnaam\" class=\"ff-el-form-control\" data-name=\"naam_bedrijfsnaam\" id=\"ff_9_naam_bedrijfsnaam\"  aria-invalid=\"false\" aria-required=false><\/div><\/div><div class='ff-el-group'><div class=\"ff-el-input--label asterisk-right\"><label for='ff_9_emailadres' id='label_ff_9_emailadres' aria-label=\"E-postadresse (for oppdateringer om saken - aldri for kommersielle form\u00e5l)\">E-postadresse (for oppdateringer om saken - aldri for kommersielle form\u00e5l)<\/label><\/div><div class='ff-el-input--content'><input type=\"email\" name=\"emailadres\" id=\"ff_9_emailadres\" class=\"ff-el-form-control\" data-name=\"emailadres\"  aria-invalid=\"false\" aria-required=false><\/div><\/div><div class='ff-el-group  ff-custom_html' tabindex='-1' data-name=\"custom_html-9_1\" >Tusen takk for din deltakelse. Med ditt bidrag styrker vi v\u00e5r kamp for en rettferdig, proporsjonal og vitenskapelig basert regulering i kosmetikksektoren. <\/div><div class='ff-el-group ff-text-left ff_submit_btn_wrapper'><button type=\"submit\" class=\"ff-btn ff-btn-submit ff-btn-md ff_btn_style\"  aria-label=\"Verstuur formulier\">Verstuur formulier<\/button><\/div><\/fieldset><\/form><div id='fluentform_9_errors' class='ff-errors-in-stack ff_form_instance_9_1 ff-form-loading_errors ff_form_instance_9_1_errors'><\/div><\/div>            <script type=\"text\/javascript\">\n                window.fluent_form_ff_form_instance_9_1 = {\"id\":\"9\",\"ajaxUrl\":\"https:\\\/\\\/www.tpo-eu.com\\\/wp-admin\\\/admin-ajax.php\",\"settings\":{\"layout\":{\"labelPlacement\":\"top\",\"asteriskPlacement\":\"asterisk-right\",\"helpMessagePlacement\":\"with_label\",\"errorMessagePlacement\":\"inline\",\"cssClassName\":\"\"},\"restrictions\":{\"denyEmptySubmission\":{\"enabled\":false}}},\"form_instance\":\"ff_form_instance_9_1\",\"form_id_selector\":\"fluentform_9\",\"rules\":{\"tpo_schade\":{\"required\":{\"value\":true,\"message\":\"This field is required\",\"global_message\":\"This field is required\",\"global\":true}},\"geschatte_kost\":{\"required\":{\"value\":false,\"message\":\"This field is required\",\"global_message\":\"This field is required\",\"global\":true}},\"toelichting\":{\"required\":{\"value\":false,\"message\":\"This field is required\",\"global_message\":\"This field is required\",\"global\":true}},\"getuigenis_gebruik\":{\"required\":{\"value\":false,\"message\":\"This field is required\",\"global_message\":\"This field is required\",\"global\":true}},\"naam_bedrijfsnaam\":{\"required\":{\"value\":false,\"message\":\"This field is required\",\"global_message\":\"This field is required\",\"global\":true}},\"emailadres\":{\"required\":{\"value\":false,\"message\":\"This field is required\",\"global_message\":\"This field is required\",\"global\":true},\"email\":{\"value\":true,\"message\":\"This field must contain a valid email\",\"global_message\":\"This field must contain a valid email\",\"global\":true}}},\"debounce_time\":300};\n                            <\/script>\n            \n<p>[\/et_pb_text][\/et_pb_column][\/et_pb_row][\/et_pb_section]<\/p>\n","protected":false},"excerpt":{"rendered":"<p>Takket v\u00e6re din st\u00f8tte har vi med over 10 000 underskrifter vist at bransjen kraftig motsetter seg det urettferdige forbudet mot TPO i kosmetikk. N\u00e5 \u00f8nsker vi ogs\u00e5 \u00e5 vise hva dette forbudet koster oss \u00f8konomisk. Med din hjelp samler vi inn de n\u00f8dvendige tallene for \u00e5 styrke v\u00e5r sak overfor myndighetene, EU-kommisjonen og Ombudsmannen. [&hellip;]<\/p>\n","protected":false},"author":1,"featured_media":0,"parent":0,"menu_order":0,"comment_status":"closed","ping_status":"closed","template":"","meta":{"_et_pb_use_builder":"on","_et_pb_old_content":"","_et_gb_content_width":"","footnotes":""},"class_list":["post-3118","page","type-page","status-publish","hentry"],"_links":{"self":[{"href":"https:\/\/www.tpo-eu.com\/no\/wp-json\/wp\/v2\/pages\/3118","targetHints":{"allow":["GET"]}}],"collection":[{"href":"https:\/\/www.tpo-eu.com\/no\/wp-json\/wp\/v2\/pages"}],"about":[{"href":"https:\/\/www.tpo-eu.com\/no\/wp-json\/wp\/v2\/types\/page"}],"author":[{"embeddable":true,"href":"https:\/\/www.tpo-eu.com\/no\/wp-json\/wp\/v2\/users\/1"}],"replies":[{"embeddable":true,"href":"https:\/\/www.tpo-eu.com\/no\/wp-json\/wp\/v2\/comments?post=3118"}],"version-history":[{"count":9,"href":"https:\/\/www.tpo-eu.com\/no\/wp-json\/wp\/v2\/pages\/3118\/revisions"}],"predecessor-version":[{"id":3350,"href":"https:\/\/www.tpo-eu.com\/no\/wp-json\/wp\/v2\/pages\/3118\/revisions\/3350"}],"wp:attachment":[{"href":"https:\/\/www.tpo-eu.com\/no\/wp-json\/wp\/v2\/media?parent=3118"}],"curies":[{"name":"wp","href":"https:\/\/api.w.org\/{rel}","templated":true}]}}