{"id":1958,"date":"2025-07-30T17:16:59","date_gmt":"2025-07-30T15:16:59","guid":{"rendered":"https:\/\/www.tpo-eu.com\/twoje-produkty\/"},"modified":"2025-08-05T10:51:32","modified_gmt":"2025-08-05T08:51:32","slug":"twoje-produkty","status":"publish","type":"page","link":"https:\/\/www.tpo-eu.com\/pl\/twoje-produkty\/","title":{"rendered":"Twoje produkty"},"content":{"rendered":"<p>[et_pb_section fb_built=&#8221;1&#8243; next_background_color=&#8221;#ffffff&#8221; _builder_version=&#8221;4.27.4&#8243; background_color=&#8221;#000000&#8243; background_image=&#8221;https:\/\/www.tpo-eu.com\/wp-content\/uploads\/2025\/07\/background-chem.jpg&#8221; parallax=&#8221;on&#8221; custom_padding=&#8221;4vw||2vw||false|false&#8221; bottom_divider_style=&#8221;ramp2&#8243; bottom_divider_height=&#8221;10vw&#8221; bottom_divider_flip=&#8221;horizontal&#8221; locked=&#8221;off&#8221; global_colors_info=&#8221;{}&#8221;][et_pb_row _builder_version=&#8221;4.16&#8243; global_colors_info=&#8221;{}&#8221;][et_pb_column type=&#8221;4_4&#8243; _builder_version=&#8221;4.16&#8243; global_colors_info=&#8221;{}&#8221;][et_pb_heading title=&#8221;@ET-DC@eyJkeW5hbWljIjp0cnVlLCJjb250ZW50IjoicG9zdF90aXRsZSIsInNldHRpbmdzIjp7ImJlZm9yZSI6IiIsImFmdGVyIjoiIn19@&#8221; _builder_version=&#8221;4.27.4&#8243; _dynamic_attributes=&#8221;title&#8221; _module_preset=&#8221;ddeb8c09-9078-4424-bc15-2efb6572e28e&#8221; title_font=&#8221;Space Grotesk|700|||||||&#8221; title_font_size=&#8221;70px&#8221; locked=&#8221;off&#8221; global_colors_info=&#8221;{}&#8221;][\/et_pb_heading][\/et_pb_column][\/et_pb_row][\/et_pb_section][et_pb_section fb_built=&#8221;1&#8243; _builder_version=&#8221;4.27.4&#8243; _module_preset=&#8221;default&#8221; global_colors_info=&#8221;{}&#8221;][et_pb_row _builder_version=&#8221;4.27.4&#8243; _module_preset=&#8221;default&#8221; global_colors_info=&#8221;{}&#8221;][et_pb_column type=&#8221;4_4&#8243; _builder_version=&#8221;4.27.4&#8243; _module_preset=&#8221;default&#8221; global_colors_info=&#8221;{}&#8221;][et_pb_text _builder_version=&#8221;4.27.4&#8243; _module_preset=&#8221;default&#8221; hover_enabled=&#8221;0&#8243; global_colors_info=&#8221;{}&#8221; sticky_enabled=&#8221;0&#8243;]<\/p>\n<h1><strong>Jak sprawdzi\u0107, czy Twoje produkty zawieraj\u0105 TPO?<\/strong><\/h1>\n<p>Przede wszystkim wa\u017cne jest, aby wiedzie\u0107, \u017ce musisz sprawdza\u0107 tylko produkty, kt\u00f3re utwardzaj\u0105 si\u0119 pod lamp\u0105 &#8211; takie jak \u017cele, BIAB, top coaty i lakiery hybrydowe. Produkty, kt\u00f3re nie utwardzaj\u0105 si\u0119, jak zwyk\u0142e lakiery do paznokci, produkty piel\u0119gnacyjne czy p\u0142yny, zazwyczaj nie zawieraj\u0105 TPO. <\/p>\n<p>To, czy produkt zawiera TPO, zale\u017cy od r\u00f3\u017cnych czynnik\u00f3w, takich jak data zakupu, numer partii i konkretna seria.<br \/>Nie mo\u017cna wi\u0119c tego sprawdzi\u0107 za pomoc\u0105 og\u00f3lnej listy &#8211; musisz sprawdzi\u0107 ka\u017cdy produkt indywidualnie.<\/p>\n<p><b>Jak to zrobi\u0107?<\/b><br \/>We\u017a buteleczk\u0119 lub s\u0142oiczek i sprawd\u017a list\u0119 sk\u0142adnik\u00f3w (INCI) na etykiecie.<br \/>Sprawd\u017a, czy wyst\u0119puje jeden z poni\u017cszych sk\u0142adnik\u00f3w:<\/p>\n<ul>\n<li aria-level=\"1\">Trimethylbenzoyl Diphenylphosphine Oxide<\/li>\n<li aria-level=\"1\">Diphenyl(2,4,6-trimethylbenzoyl) phosphine Oxide<\/li>\n<li aria-level=\"1\">(2,4,6-trimethylbenzoyl) diphenylphosphine Oxide<\/li>\n<\/ul>\n<p>Czy ten sk\u0142adnik znajduje si\u0119 na etykiecie? Je\u015bli tak, produkt zawiera TPO i <b>od 1 wrze\u015bnia 2025 roku nie mo\u017ce by\u0107 ju\u017c u\u017cywany ani sprzedawany<\/b> w Unii Europejskiej. <\/p>\n<p><b>Uwaga:<\/b> Czasami sk\u0142adniki s\u0105 wymieniane pod odmiennymi lub handlowymi nazwami, kt\u00f3rych nie mo\u017cna znale\u017a\u0107 na oficjalnych listach.<br \/>Je\u015bli taka nazwa nie ma uznanego numeru CAS, sk\u0142adnik nie podlega oficjalnie przepisom.<br \/>Bez prawid\u0142owego numeru CAS nie mo\u017cna z pewno\u015bci\u0105 stwierdzi\u0107, czy produkt jest prawnie dozwolony, czy nie.<br \/>W takim przypadku zaleca si\u0119 zachowanie szczeg\u00f3lnej ostro\u017cno\u015bci i uzyskanie dodatkowych informacji od dostawcy.<\/p>\n<p>[\/et_pb_text][et_pb_image src=&#8221;https:\/\/www.tpo-eu.com\/wp-content\/uploads\/2025\/07\/tpo-table.png&#8221; _builder_version=&#8221;4.27.4&#8243; _module_preset=&#8221;default&#8221; global_colors_info=&#8221;{}&#8221;][\/et_pb_image][et_pb_image _builder_version=&#8221;4.27.4&#8243; _module_preset=&#8221;default&#8221; global_colors_info=&#8221;{}&#8221;][\/et_pb_image][\/et_pb_column][\/et_pb_row][\/et_pb_section]<\/p>\n","protected":false},"excerpt":{"rendered":"<p>Jak sprawdzi\u0107, czy Twoje produkty zawieraj\u0105 TPO? Przede wszystkim wa\u017cne jest, aby wiedzie\u0107, \u017ce musisz sprawdza\u0107 tylko produkty, kt\u00f3re utwardzaj\u0105 si\u0119 pod lamp\u0105 &#8211; takie jak \u017cele, BIAB, top coaty i lakiery hybrydowe. Produkty, kt\u00f3re nie utwardzaj\u0105 si\u0119, jak zwyk\u0142e lakiery do paznokci, produkty piel\u0119gnacyjne czy p\u0142yny, zazwyczaj nie zawieraj\u0105 TPO. To, czy produkt zawiera [&hellip;]<\/p>\n","protected":false},"author":1,"featured_media":0,"parent":0,"menu_order":0,"comment_status":"closed","ping_status":"closed","template":"","meta":{"_et_pb_use_builder":"on","_et_pb_old_content":"","_et_gb_content_width":"","footnotes":""},"class_list":["post-1958","page","type-page","status-publish","hentry"],"_links":{"self":[{"href":"https:\/\/www.tpo-eu.com\/pl\/wp-json\/wp\/v2\/pages\/1958","targetHints":{"allow":["GET"]}}],"collection":[{"href":"https:\/\/www.tpo-eu.com\/pl\/wp-json\/wp\/v2\/pages"}],"about":[{"href":"https:\/\/www.tpo-eu.com\/pl\/wp-json\/wp\/v2\/types\/page"}],"author":[{"embeddable":true,"href":"https:\/\/www.tpo-eu.com\/pl\/wp-json\/wp\/v2\/users\/1"}],"replies":[{"embeddable":true,"href":"https:\/\/www.tpo-eu.com\/pl\/wp-json\/wp\/v2\/comments?post=1958"}],"version-history":[{"count":1,"href":"https:\/\/www.tpo-eu.com\/pl\/wp-json\/wp\/v2\/pages\/1958\/revisions"}],"predecessor-version":[{"id":1960,"href":"https:\/\/www.tpo-eu.com\/pl\/wp-json\/wp\/v2\/pages\/1958\/revisions\/1960"}],"wp:attachment":[{"href":"https:\/\/www.tpo-eu.com\/pl\/wp-json\/wp\/v2\/media?parent=1958"}],"curies":[{"name":"wp","href":"https:\/\/api.w.org\/{rel}","templated":true}]}}