{"id":1483,"date":"2025-07-30T17:16:59","date_gmt":"2025-07-30T15:16:59","guid":{"rendered":"https:\/\/www.tpo-eu.com\/os-seus-produtos\/"},"modified":"2025-08-04T17:15:01","modified_gmt":"2025-08-04T15:15:01","slug":"os-seus-produtos","status":"publish","type":"page","link":"https:\/\/www.tpo-eu.com\/pt-pt\/os-seus-produtos\/","title":{"rendered":"Os seus produtos"},"content":{"rendered":"<p>[et_pb_section fb_built=&#8221;1&#8243; next_background_color=&#8221;#ffffff&#8221; _builder_version=&#8221;4.27.4&#8243; background_color=&#8221;#000000&#8243; background_image=&#8221;https:\/\/www.tpo-eu.com\/wp-content\/uploads\/2025\/07\/background-chem.jpg&#8221; parallax=&#8221;on&#8221; custom_padding=&#8221;4vw||2vw||false|false&#8221; bottom_divider_style=&#8221;ramp2&#8243; bottom_divider_height=&#8221;10vw&#8221; bottom_divider_flip=&#8221;horizontal&#8221; locked=&#8221;off&#8221; global_colors_info=&#8221;{}&#8221;][et_pb_row _builder_version=&#8221;4.16&#8243; global_colors_info=&#8221;{}&#8221;][et_pb_column type=&#8221;4_4&#8243; _builder_version=&#8221;4.16&#8243; global_colors_info=&#8221;{}&#8221;][et_pb_heading title=&#8221;@ET-DC@eyJkeW5hbWljIjp0cnVlLCJjb250ZW50IjoicG9zdF90aXRsZSIsInNldHRpbmdzIjp7ImJlZm9yZSI6IiIsImFmdGVyIjoiIn19@&#8221; _builder_version=&#8221;4.27.4&#8243; _dynamic_attributes=&#8221;title&#8221; _module_preset=&#8221;ddeb8c09-9078-4424-bc15-2efb6572e28e&#8221; title_font=&#8221;Space Grotesk|700|||||||&#8221; title_font_size=&#8221;70px&#8221; locked=&#8221;off&#8221; global_colors_info=&#8221;{}&#8221;][\/et_pb_heading][\/et_pb_column][\/et_pb_row][\/et_pb_section][et_pb_section fb_built=&#8221;1&#8243; _builder_version=&#8221;4.27.4&#8243; _module_preset=&#8221;default&#8221; global_colors_info=&#8221;{}&#8221;][et_pb_row _builder_version=&#8221;4.27.4&#8243; _module_preset=&#8221;default&#8221; global_colors_info=&#8221;{}&#8221;][et_pb_column type=&#8221;4_4&#8243; _builder_version=&#8221;4.27.4&#8243; _module_preset=&#8221;default&#8221; global_colors_info=&#8221;{}&#8221;][et_pb_text _builder_version=&#8221;4.27.4&#8243; _module_preset=&#8221;default&#8221; hover_enabled=&#8221;0&#8243; global_colors_info=&#8221;{}&#8221; sticky_enabled=&#8221;0&#8243;]<\/p>\n<h1><strong>Como saber se os seus produtos cont\u00eam TPO?<\/strong><\/h1>\n<p>Em primeiro lugar, \u00e9 importante saber que s\u00f3 precisa de verificar os produtos que endurecem sob uma l\u00e2mpada &#8211; como g\u00e9is, BIAB, top coats e verniz de gel. Os produtos que n\u00e3o endurecem, como verniz de unhas, produtos de cuidado ou l\u00edquidos, geralmente n\u00e3o cont\u00eam TPO. <\/p>\n<p>Se um produto cont\u00e9m TPO depende de v\u00e1rios fatores, como a data de compra, o n\u00famero de lote e o lote espec\u00edfico.<br \/>Portanto, n\u00e3o \u00e9 poss\u00edvel verificar isto atrav\u00e9s de uma lista geral &#8211; \u00e9 necess\u00e1rio verificar cada produto individualmente.<\/p>\n<p><b>Como fazer isso?<\/b><br \/>Pegue no frasco ou no recipiente e verifique a lista de ingredientes (INCI) no r\u00f3tulo.<br \/>Verifique se alguma das seguintes men\u00e7\u00f5es est\u00e1 presente:<\/p>\n<ul>\n<li aria-level=\"1\">Trimethylbenzoyl Diphenylphosphine Oxide<\/li>\n<li aria-level=\"1\">Diphenyl(2,4,6-trimethylbenzoyl) phosphine Oxide<\/li>\n<li aria-level=\"1\">(2,4,6-trimethylbenzoyl) diphenylphosphine Oxide<\/li>\n<\/ul>\n<p>Este ingrediente aparece no r\u00f3tulo? Ent\u00e3o o produto cont\u00e9m TPO e <b>n\u00e3o pode ser utilizado ou vendido a partir de 1 de setembro de 2025<\/b> na Uni\u00e3o Europeia. <\/p>\n<p><b>Aten\u00e7\u00e3o:<\/b> Por vezes, os ingredientes s\u00e3o listados sob nomes diferentes ou comerciais que n\u00e3o se encontram nas listas oficiais.<br \/>Se esse nome n\u00e3o tiver um n\u00famero CAS reconhecido, o ingrediente n\u00e3o est\u00e1 oficialmente abrangido pela regulamenta\u00e7\u00e3o.<br \/>Sem o n\u00famero CAS correto, n\u00e3o \u00e9 poss\u00edvel determinar com certeza se o produto \u00e9 legalmente permitido ou n\u00e3o.<br \/>Nesse caso, \u00e9 aconselh\u00e1vel ser extra cauteloso e solicitar mais informa\u00e7\u00f5es ao fornecedor.<\/p>\n<p>[\/et_pb_text][et_pb_image src=&#8221;https:\/\/www.tpo-eu.com\/wp-content\/uploads\/2025\/07\/tpo-table.png&#8221; _builder_version=&#8221;4.27.4&#8243; _module_preset=&#8221;default&#8221; global_colors_info=&#8221;{}&#8221;][\/et_pb_image][et_pb_image _builder_version=&#8221;4.27.4&#8243; _module_preset=&#8221;default&#8221; global_colors_info=&#8221;{}&#8221;][\/et_pb_image][\/et_pb_column][\/et_pb_row][\/et_pb_section]<\/p>\n","protected":false},"excerpt":{"rendered":"<p>Como saber se os seus produtos cont\u00eam TPO? Em primeiro lugar, \u00e9 importante saber que s\u00f3 precisa de verificar os produtos que endurecem sob uma l\u00e2mpada &#8211; como g\u00e9is, BIAB, top coats e verniz de gel. Os produtos que n\u00e3o endurecem, como verniz de unhas, produtos de cuidado ou l\u00edquidos, geralmente n\u00e3o cont\u00eam TPO. Se [&hellip;]<\/p>\n","protected":false},"author":1,"featured_media":0,"parent":0,"menu_order":0,"comment_status":"closed","ping_status":"closed","template":"","meta":{"_et_pb_use_builder":"on","_et_pb_old_content":"","_et_gb_content_width":"","footnotes":""},"class_list":["post-1483","page","type-page","status-publish","hentry"],"_links":{"self":[{"href":"https:\/\/www.tpo-eu.com\/pt-pt\/wp-json\/wp\/v2\/pages\/1483","targetHints":{"allow":["GET"]}}],"collection":[{"href":"https:\/\/www.tpo-eu.com\/pt-pt\/wp-json\/wp\/v2\/pages"}],"about":[{"href":"https:\/\/www.tpo-eu.com\/pt-pt\/wp-json\/wp\/v2\/types\/page"}],"author":[{"embeddable":true,"href":"https:\/\/www.tpo-eu.com\/pt-pt\/wp-json\/wp\/v2\/users\/1"}],"replies":[{"embeddable":true,"href":"https:\/\/www.tpo-eu.com\/pt-pt\/wp-json\/wp\/v2\/comments?post=1483"}],"version-history":[{"count":1,"href":"https:\/\/www.tpo-eu.com\/pt-pt\/wp-json\/wp\/v2\/pages\/1483\/revisions"}],"predecessor-version":[{"id":1485,"href":"https:\/\/www.tpo-eu.com\/pt-pt\/wp-json\/wp\/v2\/pages\/1483\/revisions\/1485"}],"wp:attachment":[{"href":"https:\/\/www.tpo-eu.com\/pt-pt\/wp-json\/wp\/v2\/media?parent=1483"}],"curies":[{"name":"wp","href":"https:\/\/api.w.org\/{rel}","templated":true}]}}