{"id":1676,"date":"2025-07-30T17:16:59","date_gmt":"2025-07-30T15:16:59","guid":{"rendered":"https:\/\/www.tpo-eu.com\/dina-produkter\/"},"modified":"2025-08-04T22:11:37","modified_gmt":"2025-08-04T20:11:37","slug":"dina-produkter","status":"publish","type":"page","link":"https:\/\/www.tpo-eu.com\/sv\/dina-produkter\/","title":{"rendered":"Dina produkter"},"content":{"rendered":"<p>[et_pb_section fb_built=&#8221;1&#8243; next_background_color=&#8221;#ffffff&#8221; _builder_version=&#8221;4.27.4&#8243; background_color=&#8221;#000000&#8243; background_image=&#8221;https:\/\/www.tpo-eu.com\/wp-content\/uploads\/2025\/07\/background-chem.jpg&#8221; parallax=&#8221;on&#8221; custom_padding=&#8221;4vw||2vw||false|false&#8221; bottom_divider_style=&#8221;ramp2&#8243; bottom_divider_height=&#8221;10vw&#8221; bottom_divider_flip=&#8221;horizontal&#8221; locked=&#8221;off&#8221; global_colors_info=&#8221;{}&#8221;][et_pb_row _builder_version=&#8221;4.16&#8243; global_colors_info=&#8221;{}&#8221;][et_pb_column type=&#8221;4_4&#8243; _builder_version=&#8221;4.16&#8243; global_colors_info=&#8221;{}&#8221;][et_pb_heading title=&#8221;@ET-DC@eyJkeW5hbWljIjp0cnVlLCJjb250ZW50IjoicG9zdF90aXRsZSIsInNldHRpbmdzIjp7ImJlZm9yZSI6IiIsImFmdGVyIjoiIn19@&#8221; _builder_version=&#8221;4.27.4&#8243; _dynamic_attributes=&#8221;title&#8221; _module_preset=&#8221;ddeb8c09-9078-4424-bc15-2efb6572e28e&#8221; title_font=&#8221;Space Grotesk|700|||||||&#8221; title_font_size=&#8221;70px&#8221; locked=&#8221;off&#8221; global_colors_info=&#8221;{}&#8221;][\/et_pb_heading][\/et_pb_column][\/et_pb_row][\/et_pb_section][et_pb_section fb_built=&#8221;1&#8243; _builder_version=&#8221;4.27.4&#8243; _module_preset=&#8221;default&#8221; global_colors_info=&#8221;{}&#8221;][et_pb_row _builder_version=&#8221;4.27.4&#8243; _module_preset=&#8221;default&#8221; global_colors_info=&#8221;{}&#8221;][et_pb_column type=&#8221;4_4&#8243; _builder_version=&#8221;4.27.4&#8243; _module_preset=&#8221;default&#8221; global_colors_info=&#8221;{}&#8221;][et_pb_text _builder_version=&#8221;4.27.4&#8243; _module_preset=&#8221;default&#8221; hover_enabled=&#8221;0&#8243; global_colors_info=&#8221;{}&#8221; sticky_enabled=&#8221;0&#8243;]<\/p>\n<h1><strong>Hur vet du om dina produkter inneh\u00e5ller TPO?<\/strong><\/h1>\n<p>F\u00f6rst och fr\u00e4mst \u00e4r det viktigt att veta att du bara beh\u00f6ver kontrollera produkter som h\u00e4rdar under en lampa \u2013 som geler, BIAB, topplack och gellack. Produkter som inte h\u00e4rdar, som nagellack, v\u00e5rdprodukter eller v\u00e4tskor, inneh\u00e5ller vanligtvis inte TPO. <\/p>\n<p>Om en produkt inneh\u00e5ller TPO beror p\u00e5 olika faktorer som ink\u00f6psdatum, batchnummer och specifik tillverkningssats.<br \/>Du kan d\u00e4rf\u00f6r inte kontrollera detta via en allm\u00e4n lista \u2013 du m\u00e5ste kontrollera varje produkt individuellt.<\/p>\n<p><b>Hur g\u00f6r du det?<\/b><br \/>Ta fram flaskan eller burken och titta p\u00e5 inneh\u00e5llsf\u00f6rteckningen (INCI) p\u00e5 etiketten.<br \/>Kontrollera om n\u00e5gon av f\u00f6ljande beteckningar finns:<\/p>\n<ul>\n<li aria-level=\"1\">Trimethylbenzoyl Diphenylphosphine Oxide<\/li>\n<li aria-level=\"1\">Diphenyl(2,4,6-trimethylbenzoyl) phosphine Oxide<\/li>\n<li aria-level=\"1\">(2,4,6-trimethylbenzoyl) diphenylphosphine Oxide<\/li>\n<\/ul>\n<p>F\u00f6rekommer denna ingrediens p\u00e5 etiketten? D\u00e5 inneh\u00e5ller produkten TPO och f\u00e5r fr\u00e5n och med <b>1 september 2025 inte l\u00e4ngre anv\u00e4ndas eller s\u00e4ljas<\/b> inom Europeiska unionen. <\/p>\n<p><b>Observera:<\/b> Ibland anges ingredienser under avvikande eller kommersiella namn som inte finns i de officiella listorna.<br \/>Om ett s\u00e5dant namn saknar ett erk\u00e4nt CAS-nummer omfattas ingrediensen inte officiellt av regelverket.<br \/>Utan korrekt CAS-nummer kan du inte med s\u00e4kerhet fastst\u00e4lla om produkten \u00e4r lagligt till\u00e5ten eller inte.<br \/>I s\u00e5dana fall \u00e4r det l\u00e4mpligt att vara extra f\u00f6rsiktig och beg\u00e4ra ytterligare information fr\u00e5n leverant\u00f6ren.<\/p>\n<p>[\/et_pb_text][et_pb_image src=&#8221;https:\/\/www.tpo-eu.com\/wp-content\/uploads\/2025\/07\/tpo-table.png&#8221; _builder_version=&#8221;4.27.4&#8243; _module_preset=&#8221;default&#8221; global_colors_info=&#8221;{}&#8221;][\/et_pb_image][et_pb_image _builder_version=&#8221;4.27.4&#8243; _module_preset=&#8221;default&#8221; global_colors_info=&#8221;{}&#8221;][\/et_pb_image][\/et_pb_column][\/et_pb_row][\/et_pb_section]<\/p>\n","protected":false},"excerpt":{"rendered":"<p>Hur vet du om dina produkter inneh\u00e5ller TPO? F\u00f6rst och fr\u00e4mst \u00e4r det viktigt att veta att du bara beh\u00f6ver kontrollera produkter som h\u00e4rdar under en lampa \u2013 som geler, BIAB, topplack och gellack. Produkter som inte h\u00e4rdar, som nagellack, v\u00e5rdprodukter eller v\u00e4tskor, inneh\u00e5ller vanligtvis inte TPO. Om en produkt inneh\u00e5ller TPO beror p\u00e5 olika [&hellip;]<\/p>\n","protected":false},"author":1,"featured_media":0,"parent":0,"menu_order":0,"comment_status":"closed","ping_status":"closed","template":"","meta":{"_et_pb_use_builder":"on","_et_pb_old_content":"","_et_gb_content_width":"","footnotes":""},"class_list":["post-1676","page","type-page","status-publish","hentry"],"_links":{"self":[{"href":"https:\/\/www.tpo-eu.com\/sv\/wp-json\/wp\/v2\/pages\/1676","targetHints":{"allow":["GET"]}}],"collection":[{"href":"https:\/\/www.tpo-eu.com\/sv\/wp-json\/wp\/v2\/pages"}],"about":[{"href":"https:\/\/www.tpo-eu.com\/sv\/wp-json\/wp\/v2\/types\/page"}],"author":[{"embeddable":true,"href":"https:\/\/www.tpo-eu.com\/sv\/wp-json\/wp\/v2\/users\/1"}],"replies":[{"embeddable":true,"href":"https:\/\/www.tpo-eu.com\/sv\/wp-json\/wp\/v2\/comments?post=1676"}],"version-history":[{"count":1,"href":"https:\/\/www.tpo-eu.com\/sv\/wp-json\/wp\/v2\/pages\/1676\/revisions"}],"predecessor-version":[{"id":1678,"href":"https:\/\/www.tpo-eu.com\/sv\/wp-json\/wp\/v2\/pages\/1676\/revisions\/1678"}],"wp:attachment":[{"href":"https:\/\/www.tpo-eu.com\/sv\/wp-json\/wp\/v2\/media?parent=1676"}],"curies":[{"name":"wp","href":"https:\/\/api.w.org\/{rel}","templated":true}]}}