{"id":3115,"date":"2025-08-19T15:00:23","date_gmt":"2025-08-19T13:00:23","guid":{"rendered":"https:\/\/www.tpo-eu.com\/effekten-av-tpo-forbudet-din-rost-raknas\/"},"modified":"2025-08-20T16:45:51","modified_gmt":"2025-08-20T14:45:51","slug":"effekten-av-tpo-forbudet-din-rost-raknas","status":"publish","type":"page","link":"https:\/\/www.tpo-eu.com\/sv\/effekten-av-tpo-forbudet-din-rost-raknas\/","title":{"rendered":"Enk\u00e4t"},"content":{"rendered":"<p>[et_pb_section fb_built=&#8221;1&#8243; next_background_color=&#8221;#dbe0dd&#8221; _builder_version=&#8221;4.27.4&#8243; background_color=&#8221;#000000&#8243; background_image=&#8221;https:\/\/www.tpo-eu.com\/wp-content\/uploads\/2025\/07\/background-chem.jpg&#8221; parallax=&#8221;on&#8221; custom_padding=&#8221;4vw||2vw||false|false&#8221; bottom_divider_style=&#8221;ramp2&#8243; bottom_divider_height=&#8221;10vw&#8221; bottom_divider_flip=&#8221;horizontal&#8221; locked=&#8221;off&#8221; global_colors_info=&#8221;{}&#8221;][et_pb_row _builder_version=&#8221;4.16&#8243; global_colors_info=&#8221;{}&#8221;][et_pb_column type=&#8221;4_4&#8243; _builder_version=&#8221;4.16&#8243; global_colors_info=&#8221;{}&#8221;][et_pb_heading title=&#8221;Effekten av TPO-f\u00f6rbudet &#8211; Din r\u00f6st r\u00e4knas!&#8221; _builder_version=&#8221;4.27.4&#8243; _module_preset=&#8221;ddeb8c09-9078-4424-bc15-2efb6572e28e&#8221; title_font=&#8221;Space Grotesk|700|||||||&#8221; title_font_size=&#8221;70px&#8221; hover_enabled=&#8221;0&#8243; locked=&#8221;off&#8221; global_colors_info=&#8221;{}&#8221; sticky_enabled=&#8221;0&#8243;][\/et_pb_heading][\/et_pb_column][\/et_pb_row][\/et_pb_section][et_pb_section fb_built=&#8221;1&#8243; admin_label=&#8221;Lead Generation&#8221; _builder_version=&#8221;4.27.4&#8243; _module_preset=&#8221;default&#8221; background_color=&#8221;#dbe0dd&#8221; custom_padding=&#8221;45px|||||&#8221; locked=&#8221;off&#8221; collapsed=&#8221;off&#8221; global_colors_info=&#8221;{%22#264653%22:%91%22background_color%22%93}&#8221;][et_pb_row custom_padding_last_edited=&#8221;on|desktop&#8221; _builder_version=&#8221;4.24.3&#8243; _module_preset=&#8221;c9cfaba2-2263-4f35-8227-8d16ca8bd1cc&#8221; background_color=&#8221;#FFFFFF&#8221; custom_padding=&#8221;60px|60px|60px|60px|true|true&#8221; custom_padding_tablet=&#8221;30px|30px|30px|30px|true|true&#8221; custom_padding_phone=&#8221;20px|20px|20px|20px|true|true&#8221; border_radii=&#8221;on|6px|6px|6px|6px&#8221; border_radii_tablet=&#8221;on|30px|30px|30px|30px&#8221; border_radii_phone=&#8221;on|20px|20px|20px|20px&#8221; border_radii_last_edited=&#8221;off|desktop&#8221; box_shadow_style=&#8221;preset3&#8243; box_shadow_vertical=&#8221;24px&#8221; box_shadow_blur=&#8221;72px&#8221; box_shadow_spread=&#8221;-12px&#8221; box_shadow_color=&#8221;rgba(0,0,0,0.12)&#8221; global_colors_info=&#8221;{}&#8221;][et_pb_column type=&#8221;4_4&#8243; _builder_version=&#8221;4.16&#8243; _module_preset=&#8221;73121f80-a3ef-4484-8763-c3f18e3c56d2&#8243; global_colors_info=&#8221;{}&#8221;][et_pb_heading _builder_version=&#8221;4.24.3&#8243; _module_preset=&#8221;c33f07d9-41e0-421a-8799-5799df695cce&#8221; title_level=&#8221;h2&#8243; title_font=&#8221;Space Grotesk|Space Grotesk_weight|||||||&#8221; title_text_align=&#8221;center&#8221; title_text_color=&#8221;#0e0c19&#8243; title_font_size=&#8221;50px&#8221; title_line_height=&#8221;1.2em&#8221; custom_margin=&#8221;||10px||false|false&#8221; title_font_size_tablet=&#8221;28px&#8221; title_font_size_phone=&#8221;20px&#8221; locked=&#8221;off&#8221; global_colors_info=&#8221;{}&#8221;][\/et_pb_heading][et_pb_text quote_border_color=&#8221;#2a9d8f&#8221; _builder_version=&#8221;4.27.4&#8243; _module_preset=&#8221;2c55a9c4-feed-423b-9edb-ae0b5b365cac&#8221; text_font=&#8221;Roboto|Roboto_weight|||||||&#8221; text_text_color=&#8221;#3c3a47&#8243; text_font_size=&#8221;16px&#8221; text_line_height=&#8221;1.75em&#8221; link_font=&#8221;|Roboto_weight|||||||&#8221; link_text_color=&#8221;#264653&#8243; quote_font=&#8221;Space Grotesk|Space Grotesk_weight|||||||&#8221; quote_text_color=&#8221;#0e0c19&#8243; header_font=&#8221;Space Grotesk|Space Grotesk_weight|||||||&#8221; header_text_color=&#8221;#0e0c19&#8243; header_font_size=&#8221;72px&#8221; header_line_height=&#8221;1.15em&#8221; header_2_font=&#8221;Space Grotesk|Space Grotesk_weight|||||||&#8221; header_2_text_color=&#8221;#0e0c19&#8243; header_2_font_size=&#8221;50px&#8221; header_2_line_height=&#8221;1.2em&#8221; header_3_font=&#8221;Space Grotesk|Space Grotesk_weight|||||||&#8221; header_3_text_color=&#8221;#0e0c19&#8243; header_3_font_size=&#8221;32px&#8221; header_3_line_height=&#8221;1.3em&#8221; header_4_font=&#8221;Space Grotesk|Space Grotesk_weight|||||||&#8221; header_4_text_color=&#8221;#0e0c19&#8243; header_4_font_size=&#8221;24px&#8221; header_4_line_height=&#8221;1.4em&#8221; header_5_font=&#8221;Space Grotesk|Space Grotesk_weight|||||||&#8221; header_5_text_color=&#8221;#0e0c19&#8243; header_5_font_size=&#8221;18px&#8221; header_5_line_height=&#8221;1.4em&#8221; header_6_font=&#8221;Space Grotesk|Space Grotesk_weight|||||||&#8221; header_6_text_color=&#8221;#0e0c19&#8243; header_6_line_height=&#8221;1.5em&#8221; text_orientation=&#8221;center&#8221; module_alignment=&#8221;center&#8221; custom_margin=&#8221;||||false|false&#8221; text_font_size_tablet=&#8221;15px&#8221; text_font_size_phone=&#8221;14px&#8221; text_font_size_last_edited=&#8221;on|phone&#8221; header_font_size_tablet=&#8221;40px&#8221; header_font_size_phone=&#8221;24px&#8221; header_font_size_last_edited=&#8221;on|desktop&#8221; header_2_font_size_tablet=&#8221;28px&#8221; header_2_font_size_phone=&#8221;20px&#8221; header_2_font_size_last_edited=&#8221;on|phone&#8221; header_3_font_size_tablet=&#8221;22px&#8221; header_3_font_size_phone=&#8221;17px&#8221; header_3_font_size_last_edited=&#8221;on|phone&#8221; header_4_font_size_tablet=&#8221;18px&#8221; header_4_font_size_phone=&#8221;15px&#8221; header_4_font_size_last_edited=&#8221;on|tablet&#8221; header_5_font_size_tablet=&#8221;15px&#8221; header_5_font_size_phone=&#8221;14px&#8221; header_5_font_size_last_edited=&#8221;on|desktop&#8221; header_6_font_size_tablet=&#8221;13px&#8221; header_6_font_size_phone=&#8221;13px&#8221; header_6_font_size_last_edited=&#8221;on|desktop&#8221; locked=&#8221;off&#8221; global_colors_info=&#8221;{}&#8221;]<\/p>\n<div class=\"ff-el-group ff-custom_html\" data-name=\"custom_html-9_1\" tabindex=\"-1\">\n<p style=\"text-align: left;\">Tack vare ditt st\u00f6d har vi med \u00f6ver 10 000 underskrifter visat att branschen kraftfullt mots\u00e4tter sig det or\u00e4ttvisa f\u00f6rbudet mot TPO i kosmetika. Nu vill vi ocks\u00e5 visa de ekonomiska konsekvenserna av detta f\u00f6rbud. <\/p>\n<p style=\"text-align: left;\">Med din hj\u00e4lp samlar vi in n\u00f6dv\u00e4ndiga siffror f\u00f6r att st\u00e4rka v\u00e5rt \u00e4rende hos myndigheterna, Europeiska kommissionen och Ombudsmannen.<\/p>\n<p style=\"text-align: left;\">Dina svar behandlas konfidentiellt och anv\u00e4nds endast i detta \u00e4rende. Det tar bara 2 minuter att fylla i. <\/p>\n<p style=\"text-align: left;\">Tack p\u00e5 f\u00f6rhand f\u00f6r ditt st\u00f6d!<\/p>\n<\/div>\n<p>[\/et_pb_text][et_pb_text admin_label=&#8221;contactformulier&#8221; _builder_version=&#8221;4.27.4&#8243; _module_preset=&#8221;default&#8221; text_font_size=&#8221;16px&#8221; text_line_height=&#8221;2em&#8221; global_colors_info=&#8221;{}&#8221;]<\/p>\n<div class='fluentform ff-default fluentform_wrapper_9 ffs_default_wrap'><form data-form_id=\"9\" id=\"fluentform_9\" class=\"frm-fluent-form fluent_form_9 ff-el-form-top ff_form_instance_9_1 ff-form-loading ffs_default\" data-form_instance=\"ff_form_instance_9_1\" method=\"POST\" ><fieldset  style=\"border: none!important;margin: 0!important;padding: 0!important;background-color: transparent!important;box-shadow: none!important;outline: none!important; min-inline-size: 100%;\">\n                    <legend class=\"ff_screen_reader_title\" style=\"display: block; margin: 0!important;padding: 0!important;height: 0!important;text-indent: -999999px;width: 0!important;overflow:hidden;\">Impact van het TPO-verbod \u2013 uw stem telt mee<\/legend><input type='hidden' name='__fluent_form_embded_post_id' value='3115' \/><input type=\"hidden\" id=\"_fluentform_9_fluentformnonce\" name=\"_fluentform_9_fluentformnonce\" value=\"7ccba53e0a\" \/><input type=\"hidden\" name=\"_wp_http_referer\" value=\"\/sv\/wp-json\/wp\/v2\/pages\/3115\" \/><div class='ff-el-group'><div class=\"ff-el-input--label ff-el-is-required asterisk-right\"><label   aria-label=\"Har TPO-f\u00f6rbudet skadat dig?\">Har TPO-f\u00f6rbudet skadat dig?<\/label><\/div><div class='ff-el-input--content'><div class='ff-el-form-check ff-el-form-check-'><label class='ff-el-form-check-label' for='tpo_schade_012f0fa1d83eaa11b6a1c9e6fb33d56f'><input  type=\"radio\" name=\"tpo_schade\" data-name=\"tpo_schade\" class=\"ff-el-form-check-input ff-el-form-check-radio\" value=\"ja\"  id='tpo_schade_012f0fa1d83eaa11b6a1c9e6fb33d56f' aria-label='Ja' aria-invalid='false' aria-required=true> <span>Ja<\/span><\/label><\/div><div class='ff-el-form-check ff-el-form-check-'><label class='ff-el-form-check-label' for='tpo_schade_6caba47475772aa7dccea88e1742f6a5'><input  type=\"radio\" name=\"tpo_schade\" data-name=\"tpo_schade\" class=\"ff-el-form-check-input ff-el-form-check-radio\" value=\"nee\"  id='tpo_schade_6caba47475772aa7dccea88e1742f6a5' aria-label='Nej' aria-invalid='false' aria-required=true> <span>Nej<\/span><\/label><\/div><\/div><\/div><div class='ff-el-group'><div class=\"ff-el-input--label asterisk-right\"><label for='ff_9_geschatte_kost' id='label_ff_9_geschatte_kost' aria-label=\"Om ja: vad \u00e4r den uppskattade kostnaden f\u00f6r ditt f\u00f6retag\/salong?\">Om ja: vad \u00e4r den uppskattade kostnaden f\u00f6r ditt f\u00f6retag\/salong?<\/label><\/div><div class='ff-el-input--content'><select name=\"geschatte_kost\" id=\"ff_9_geschatte_kost\" class=\"ff-el-form-control\" data-name=\"geschatte_kost\" data-calc_value=\"0\"  aria-invalid=\"false\" aria-required=\"false\" aria-labelledby=\"label_ff_9_geschatte_kost\"><option value=\"\">- V\u00e4lj -<\/option><option value=\"minder_dan_1000\"  >Mindre \u00e4n 1 000 \u20ac<\/option><option value=\"tussen_1000_5000\"  >Mellan 1 000 \u20ac och 5 000 \u20ac<\/option><option value=\"tussen_5000_20000\"  >Mellan 5 000 \u20ac och 20 000 \u20ac<\/option><option value=\"meer_dan_20000\"  >Mer \u00e4n 20 000 \u20ac<\/option><\/select><\/div><\/div><div class='ff-el-group'><div class=\"ff-el-input--label asterisk-right\"><label for='ff_9_toelichting' id='label_ff_9_toelichting' aria-label=\"Kan du ge en kort f\u00f6rklaring?\">Kan du ge en kort f\u00f6rklaring?<\/label><\/div><div class='ff-el-input--content'><textarea aria-required=\"false\" aria-labelledby=\"label_ff_9_toelichting\" name=\"toelichting\" id=\"ff_9_toelichting\" class=\"ff-el-form-control\" placeholder=\"t.ex. kasserade produkter, nya etiketter, f\u00f6rlorade kunder, ...\" rows=\"3\" cols=\"2\" data-name=\"toelichting\" ><\/textarea><\/div><\/div><div class='ff-el-group'><div class=\"ff-el-input--label asterisk-right\"><label   aria-label=\"Vill du att ditt vittnesm\u00e5l (anonymt eller med namn) anv\u00e4nds som exempel i v\u00e5rt \u00e4rende?\">Vill du att ditt vittnesm\u00e5l (anonymt eller med namn) anv\u00e4nds som exempel i v\u00e5rt \u00e4rende?<\/label><\/div><div class='ff-el-input--content'><div class='ff-el-form-check ff-el-form-check-'><label class='ff-el-form-check-label' for='getuigenis_gebruik_0018916eb8b6d57b6ce8b266f1635929'><input  type=\"radio\" name=\"getuigenis_gebruik\" data-name=\"getuigenis_gebruik\" class=\"ff-el-form-check-input ff-el-form-check-radio\" value=\"ja_met_naam\"  id='getuigenis_gebruik_0018916eb8b6d57b6ce8b266f1635929' aria-label='Ja, med mitt namn' aria-invalid='false' aria-required=false> <span>Ja, med mitt namn<\/span><\/label><\/div><div class='ff-el-form-check ff-el-form-check-'><label class='ff-el-form-check-label' for='getuigenis_gebruik_9b52828c2669718b8cb2438fdccc010d'><input  type=\"radio\" name=\"getuigenis_gebruik\" data-name=\"getuigenis_gebruik\" class=\"ff-el-form-check-input ff-el-form-check-radio\" value=\"ja_anoniem\"  id='getuigenis_gebruik_9b52828c2669718b8cb2438fdccc010d' aria-label='Ja, men anonymt' aria-invalid='false' aria-required=false> <span>Ja, men anonymt<\/span><\/label><\/div><div class='ff-el-form-check ff-el-form-check-'><label class='ff-el-form-check-label' for='getuigenis_gebruik_f2382a0317141eb496bb074cc8499f6a'><input  type=\"radio\" name=\"getuigenis_gebruik\" data-name=\"getuigenis_gebruik\" class=\"ff-el-form-check-input ff-el-form-check-radio\" value=\"nee\"  id='getuigenis_gebruik_f2382a0317141eb496bb074cc8499f6a' aria-label='Nej' aria-invalid='false' aria-required=false> <span>Nej<\/span><\/label><\/div><\/div><\/div><div class='ff-el-group'><div class=\"ff-el-input--label asterisk-right\"><label for='ff_9_naam_bedrijfsnaam' id='label_ff_9_naam_bedrijfsnaam' aria-label=\"Namn eller f\u00f6retagsnamn (valfritt)\">Namn eller f\u00f6retagsnamn (valfritt)<\/label><\/div><div class='ff-el-input--content'><input type=\"text\" name=\"naam_bedrijfsnaam\" class=\"ff-el-form-control\" data-name=\"naam_bedrijfsnaam\" id=\"ff_9_naam_bedrijfsnaam\"  aria-invalid=\"false\" aria-required=false><\/div><\/div><div class='ff-el-group'><div class=\"ff-el-input--label asterisk-right\"><label for='ff_9_emailadres' id='label_ff_9_emailadres' aria-label=\"E-postadress (f\u00f6r uppdateringar om \u00e4rendet - aldrig f\u00f6r kommersiella \u00e4ndam\u00e5l)\">E-postadress (f\u00f6r uppdateringar om \u00e4rendet - aldrig f\u00f6r kommersiella \u00e4ndam\u00e5l)<\/label><\/div><div class='ff-el-input--content'><input type=\"email\" name=\"emailadres\" id=\"ff_9_emailadres\" class=\"ff-el-form-control\" data-name=\"emailadres\"  aria-invalid=\"false\" aria-required=false><\/div><\/div><div class='ff-el-group  ff-custom_html' tabindex='-1' data-name=\"custom_html-9_1\" >Tack f\u00f6r ditt deltagande. Med ditt bidrag st\u00e4rker vi v\u00e5r kamp f\u00f6r r\u00e4ttvisa, proportionerliga och vetenskapligt grundade regler inom kosmetikasektorn. <\/div><div class='ff-el-group ff-text-left ff_submit_btn_wrapper'><button type=\"submit\" class=\"ff-btn ff-btn-submit ff-btn-md ff_btn_style\"  aria-label=\"Verstuur formulier\">Verstuur formulier<\/button><\/div><\/fieldset><\/form><div id='fluentform_9_errors' class='ff-errors-in-stack ff_form_instance_9_1 ff-form-loading_errors ff_form_instance_9_1_errors'><\/div><\/div>            <script type=\"text\/javascript\">\n                window.fluent_form_ff_form_instance_9_1 = {\"id\":\"9\",\"ajaxUrl\":\"https:\\\/\\\/www.tpo-eu.com\\\/wp-admin\\\/admin-ajax.php\",\"settings\":{\"layout\":{\"labelPlacement\":\"top\",\"asteriskPlacement\":\"asterisk-right\",\"helpMessagePlacement\":\"with_label\",\"errorMessagePlacement\":\"inline\",\"cssClassName\":\"\"},\"restrictions\":{\"denyEmptySubmission\":{\"enabled\":false}}},\"form_instance\":\"ff_form_instance_9_1\",\"form_id_selector\":\"fluentform_9\",\"rules\":{\"tpo_schade\":{\"required\":{\"value\":true,\"message\":\"This field is required\",\"global_message\":\"This field is required\",\"global\":true}},\"geschatte_kost\":{\"required\":{\"value\":false,\"message\":\"This field is required\",\"global_message\":\"This field is required\",\"global\":true}},\"toelichting\":{\"required\":{\"value\":false,\"message\":\"This field is required\",\"global_message\":\"This field is required\",\"global\":true}},\"getuigenis_gebruik\":{\"required\":{\"value\":false,\"message\":\"This field is required\",\"global_message\":\"This field is required\",\"global\":true}},\"naam_bedrijfsnaam\":{\"required\":{\"value\":false,\"message\":\"This field is required\",\"global_message\":\"This field is required\",\"global\":true}},\"emailadres\":{\"required\":{\"value\":false,\"message\":\"This field is required\",\"global_message\":\"This field is required\",\"global\":true},\"email\":{\"value\":true,\"message\":\"This field must contain a valid email\",\"global_message\":\"This field must contain a valid email\",\"global\":true}}},\"debounce_time\":300};\n                            <\/script>\n            \n<p>[\/et_pb_text][\/et_pb_column][\/et_pb_row][\/et_pb_section]<\/p>\n","protected":false},"excerpt":{"rendered":"<p>Tack vare ditt st\u00f6d har vi med \u00f6ver 10 000 underskrifter visat att branschen kraftfullt mots\u00e4tter sig det or\u00e4ttvisa f\u00f6rbudet mot TPO i kosmetika. Nu vill vi ocks\u00e5 visa de ekonomiska konsekvenserna av detta f\u00f6rbud. Med din hj\u00e4lp samlar vi in n\u00f6dv\u00e4ndiga siffror f\u00f6r att st\u00e4rka v\u00e5rt \u00e4rende hos myndigheterna, Europeiska kommissionen och Ombudsmannen. Dina [&hellip;]<\/p>\n","protected":false},"author":1,"featured_media":0,"parent":0,"menu_order":0,"comment_status":"closed","ping_status":"closed","template":"","meta":{"_et_pb_use_builder":"on","_et_pb_old_content":"","_et_gb_content_width":"","footnotes":""},"class_list":["post-3115","page","type-page","status-publish","hentry"],"_links":{"self":[{"href":"https:\/\/www.tpo-eu.com\/sv\/wp-json\/wp\/v2\/pages\/3115","targetHints":{"allow":["GET"]}}],"collection":[{"href":"https:\/\/www.tpo-eu.com\/sv\/wp-json\/wp\/v2\/pages"}],"about":[{"href":"https:\/\/www.tpo-eu.com\/sv\/wp-json\/wp\/v2\/types\/page"}],"author":[{"embeddable":true,"href":"https:\/\/www.tpo-eu.com\/sv\/wp-json\/wp\/v2\/users\/1"}],"replies":[{"embeddable":true,"href":"https:\/\/www.tpo-eu.com\/sv\/wp-json\/wp\/v2\/comments?post=3115"}],"version-history":[{"count":15,"href":"https:\/\/www.tpo-eu.com\/sv\/wp-json\/wp\/v2\/pages\/3115\/revisions"}],"predecessor-version":[{"id":3347,"href":"https:\/\/www.tpo-eu.com\/sv\/wp-json\/wp\/v2\/pages\/3115\/revisions\/3347"}],"wp:attachment":[{"href":"https:\/\/www.tpo-eu.com\/sv\/wp-json\/wp\/v2\/media?parent=3115"}],"curies":[{"name":"wp","href":"https:\/\/api.w.org\/{rel}","templated":true}]}}